{"id":3545,"date":"2019-01-11T10:29:03","date_gmt":"2019-01-11T09:29:03","guid":{"rendered":"https:\/\/www.rubiconex.com\/?page_id=3545"},"modified":"2019-01-11T10:34:26","modified_gmt":"2019-01-11T09:34:26","slug":"marches","status":"publish","type":"page","link":"https:\/\/www.rubiconex.com\/fr\/marches\/","title":{"rendered":"March\u00e9s"},"content":{"rendered":"<section  class=\"section swatch-red-white section-nopadding has-bottom \" ><div class=\"background-media\"><\/div><div class=\"background-overlay\" style=\"\"><\/div><div class=\"container\"><header class=\"section-header text-center no-underline\"><h1 class=\"headline super hairline\">Nos march\u00e9s de destination<\/h1><\/header><div class=\"row vertical-top\"><div class=\"col-md-12  text-default\" ><p class=\"lead text-center\"><\/p><\/div><\/div><\/div><div class=\"decor-bottom\"><svg class=\"decor\" height=\"100%\" preserveaspectratio=\"none\" version=\"1.1\" viewbox=\"0 0 100 100\" width=\"100%\" xmlns=\"http:\/\/www.w3.org\/2000\/svg\">\n  <path d=\"M0 100 L50 0 L100 100 L100 0 L0 0\" stroke-width=\"0\"><\/path>\n<\/svg>\n<\/div><\/section><section  class=\"section swatch-white-red section-short \" ><div class=\"background-media\"><\/div><div class=\"background-overlay\" style=\"\"><\/div><div class=\"container\"><div class=\"row vertical-top\"><div class=\"col-md-12  text-default\" ><div class=\"row \"><div class=\"col-md-12  text-default\" ><\/div><\/div><div class=\"row \"><div class=\"col-md-12  text-default\" ><\/div><\/div><div class=\"row \"><div class=\"col-md-3  text-default\" ><img decoding=\"async\" alt=\"\" src=\"https:\/\/www.rubiconex.com\/wp-content\/uploads\/2018\/03\/MERCATI-2-300x227.jpg\" class=\"alignnone\"\/><\/div><div class=\"col-md-9  text-left\" >[vc_empty_space]<p class=\"lead text-left\">RubiconEX op\u00e8re directement sur tous les march\u00e9s europ\u00e9ens, et se focalise particuli\u00e8rement sur les march\u00e9s de langue allemande:<\/p>\n<p>&#x1f4cd; Allemagne<br \/>\n&#x1f4cd; Autriche<br \/>\n&#x1f4cd; Suisse<br \/>\n(ce qu\u2019on appelle les march\u00e9s D-A-CH)<\/p><\/div><\/div><div class=\"col-md-12  text-default\" ><\/div><p class=\"lead text-left\">Nos Responsables Export internes g\u00e8rent leur travail en anglais, allemand, fran\u00e7ais, espagnol et russe et coordonnent l\u2019activit\u00e9 des Responsables Export de Zone, les agents externes qui op\u00e8rent avec un bureau sur place sur les march\u00e9s de:<\/p><div class=\"row \"><div class=\"col-md-4  text-default\" ><p class=\"lead text-left\">&#x1f4cd; Turquie<br \/>\n&#x1f4cd; Ex-r\u00e9publiques sovi\u00e9tiques<br \/>\n&#x1f4cd; Maroc et Tunisie<br \/>\n&#x1f4cd; Australie<br \/>\n&#x1f4cd; Br\u00e9sil<br \/>\n&#x1f4cd; USA<br \/>\n&#x1f4cd; Benelux<br \/>\n&#x1f4cd; Qatar et EA<\/p><\/div><div class=\"col-md-8  text-default\" ><img decoding=\"async\" alt=\"\" src=\"https:\/\/www.rubiconex.com\/wp-content\/uploads\/2018\/02\/Mappa.jpg\" class=\"aligncenter\"\/><\/div><\/div><div class=\"col-md-12  text-default\" ><\/div><hr><p><span style=\"color: #ff0000;\"> SERVICE CLIENT\u00c8LE \u00c9TRANGER <\/span><\/p>\n<p class=\"lead text-left\">Pour certains de nos clients nous offrons un service client\u00e8le \u00e9tranger, avec gestion des op\u00e9rations commerciales dans le monde entier, et qui garantit un service allant de la prise de contact avec le client potentiel jusqu\u2019\u00e0 l\u2019encaissement du paiement.<\/p><img decoding=\"async\" alt=\"\" src=\"https:\/\/www.rubiconex.com\/wp-content\/uploads\/2018\/02\/Cutomer-Service.jpg\" class=\"aligncenter\"\/><\/div><\/div><\/div><\/section><section  class=\"section swatch-white-red section-tiny footcontact\" ><div class=\"background-media\"><\/div><div class=\"background-overlay\" style=\"background-color:rgba(255,255,255,1)\"><\/div><div class=\"container\"><header class=\"section-header text-center no-underline\"><h1 class=\"headline  regular\">Do you want to export your products?<\/h1><p>As authentic, clear, and straight-to-the-point as it may be, written communication cannot replace face-to-face interaction and the insights it brings. If you are interested, and the situation of your company suggests so, get in touch! You can send us an email, call, or you can come and meet us at our headquarters in Lavis (Trento).<\/p><\/header><div class=\"row vertical-top\"><div class=\"col-md-2  text-default\" ><\/div><div class=\"col-md-8  text-center\" ><a href=\"\/contatti#form\" class=\"btn btn-link btn-lg \" target=\"_self\"><i class=\"fa fa-send\"><\/i> Write us<\/a><\/div><div class=\"col-md-2  text-default\" ><\/div><\/div><\/div><\/section><section  class=\"section swatch-white-red section-tiny \" ><div class=\"background-media\"><\/div><div class=\"background-overlay\" style=\"\"><\/div><div class=\"container\"><div class=\"row vertical-top\"><div class=\"col-md-12  text-default\" ><\/div><\/div><\/div><\/section>\n","protected":false},"excerpt":{"rendered":"Nos march\u00e9s de destination [vc_empty_space]RubiconEX op\u00e8re directement sur tous les march\u00e9s europ\u00e9ens, et se focalise particuli\u00e8rement sur les march\u00e9s de langue allemande: &#x1f4cd; Allemagne &#x1f4cd; Autriche &#x1f4cd; Suisse (ce qu\u2019on appelle les march\u00e9s D-A-CH)Nos Responsables Export internes g\u00e8rent leur travail en anglais, allemand, fran\u00e7ais, espagnol et russe et coordonnent l\u2019activit\u00e9 des Responsables Export de Zone,","protected":false},"author":5,"featured_media":0,"parent":0,"menu_order":0,"comment_status":"open","ping_status":"open","template":"","meta":{"inline_featured_image":false,"footnotes":""},"class_list":["post-3545","page","type-page","status-publish","hentry"],"_links":{"self":[{"href":"https:\/\/www.rubiconex.com\/fr\/wp-json\/wp\/v2\/pages\/3545","targetHints":{"allow":["GET"]}}],"collection":[{"href":"https:\/\/www.rubiconex.com\/fr\/wp-json\/wp\/v2\/pages"}],"about":[{"href":"https:\/\/www.rubiconex.com\/fr\/wp-json\/wp\/v2\/types\/page"}],"author":[{"embeddable":true,"href":"https:\/\/www.rubiconex.com\/fr\/wp-json\/wp\/v2\/users\/5"}],"replies":[{"embeddable":true,"href":"https:\/\/www.rubiconex.com\/fr\/wp-json\/wp\/v2\/comments?post=3545"}],"version-history":[{"count":0,"href":"https:\/\/www.rubiconex.com\/fr\/wp-json\/wp\/v2\/pages\/3545\/revisions"}],"wp:attachment":[{"href":"https:\/\/www.rubiconex.com\/fr\/wp-json\/wp\/v2\/media?parent=3545"}],"curies":[{"name":"wp","href":"https:\/\/api.w.org\/{rel}","templated":true}]}}