{"id":2115,"date":"2016-09-15T18:22:28","date_gmt":"2016-09-15T16:22:28","guid":{"rendered":"http:\/\/www.rubiconex.com\/fr\/servizi-rubiconex\/consulenza-area-tecnica\/"},"modified":"2017-09-08T09:20:06","modified_gmt":"2017-09-08T07:20:06","slug":"conseils-secteur-technique","status":"publish","type":"page","link":"https:\/\/www.rubiconex.com\/fr\/services-rendus\/conseils-secteur-technique\/","title":{"rendered":"Conseils Secteur Technique"},"content":{"rendered":"<section id=\"section-cat\" class=\"section swatch-red-white section-tiny has-bottom \" ><div class=\"background-media\"><\/div><div class=\"background-overlay\" style=\"\"><\/div><div class=\"container\"><div class=\"row vertical-middle\"><div class=\"col-md-3  text-default\" ><div class=\"box-wrap alignnone\" data-animation=\"none\"><div class=\"box-round box-big flat-shadow\"><div class=\"box-dummy\"><\/div><span class=\"box-inner\"><img decoding=\"async\" alt=\"\" src=\"https:\/\/www.rubiconex.com\/wp-content\/uploads\/2016\/09\/ICONA-SU-BIANCO-2-600x600.png\"\/><\/span><\/div><\/div><\/div><div class=\"col-md-9  text-default\" ><h1 class=\"bordered-header\"><span style=\"color: #000000;\">Conseils Secteur Technique<\/span><\/h1>\n<p class=\"lead\"><span style=\"color: #000000;\">NOUS RENFOR\u00c7ONS VOTRE ORGANISATION<\/span><\/p>\n<\/div><\/div><\/div><div class=\"decor-bottom\"><svg class=\"decor\" height=\"100%\" preserveaspectratio=\"none\" version=\"1.1\" viewbox=\"0 0 100 100\" width=\"100%\" xmlns=\"http:\/\/www.w3.org\/2000\/svg\">\n  <path d=\"M0 100 L100 0 L0 0\" stroke-width=\"0\"><\/path>\n<\/svg>\n<\/div><\/section><section  class=\"section swatch-white-red section-normal \" ><div class=\"background-media\"><\/div><div class=\"background-overlay\" style=\"\"><\/div><div class=\"container\"><div class=\"row vertical-top\"><div class=\"col-md-12  text-default\" ><p><b>ANALYSE<\/b><\/p>\n<ul>\n<li>\u00c9valuation organisation des processus d&rsquo;entreprise<\/li>\n<li>Identification intervention convenue avec l&rsquo;entreprise<\/li>\n<\/ul>\n<p><b>ELABORATION STRATEGIE<\/b><\/p>\n<ul>\n<li>D\u00e9finition plan d&rsquo;intervention<\/li>\n<li>D\u00e9finition m\u00e9thode et ressources disponibles<\/li>\n<\/ul>\n<p><b>GESTION DE PROJET<\/b><\/p>\n<ul>\n<li>Gestion coordonn\u00e9e des activit\u00e9s<\/li>\n<li>Gestion commandes internationales<\/li>\n<li>Contr\u00f4le de gestion<\/li>\n<li>Coordination outils informatiques<\/li>\n<\/ul>\n<p><b>CERTIFICATIONS<\/b><\/p>\n<ul>\n<li>Syst\u00e8me qualit\u00e9<\/li>\n<li>Certification de l&rsquo;entreprise<\/li>\n<li>Certification des produits<\/li>\n<\/ul>\n<p><b>PROTECTION PROPRIETE INTELLECTUELLE<\/b><\/p>\n<ul>\n<li>Analyse march\u00e9s de r\u00e9f\u00e9rence<\/li>\n<li>Brevets<\/li>\n<li>Marques<\/li>\n<\/ul>\n<p><b>DOCUMENTATION<\/b><\/p>\n<ul>\n<li>Pr\u00e9paration documentation technique<\/li>\n<li>Manuels<\/li>\n<li>Tarifs produits<\/li>\n<li>Coordination web<\/li>\n<\/ul>\n<p><b>GESTION DE LA CHAINE LOGISTIQUE<\/b><\/p>\n<ul>\n<li>Analyse<\/li>\n<li>D\u00e9veloppement<\/li>\n<li>Surveillance<\/li>\n<\/ul>\n<p><b>FORMATION ET ENCADREMENT<\/b><\/p>\n<\/div><\/div><\/div><\/section><section  class=\"section swatch-white-red section-tiny footcontact\" ><div class=\"background-media\"><\/div><div class=\"background-overlay\" style=\"background-color:rgba(255,255,255,1)\"><\/div><div class=\"container\"><header class=\"section-header text-center no-underline\"><h1 class=\"headline  light\">Vous recherchez un service de conseil technique ?<\/h1><\/header><div class=\"row vertical-top\"><div class=\"col-md-3  text-default\" ><\/div><div class=\"col-md-6  text-center\" ><a href=\"https:\/\/www.rubiconex.com\/fr\/contatti\/#form\" class=\"btn btn-link btn-lg \" target=\"_self\"><i class=\"fa fa-send\"><\/i> \u00c9crivez-nous<\/a><\/div><div class=\"col-md-3  text-default\" ><\/div><\/div><\/div><\/section><section  class=\"section swatch-white-red section-tiny \" ><div class=\"background-media\"><\/div><div class=\"background-overlay\" style=\"\"><\/div><div class=\"container\"><div class=\"row vertical-top\"><div class=\"col-md-12  text-default\" ><\/div><\/div><\/div><\/section>\n","protected":false},"excerpt":{"rendered":"Conseils Secteur Technique NOUS RENFOR\u00c7ONS VOTRE ORGANISATION ANALYSE \u00c9valuation organisation des processus d'entreprise Identification intervention convenue avec l'entreprise ELABORATION STRATEGIE D\u00e9finition plan d'intervention D\u00e9finition m\u00e9thode et ressources disponibles GESTION DE PROJET Gestion coordonn\u00e9e des activit\u00e9s Gestion commandes internationales Contr\u00f4le de gestion Coordination outils informatiques CERTIFICATIONS Syst\u00e8me qualit\u00e9 Certification de l'entreprise Certification des produits PROTECTION PROPRIETE","protected":false},"author":5,"featured_media":0,"parent":1657,"menu_order":6,"comment_status":"closed","ping_status":"closed","template":"","meta":{"inline_featured_image":false,"footnotes":""},"class_list":["post-2115","page","type-page","status-publish","hentry"],"_links":{"self":[{"href":"https:\/\/www.rubiconex.com\/fr\/wp-json\/wp\/v2\/pages\/2115","targetHints":{"allow":["GET"]}}],"collection":[{"href":"https:\/\/www.rubiconex.com\/fr\/wp-json\/wp\/v2\/pages"}],"about":[{"href":"https:\/\/www.rubiconex.com\/fr\/wp-json\/wp\/v2\/types\/page"}],"author":[{"embeddable":true,"href":"https:\/\/www.rubiconex.com\/fr\/wp-json\/wp\/v2\/users\/5"}],"replies":[{"embeddable":true,"href":"https:\/\/www.rubiconex.com\/fr\/wp-json\/wp\/v2\/comments?post=2115"}],"version-history":[{"count":0,"href":"https:\/\/www.rubiconex.com\/fr\/wp-json\/wp\/v2\/pages\/2115\/revisions"}],"up":[{"embeddable":true,"href":"https:\/\/www.rubiconex.com\/fr\/wp-json\/wp\/v2\/pages\/1657"}],"wp:attachment":[{"href":"https:\/\/www.rubiconex.com\/fr\/wp-json\/wp\/v2\/media?parent=2115"}],"curies":[{"name":"wp","href":"https:\/\/api.w.org\/{rel}","templated":true}]}}