{"id":1662,"date":"2014-11-02T12:42:59","date_gmt":"2014-11-02T11:42:59","guid":{"rendered":"http:\/\/www.rubiconex.com\/servizi-rubiconex\/gestione-area-import\/"},"modified":"2017-09-08T09:20:51","modified_gmt":"2017-09-08T07:20:51","slug":"gestion-departement-import","status":"publish","type":"page","link":"https:\/\/www.rubiconex.com\/fr\/services-rendus\/gestion-departement-import\/","title":{"rendered":"Gestion d\u00e9partement Import"},"content":{"rendered":"<section id=\"section-gai\" class=\"section swatch-red-white section-tiny has-bottom \" ><div class=\"background-media\"><\/div><div class=\"background-overlay\" style=\"\"><\/div><div class=\"container\"><div class=\"row vertical-middle\"><div class=\"col-md-3  text-default\" ><div class=\"box-wrap alignnone\" data-animation=\"none\"><div class=\"box-round box-big flat-shadow\"><div class=\"box-dummy\"><\/div><span class=\"box-inner\"><img decoding=\"async\" alt=\"\" src=\"https:\/\/www.rubiconex.com\/wp-content\/uploads\/2014\/11\/Gestione-Import-Gray-600x600.png\"\/><\/span><\/div><\/div><\/div><div class=\"col-md-9  text-default\" ><h1 class=\"bordered-header\"><span style=\"color: #ffffff;\">Gestion d\u00e9partement Import<\/span><\/h1>\n<p class=\"lead\"><span style=\"color: #ffffff;\">NOUS IMPORTONS POUR VOTRE ACTIVITE<\/span><\/p>\n<\/div><\/div><\/div><div class=\"decor-bottom\"><svg class=\"decor\" height=\"100%\" preserveaspectratio=\"none\" version=\"1.1\" viewbox=\"0 0 100 100\" width=\"100%\" xmlns=\"http:\/\/www.w3.org\/2000\/svg\">\n  <path d=\"M0 100 L100 0 L0 0\" stroke-width=\"0\"><\/path>\n<\/svg>\n<\/div><\/section><section  class=\"section swatch-white-red section-normal \" ><div class=\"background-media\"><\/div><div class=\"background-overlay\" style=\"\"><\/div><div class=\"container\"><div class=\"row vertical-top\"><div class=\"col-md-12  text-default\" ><p><b><strong>RECHERCHE DE FOURNISSEURS \u00c9TRANGERS<\/strong><\/b><\/p>\n<ul>\n<li>\u00c9valuation analytique des march\u00e9s de fourniture<\/li>\n<li>D\u00e9finition du profil des partenaires \u00e9trangers<\/li>\n<li>Recherche et s\u00e9lection des contacts<\/li>\n<\/ul>\n<p><b><strong>GESTION<\/strong><\/b><\/p>\n<ul>\n<li>Demande et \u00e9valuation des offres et conditions d&rsquo;achat<\/li>\n<li>Gestion de la fourniture<\/li>\n<li>Logistique internationale<\/li>\n<li>Paiements internationaux<\/li>\n<\/ul>\n<p><b><strong>ASSISTANCE<\/strong><\/b><\/p>\n<ul>\n<li>Audits externes vers des fournisseurs potentiels<\/li>\n<li>Linguistique<\/li>\n<li>\u00c9v\u00e9nements commerciaux<\/li>\n<li>Outcoming missions<\/li>\n<\/ul>\n<\/div><\/div><\/div><\/section><section  class=\"section swatch-white-red section-tiny footcontact\" ><div class=\"background-media\"><\/div><div class=\"background-overlay\" style=\"background-color:rgba(255,255,255,1)\"><\/div><div class=\"container\"><header class=\"section-header text-center no-underline\"><h1 class=\"headline  light\">Vous cherchez de nouveaux fournisseurs ?<\/h1><\/header><div class=\"row vertical-top\"><div class=\"col-md-3  text-default\" ><\/div><div class=\"col-md-6  text-center\" ><a href=\"https:\/\/www.rubiconex.com\/fr\/contatti\/#form\" class=\"btn btn-link btn-lg \" target=\"_self\"><i class=\"fa fa-send\"><\/i> \u00c9crivez-nous<\/a><\/div><div class=\"col-md-3  text-default\" ><\/div><\/div><\/div><\/section><section  class=\"section swatch-white-red section-tiny \" ><div class=\"background-media\"><\/div><div class=\"background-overlay\" style=\"\"><\/div><div class=\"container\"><div class=\"row vertical-top\"><div class=\"col-md-12  text-default\" ><\/div><\/div><\/div><\/section>\n","protected":false},"excerpt":{"rendered":"Gestion d\u00e9partement Import NOUS IMPORTONS POUR VOTRE ACTIVITE RECHERCHE DE FOURNISSEURS \u00c9TRANGERS \u00c9valuation analytique des march\u00e9s de fourniture D\u00e9finition du profil des partenaires \u00e9trangers Recherche et s\u00e9lection des contacts GESTION Demande et \u00e9valuation des offres et conditions d'achat Gestion de la fourniture Logistique internationale Paiements internationaux ASSISTANCE Audits externes vers des fournisseurs potentiels Linguistique \u00c9v\u00e9nements","protected":false},"author":5,"featured_media":0,"parent":1657,"menu_order":4,"comment_status":"closed","ping_status":"closed","template":"","meta":{"inline_featured_image":false,"footnotes":""},"class_list":["post-1662","page","type-page","status-publish","hentry"],"_links":{"self":[{"href":"https:\/\/www.rubiconex.com\/fr\/wp-json\/wp\/v2\/pages\/1662","targetHints":{"allow":["GET"]}}],"collection":[{"href":"https:\/\/www.rubiconex.com\/fr\/wp-json\/wp\/v2\/pages"}],"about":[{"href":"https:\/\/www.rubiconex.com\/fr\/wp-json\/wp\/v2\/types\/page"}],"author":[{"embeddable":true,"href":"https:\/\/www.rubiconex.com\/fr\/wp-json\/wp\/v2\/users\/5"}],"replies":[{"embeddable":true,"href":"https:\/\/www.rubiconex.com\/fr\/wp-json\/wp\/v2\/comments?post=1662"}],"version-history":[{"count":0,"href":"https:\/\/www.rubiconex.com\/fr\/wp-json\/wp\/v2\/pages\/1662\/revisions"}],"up":[{"embeddable":true,"href":"https:\/\/www.rubiconex.com\/fr\/wp-json\/wp\/v2\/pages\/1657"}],"wp:attachment":[{"href":"https:\/\/www.rubiconex.com\/fr\/wp-json\/wp\/v2\/media?parent=1662"}],"curies":[{"name":"wp","href":"https:\/\/api.w.org\/{rel}","templated":true}]}}