{"id":1661,"date":"2014-11-02T12:42:28","date_gmt":"2014-11-02T11:42:28","guid":{"rendered":"http:\/\/www.rubiconex.com\/servizi-rubiconex\/assistenza-area-export\/"},"modified":"2017-09-08T09:19:04","modified_gmt":"2017-09-08T07:19:04","slug":"assistance-departement-export","status":"publish","type":"page","link":"https:\/\/www.rubiconex.com\/fr\/services-rendus\/assistance-departement-export\/","title":{"rendered":"Assistance d\u00e9partement Export"},"content":{"rendered":"<section id=\"section-aae\" class=\"section swatch-red-white section-tiny has-bottom \" ><div class=\"background-media\"><\/div><div class=\"background-overlay\" style=\"\"><\/div><div class=\"container\"><div class=\"row vertical-middle\"><div class=\"col-md-3  text-default\" ><div class=\"box-wrap alignnone\" data-animation=\"none\"><div class=\"box-round box-big flat-shadow\"><div class=\"box-dummy\"><\/div><span class=\"box-inner\"><img decoding=\"async\" alt=\"\" src=\"https:\/\/www.rubiconex.com\/wp-content\/uploads\/2014\/11\/Assistenza-Export-Gray-600x600.png\"\/><\/span><\/div><\/div><\/div><div class=\"col-md-9  text-default\" ><h1 class=\"bordered-header\"><span style=\"color: #ffffff;\">Assistance d\u00e9partement Export<\/span><\/h1>\n<p class=\"lead\"><span style=\"color: #ffffff;\">NOUS FIGNOLONS VOTRE BUSINESS<\/span><\/p>\n<\/div><\/div><\/div><div class=\"decor-bottom\"><svg class=\"decor\" height=\"100%\" preserveaspectratio=\"none\" version=\"1.1\" viewbox=\"0 0 100 100\" width=\"100%\" xmlns=\"http:\/\/www.w3.org\/2000\/svg\">\n  <path d=\"M0 100 L100 0 L0 0\" stroke-width=\"0\"><\/path>\n<\/svg>\n<\/div><\/section><section  class=\"section swatch-white-red section-normal \" ><div class=\"background-media\"><\/div><div class=\"background-overlay\" style=\"\"><\/div><div class=\"container\"><div class=\"row vertical-top\"><div class=\"col-md-12  text-default\" ><p><b><strong>SERVICE CONSEIL D&rsquo;ENTREPRISE A L&rsquo;INTERNATIONAL<\/strong><\/b><\/p>\n<ul>\n<li>Strat\u00e9gie d&rsquo;entreprise export<\/li>\n<li>Analyse de march\u00e9<\/li>\n<li>Audits internes<\/li>\n<li>Contributions et financements<\/li>\n<\/ul>\n<p><b><strong>ECHANGES COORDONN\u00c9S EN COMMUNICATION<\/strong><\/b><\/p>\n<ul>\n<li>\u00c9valuation et coordination des outils de communication<\/li>\n<li>Site Web<\/li>\n<li>Catalogues et fiches<\/li>\n<li>Pr\u00e9sentations des entreprises<\/li>\n<li>M\u00e9dias sociaux<\/li>\n<li>Campagnes de promotion et newsletter<\/li>\n<\/ul>\n<p><b><strong>LINGUISTIQUE<\/strong><\/b><\/p>\n<ul>\n<li>Traductions professionnelles, commerciales, techniques<\/li>\n<li>Interpr\u00e9tariat de n\u00e9gociation<\/li>\n<\/ul>\n<p><b><strong>\u00c9V\u00c9NEMENTS COMMERCIAUX (foires, rencontres B2B, missions \u00e0 l&rsquo;\u00e9tranger, s\u00e9minaires)<\/strong><\/b><\/p>\n<ul>\n<li>Strat\u00e9gie et assistance organisationnelle<\/li>\n<li>Accompagnement \u00e0 l&rsquo;\u00e9v\u00e9nement<\/li>\n<li>Follow-up commercial<\/li>\n<\/ul>\n<p><b><strong>INCOMING MISSIONS<\/strong><\/b><\/p>\n<ul>\n<li>Organisation of company visits<\/li>\n<li>Support durant les audits externes<\/li>\n<\/ul>\n<p><b><strong>FORMATION<\/strong><\/b><\/p>\n<ul>\n<li>Formation en classes cibl\u00e9es sur les th\u00e8mes de l&rsquo;export et import<\/li>\n<li>Parcours aux c\u00f4t\u00e9s de l&rsquo;\u00e9quipe commerciale en entreprise<\/li>\n<li>Business English<\/li>\n<\/ul>\n<\/div><\/div><\/div><\/section><section  class=\"section swatch-white-red section-tiny footcontact\" ><div class=\"background-media\"><\/div><div class=\"background-overlay\" style=\"background-color:rgba(255,255,255,1)\"><\/div><div class=\"container\"><header class=\"section-header text-center no-underline\"><h1 class=\"headline  regular\">Besoin d'une aide sp\u00e9cifique ?<\/h1><\/header><div class=\"row vertical-top\"><div class=\"col-md-3  text-default\" ><\/div><div class=\"col-md-6  text-center\" ><a href=\"https:\/\/www.rubiconex.com\/fr\/contatti\/#form\" class=\"btn btn-link btn-lg \" target=\"_self\"><i class=\"fa fa-send\"><\/i> \u00c9crivez-nous<\/a><\/div><div class=\"col-md-3  text-default\" ><\/div><\/div><\/div><\/section><section  class=\"section swatch-white-red section-tiny \" ><div class=\"background-media\"><\/div><div class=\"background-overlay\" style=\"\"><\/div><div class=\"container\"><div class=\"row vertical-top\"><div class=\"col-md-12  text-default\" ><\/div><\/div><\/div><\/section>\n","protected":false},"excerpt":{"rendered":"Assistance d\u00e9partement Export NOUS FIGNOLONS VOTRE BUSINESS SERVICE CONSEIL D'ENTREPRISE A L'INTERNATIONAL Strat\u00e9gie d'entreprise export Analyse de march\u00e9 Audits internes Contributions et financements ECHANGES COORDONN\u00c9S EN COMMUNICATION \u00c9valuation et coordination des outils de communication Site Web Catalogues et fiches Pr\u00e9sentations des entreprises M\u00e9dias sociaux Campagnes de promotion et newsletter LINGUISTIQUE Traductions professionnelles, commerciales, techniques Interpr\u00e9tariat","protected":false},"author":5,"featured_media":0,"parent":1657,"menu_order":3,"comment_status":"closed","ping_status":"closed","template":"","meta":{"inline_featured_image":false,"footnotes":""},"class_list":["post-1661","page","type-page","status-publish","hentry"],"_links":{"self":[{"href":"https:\/\/www.rubiconex.com\/fr\/wp-json\/wp\/v2\/pages\/1661","targetHints":{"allow":["GET"]}}],"collection":[{"href":"https:\/\/www.rubiconex.com\/fr\/wp-json\/wp\/v2\/pages"}],"about":[{"href":"https:\/\/www.rubiconex.com\/fr\/wp-json\/wp\/v2\/types\/page"}],"author":[{"embeddable":true,"href":"https:\/\/www.rubiconex.com\/fr\/wp-json\/wp\/v2\/users\/5"}],"replies":[{"embeddable":true,"href":"https:\/\/www.rubiconex.com\/fr\/wp-json\/wp\/v2\/comments?post=1661"}],"version-history":[{"count":0,"href":"https:\/\/www.rubiconex.com\/fr\/wp-json\/wp\/v2\/pages\/1661\/revisions"}],"up":[{"embeddable":true,"href":"https:\/\/www.rubiconex.com\/fr\/wp-json\/wp\/v2\/pages\/1657"}],"wp:attachment":[{"href":"https:\/\/www.rubiconex.com\/fr\/wp-json\/wp\/v2\/media?parent=1661"}],"curies":[{"name":"wp","href":"https:\/\/api.w.org\/{rel}","templated":true}]}}