{"id":1660,"date":"2014-11-02T12:42:06","date_gmt":"2014-11-02T11:42:06","guid":{"rendered":"http:\/\/www.rubiconex.com\/servizi-rubiconex\/gestione-area-export\/"},"modified":"2017-09-08T09:18:11","modified_gmt":"2017-09-08T07:18:11","slug":"gestion-departement-export","status":"publish","type":"page","link":"https:\/\/www.rubiconex.com\/fr\/services-rendus\/gestion-departement-export\/","title":{"rendered":"Gestion d\u00e9partement Export"},"content":{"rendered":"<section id=\"section-gae\" class=\"section swatch-red-white section-tiny has-bottom \" ><div class=\"background-media\"><\/div><div class=\"background-overlay\" style=\"\"><\/div><div class=\"container\"><div class=\"row vertical-middle\"><div class=\"col-md-3  text-default\" ><div class=\"box-wrap alignnone\" data-animation=\"none\"><div class=\"box-round box-big flat-shadow\"><div class=\"box-dummy\"><\/div><span class=\"box-inner\"><img decoding=\"async\" alt=\"\" src=\"https:\/\/www.rubiconex.com\/wp-content\/uploads\/2014\/11\/Gestione-Export-Gray-600x600.png\"\/><\/span><\/div><\/div><\/div><div class=\"col-md-9  text-default\" ><h1 class=\"bordered-header\"><span style=\"color: #6d6e70;\">Gestion d\u00e9partement Export<\/span><\/h1>\n<p class=\"lead\"><span style=\"color: #6d6e70;\">NOUS VALORISONS VOTRE OFFRE<\/span><\/p>\n<\/div><\/div><\/div><div class=\"decor-bottom\"><svg class=\"decor\" height=\"100%\" preserveaspectratio=\"none\" version=\"1.1\" viewbox=\"0 0 100 100\" width=\"100%\" xmlns=\"http:\/\/www.w3.org\/2000\/svg\">\n  <path d=\"M0 100 L100 0 L0 0\" stroke-width=\"0\"><\/path>\n<\/svg>\n<\/div><\/section><section  class=\"section swatch-white-red section-normal \" ><div class=\"background-media\"><\/div><div class=\"background-overlay\" style=\"\"><\/div><div class=\"container\"><div class=\"row vertical-top\"><div class=\"col-md-12  text-default\" ><p><b><strong>PHASE DE PR\u00c9-VENTE<\/strong><\/b><\/p>\n<ul>\n<li>\u00c9laboration de l&rsquo;offre<\/li>\n<li>R\u00e9daction des listes de prix<\/li>\n<li>\u00c9valuation des conditions de vente et des contrats<\/li>\n<li>Gestion active de la proposition commerciale \u00e0 travers pressing et forcing<\/li>\n<li>Soin de la relation avec le client<\/li>\n<\/ul>\n<p><b><strong>GESTION DES COMMANDES<\/strong><\/b><\/p>\n<ul>\n<li>Prise en charge de la commande<\/li>\n<li>Logistique internationale<\/li>\n<li>Outils de paiement internationaux<\/li>\n<\/ul>\n<p><b><strong>ASSISTANCE APR\u00c8S-VENTE<\/strong><\/b><\/p>\n<ul>\n<li>Service Client\u00e8le<\/li>\n<li>Garanties et assistance technique<\/li>\n<\/ul>\n<\/div><\/div><\/div><\/section><section  class=\"section swatch-white-red section-tiny footcontact\" ><div class=\"background-media\"><\/div><div class=\"background-overlay\" style=\"background-color:rgba(255,255,255,1)\"><\/div><div class=\"container\"><header class=\"section-header text-center no-underline\"><h1 class=\"headline  light\">Besoin d'aide pour la gestion ?<\/h1><\/header><div class=\"row vertical-top\"><div class=\"col-md-3  text-default\" ><\/div><div class=\"col-md-6  text-center\" ><a href=\"https:\/\/www.rubiconex.com\/fr\/contatti\/#form\" class=\"btn btn-link btn-lg \" target=\"_self\"><i class=\"fa fa-send\"><\/i> \u00c9crivez-nous<\/a><\/div><div class=\"col-md-3  text-default\" ><\/div><\/div><\/div><\/section><section  class=\"section swatch-white-red section-tiny \" ><div class=\"background-media\"><\/div><div class=\"background-overlay\" style=\"\"><\/div><div class=\"container\"><div class=\"row vertical-top\"><div class=\"col-md-12  text-default\" ><\/div><\/div><\/div><\/section>\n","protected":false},"excerpt":{"rendered":"Gestion d\u00e9partement Export NOUS VALORISONS VOTRE OFFRE PHASE DE PR\u00c9-VENTE \u00c9laboration de l'offre R\u00e9daction des listes de prix \u00c9valuation des conditions de vente et des contrats Gestion active de la proposition commerciale \u00e0 travers pressing et forcing Soin de la relation avec le client GESTION DES COMMANDES Prise en charge de la commande Logistique internationale","protected":false},"author":5,"featured_media":0,"parent":1657,"menu_order":2,"comment_status":"closed","ping_status":"closed","template":"","meta":{"inline_featured_image":false,"footnotes":""},"class_list":["post-1660","page","type-page","status-publish","hentry"],"_links":{"self":[{"href":"https:\/\/www.rubiconex.com\/fr\/wp-json\/wp\/v2\/pages\/1660","targetHints":{"allow":["GET"]}}],"collection":[{"href":"https:\/\/www.rubiconex.com\/fr\/wp-json\/wp\/v2\/pages"}],"about":[{"href":"https:\/\/www.rubiconex.com\/fr\/wp-json\/wp\/v2\/types\/page"}],"author":[{"embeddable":true,"href":"https:\/\/www.rubiconex.com\/fr\/wp-json\/wp\/v2\/users\/5"}],"replies":[{"embeddable":true,"href":"https:\/\/www.rubiconex.com\/fr\/wp-json\/wp\/v2\/comments?post=1660"}],"version-history":[{"count":0,"href":"https:\/\/www.rubiconex.com\/fr\/wp-json\/wp\/v2\/pages\/1660\/revisions"}],"up":[{"embeddable":true,"href":"https:\/\/www.rubiconex.com\/fr\/wp-json\/wp\/v2\/pages\/1657"}],"wp:attachment":[{"href":"https:\/\/www.rubiconex.com\/fr\/wp-json\/wp\/v2\/media?parent=1660"}],"curies":[{"name":"wp","href":"https:\/\/api.w.org\/{rel}","templated":true}]}}