{"id":1659,"date":"2014-11-02T12:41:18","date_gmt":"2014-11-02T11:41:18","guid":{"rendered":"http:\/\/www.rubiconex.com\/servizi-rubiconex\/sviluppo-area-export\/"},"modified":"2017-09-08T09:17:18","modified_gmt":"2017-09-08T07:17:18","slug":"developpement-departement-export","status":"publish","type":"page","link":"https:\/\/www.rubiconex.com\/fr\/services-rendus\/developpement-departement-export\/","title":{"rendered":"D\u00e9veloppement d\u00e9partement Export"},"content":{"rendered":"<section id=\"section-sae\" class=\"section swatch-red-white section-tiny has-bottom \" ><div class=\"background-media\"><\/div><div class=\"background-overlay\" style=\"\"><\/div><div class=\"container\"><div class=\"row vertical-middle\"><div class=\"col-md-3  text-default\" ><div class=\"box-wrap alignnone\" data-animation=\"none\"><div class=\"box-round box-big flat-shadow\"><div class=\"box-dummy\"><\/div><span class=\"box-inner\"><img decoding=\"async\" alt=\"\" src=\"https:\/\/www.rubiconex.com\/wp-content\/uploads\/2014\/11\/Sviluppo-Export-Gray-600x600.png\"\/><\/span><\/div><\/div><\/div><div class=\"col-md-9  text-default\" ><h1><span style=\"color: #ffffff;\"><strong>D\u00e9veloppement d\u00e9partement Export<\/strong><\/span><\/h1>\n<p class=\"lead\"><span style=\"color: #ffffff;\">NOUS APPROFONDISSONS VOS OPPORTUNIT\u00c9S ET VOS POSSIBILITES<\/span><\/p>\n<\/div><\/div><\/div><div class=\"decor-bottom\"><svg class=\"decor\" height=\"100%\" preserveaspectratio=\"none\" version=\"1.1\" viewbox=\"0 0 100 100\" width=\"100%\" xmlns=\"http:\/\/www.w3.org\/2000\/svg\">\n  <path d=\"M0 100 L100 0 L0 0\" stroke-width=\"0\"><\/path>\n<\/svg>\n<\/div><\/section><section  class=\"section swatch-white-red section-normal \" ><div class=\"background-media\"><\/div><div class=\"background-overlay\" style=\"\"><\/div><div class=\"container\"><div class=\"row vertical-top\"><div class=\"col-md-12  text-default\" ><p><b>CHECK UP DE L&rsquo;ENTREPRISE<\/b><\/p>\n<ul>\n<li>Contr\u00f4le des outils de marketing existants pour la promotion sur les march\u00e9s \u00e9trangers<\/li>\n<li>Contr\u00f4le des ressources humaines au sein de l&rsquo;entreprise, destin\u00e9es \u00e0 l&rsquo;export<\/li>\n<li>Contr\u00f4le et s\u00e9lection des produits \u00e0 exporter<\/li>\n<\/ul>\n<p><b>MARCH\u00c9S \u00c9TRANGERS<\/b><\/p>\n<ul>\n<li>Contr\u00f4le des march\u00e9s de r\u00e9f\u00e9rence<\/li>\n<li>Analyse des flux de march\u00e9<\/li>\n<li>\u00c9valuation analytique du march\u00e9<\/li>\n<\/ul>\n<p><b>RECHERCHE DE PARTENAIRES \u00c9TRANGERS<\/b><\/p>\n<ul>\n<li>Identikit et profil du \u00ab\u00a0partenaire id\u00e9al\u00a0\u00bb<\/li>\n<li>Identification des cat\u00e9gories de produits \u00e0 rechercher<\/li>\n<li>Cr\u00e9ation de bases de donn\u00e9es s\u00e9lectionn\u00e9es<\/li>\n<\/ul>\n<p><b>D\u00c9VELOPPEMENT DES CONTACTS<\/b><\/p>\n<ul>\n<li>Activation des contacts<\/li>\n<li>Traitement et gestion des demandes<\/li>\n<li>Organisation des rencontres B2B<\/li>\n<li>Adaptation constante de l&rsquo;action<\/li>\n<li>Rapports p\u00e9riodiques<\/li>\n<\/ul>\n<p><b>AGENTS<\/b><\/p>\n<ul>\n<li>Recherche et s\u00e9lection des agents<\/li>\n<li>Cr\u00e9ation du r\u00e9seau de vente<\/li>\n<\/ul>\n<\/div><\/div><\/div><\/section><section  class=\"section swatch-white-red section-tiny footcontact\" ><div class=\"background-media\"><\/div><div class=\"background-overlay\" style=\"background-color:rgba(255,255,255,1)\"><\/div><div class=\"container\"><header class=\"section-header text-center no-underline\"><h1 class=\"headline  regular\">Vous recherchez de nouveaux march\u00e9s ?<\/h1><\/header><div class=\"row vertical-top\"><div class=\"col-md-3  text-default\" ><\/div><div class=\"col-md-6  text-center\" ><a href=\"https:\/\/www.rubiconex.com\/fr\/contatti\/#form\" class=\"btn btn-link btn-lg \" target=\"_self\"><i class=\"fa fa-send\"><\/i> \u00c9crivez-nous<\/a><\/div><div class=\"col-md-3  text-default\" ><\/div><\/div><\/div><\/section><section  class=\"section swatch-white-red section-tiny \" ><div class=\"background-media\"><\/div><div class=\"background-overlay\" style=\"\"><\/div><div class=\"container\"><div class=\"row vertical-top\"><div class=\"col-md-12  text-default\" ><\/div><\/div><\/div><\/section>\n","protected":false},"excerpt":{"rendered":"D\u00e9veloppement d\u00e9partement Export NOUS APPROFONDISSONS VOS OPPORTUNIT\u00c9S ET VOS POSSIBILITES CHECK UP DE L'ENTREPRISE Contr\u00f4le des outils de marketing existants pour la promotion sur les march\u00e9s \u00e9trangers Contr\u00f4le des ressources humaines au sein de l'entreprise, destin\u00e9es \u00e0 l'export Contr\u00f4le et s\u00e9lection des produits \u00e0 exporter MARCH\u00c9S \u00c9TRANGERS Contr\u00f4le des march\u00e9s de r\u00e9f\u00e9rence Analyse des flux","protected":false},"author":5,"featured_media":0,"parent":1657,"menu_order":1,"comment_status":"closed","ping_status":"closed","template":"","meta":{"inline_featured_image":false,"footnotes":""},"class_list":["post-1659","page","type-page","status-publish","hentry"],"_links":{"self":[{"href":"https:\/\/www.rubiconex.com\/fr\/wp-json\/wp\/v2\/pages\/1659","targetHints":{"allow":["GET"]}}],"collection":[{"href":"https:\/\/www.rubiconex.com\/fr\/wp-json\/wp\/v2\/pages"}],"about":[{"href":"https:\/\/www.rubiconex.com\/fr\/wp-json\/wp\/v2\/types\/page"}],"author":[{"embeddable":true,"href":"https:\/\/www.rubiconex.com\/fr\/wp-json\/wp\/v2\/users\/5"}],"replies":[{"embeddable":true,"href":"https:\/\/www.rubiconex.com\/fr\/wp-json\/wp\/v2\/comments?post=1659"}],"version-history":[{"count":0,"href":"https:\/\/www.rubiconex.com\/fr\/wp-json\/wp\/v2\/pages\/1659\/revisions"}],"up":[{"embeddable":true,"href":"https:\/\/www.rubiconex.com\/fr\/wp-json\/wp\/v2\/pages\/1657"}],"wp:attachment":[{"href":"https:\/\/www.rubiconex.com\/fr\/wp-json\/wp\/v2\/media?parent=1659"}],"curies":[{"name":"wp","href":"https:\/\/api.w.org\/{rel}","templated":true}]}}