{"id":1658,"date":"2014-11-02T12:38:37","date_gmt":"2014-11-02T11:38:37","guid":{"rendered":"http:\/\/www.rubiconex.com\/servizi-rubiconex\/panoramica-servizi\/"},"modified":"2017-09-08T09:16:28","modified_gmt":"2017-09-08T07:16:28","slug":"apercu","status":"publish","type":"page","link":"https:\/\/www.rubiconex.com\/fr\/services-rendus\/apercu\/","title":{"rendered":"Aper\u00e7u"},"content":{"rendered":"<section  class=\"section swatch-red-white section-short has-bottom \" ><div class=\"background-media\"><\/div><div class=\"background-overlay\" style=\"\"><\/div><div class=\"container\"><header class=\"section-header text-center no-underline\"><h1 class=\"headline super hairline\">Votre bureau Export en outsourcing<\/h1><\/header><div class=\"row vertical-middle\"><div class=\"col-md-12  text-default\" ><\/div><\/div><\/div><div class=\"decor-bottom\"><svg class=\"decor\" height=\"100%\" preserveaspectratio=\"none\" version=\"1.1\" viewbox=\"0 0 100 100\" width=\"100%\" xmlns=\"http:\/\/www.w3.org\/2000\/svg\">\n  <path d=\"M0 100 L50 0 L100 100 L100 0 L0 0\" stroke-width=\"0\"><\/path>\n<\/svg>\n<\/div><\/section><section  class=\"section swatch-white-red section-normal \" ><div class=\"background-media\"><\/div><div class=\"background-overlay\" style=\"\"><\/div><div class=\"container\"><header class=\"section-header text-center underline\"><p>Aux c\u00f4t\u00e9s de notre \u00e9quipe, nous organisons le d\u00e9veloppement de l'export, \u00e0 partir de la phase pr\u00e9paratoire jusqu'\u00e0 identifier et entretenir les contacts, ainsi que toutes les activit\u00e9s de gestion. D\u00e9couvrez dans le d\u00e9tail nos 5 d\u00e9partements d'intervention.<\/p><\/header><div class=\"row vertical-top\"><div class=\"col-md-12  text-default\" ><ul class=\"list-unstyled vertical-icon-border box-list\">\n    <li class=\"row\">\n                    <div class=\"col-md-3\">\n                <div class=\"box-round box-normal\"><div class=\"box-dummy\"><\/div><a class=\"box-inner\" href=\"https:\/\/www.rubiconex.com\/fr\/services-rendus\/gestion-departement-import\/\" target=\"_self\"><img decoding=\"async\" width=\"256\" height=\"256\" src=\"https:\/\/www.rubiconex.com\/wp-content\/uploads\/2014\/11\/Icon-Import.png\" class=\"img-circle wp-post-image\" alt=\"\" data-animation=\"wobble\" srcset=\"https:\/\/www.rubiconex.com\/wp-content\/uploads\/2014\/11\/Icon-Import.png 256w, https:\/\/www.rubiconex.com\/wp-content\/uploads\/2014\/11\/Icon-Import-150x150.png 150w, https:\/\/www.rubiconex.com\/wp-content\/uploads\/2014\/11\/Icon-Import-90x90.png 90w\" sizes=\"(max-width: 256px) 100vw, 256px\" \/><\/a><\/div>            <\/div>\n            <div class=\"col-md-9\">\n                            <h2 class=\"bordered-header small-screen-center\">\n                            <a href=\"https:\/\/www.rubiconex.com\/fr\/services-rendus\/gestion-departement-import\/\" target=\"_self\" >\n                            Gestion d\u00e9partement Import                            <\/a>\n                        <\/h2>\n                            <p class=\"text-left\">\n            Recherche et gestion de fournisseurs \u00e9trangers            <\/p>\n                        <\/div>\n    <\/li>\n    <li class=\"row\">\n                    <div class=\"col-md-3\">\n                <div class=\"box-round box-normal\"><div class=\"box-dummy\"><\/div><a class=\"box-inner\" href=\"https:\/\/www.rubiconex.com\/fr\/services-rendus\/assistance-departement-export\/\" target=\"_self\"><img decoding=\"async\" width=\"256\" height=\"256\" src=\"https:\/\/www.rubiconex.com\/wp-content\/uploads\/2014\/11\/Icon-Assistenza.png\" class=\"img-circle wp-post-image\" alt=\"Assistenza\" data-animation=\"wobble\" srcset=\"https:\/\/www.rubiconex.com\/wp-content\/uploads\/2014\/11\/Icon-Assistenza.png 256w, https:\/\/www.rubiconex.com\/wp-content\/uploads\/2014\/11\/Icon-Assistenza-150x150.png 150w, https:\/\/www.rubiconex.com\/wp-content\/uploads\/2014\/11\/Icon-Assistenza-90x90.png 90w\" sizes=\"(max-width: 256px) 100vw, 256px\" \/><\/a><\/div>            <\/div>\n            <div class=\"col-md-9\">\n                            <h2 class=\"bordered-header small-screen-center\">\n                            <a href=\"https:\/\/www.rubiconex.com\/fr\/services-rendus\/assistance-departement-export\/\" target=\"_self\" >\n                            Assistance d\u00e9partement Export                            <\/a>\n                        <\/h2>\n                            <p class=\"text-left\">\n            Services compl\u00e9mentaires et assistance sp\u00e9cifique            <\/p>\n                        <\/div>\n    <\/li>\n    <li class=\"row\">\n                    <div class=\"col-md-3\">\n                <div class=\"box-round box-normal\"><div class=\"box-dummy\"><\/div><a class=\"box-inner\" href=\"https:\/\/www.rubiconex.com\/fr\/services-rendus\/gestion-departement-export\/\" target=\"_self\"><img decoding=\"async\" width=\"256\" height=\"256\" src=\"https:\/\/www.rubiconex.com\/wp-content\/uploads\/2014\/11\/Icon-Gestione.png\" class=\"img-circle wp-post-image\" alt=\"\" data-animation=\"wobble\" srcset=\"https:\/\/www.rubiconex.com\/wp-content\/uploads\/2014\/11\/Icon-Gestione.png 256w, https:\/\/www.rubiconex.com\/wp-content\/uploads\/2014\/11\/Icon-Gestione-150x150.png 150w, https:\/\/www.rubiconex.com\/wp-content\/uploads\/2014\/11\/Icon-Gestione-90x90.png 90w\" sizes=\"(max-width: 256px) 100vw, 256px\" \/><\/a><\/div>            <\/div>\n            <div class=\"col-md-9\">\n                            <h2 class=\"bordered-header small-screen-center\">\n                            <a href=\"https:\/\/www.rubiconex.com\/fr\/services-rendus\/gestion-departement-export\/\" target=\"_self\" >\n                            Gestion d\u00e9partement Export                            <\/a>\n                        <\/h2>\n                            <p class=\"text-left\">\n            Gestion quotidienne de vos contacts \u00e9trangers            <\/p>\n                        <\/div>\n    <\/li>\n    <li class=\"row\">\n                    <div class=\"col-md-3\">\n                <div class=\"box-round box-normal\"><div class=\"box-dummy\"><\/div><a class=\"box-inner\" href=\"https:\/\/www.rubiconex.com\/fr\/services-rendus\/developpement-departement-export\/\" target=\"_self\"><img decoding=\"async\" width=\"256\" height=\"256\" src=\"https:\/\/www.rubiconex.com\/wp-content\/uploads\/2014\/11\/Icon-Sviluppo.png\" class=\"img-circle wp-post-image\" alt=\"\" data-animation=\"wobble\" srcset=\"https:\/\/www.rubiconex.com\/wp-content\/uploads\/2014\/11\/Icon-Sviluppo.png 256w, https:\/\/www.rubiconex.com\/wp-content\/uploads\/2014\/11\/Icon-Sviluppo-150x150.png 150w, https:\/\/www.rubiconex.com\/wp-content\/uploads\/2014\/11\/Icon-Sviluppo-90x90.png 90w\" sizes=\"(max-width: 256px) 100vw, 256px\" \/><\/a><\/div>            <\/div>\n            <div class=\"col-md-9\">\n                            <h2 class=\"bordered-header small-screen-center\">\n                            <a href=\"https:\/\/www.rubiconex.com\/fr\/services-rendus\/developpement-departement-export\/\" target=\"_self\" >\n                            D\u00e9veloppement d\u00e9partement Export                            <\/a>\n                        <\/h2>\n                            <p class=\"text-left\">\n            S\u00e9lection des nouveaux march\u00e9s et recherche de partenaires            <\/p>\n                        <\/div>\n    <\/li>\n    <li class=\"row\">\n                    <div class=\"col-md-3\">\n                <div class=\"box-round box-normal\"><div class=\"box-dummy\"><\/div><a class=\"box-inner\" href=\"https:\/\/www.rubiconex.com\/fr\/services-rendus\/conseils-secteur-technique\/\" target=\"_self\"><img decoding=\"async\" width=\"600\" height=\"600\" src=\"https:\/\/www.rubiconex.com\/wp-content\/uploads\/2016\/09\/AREA-TECNICA-ICONA-2-600x600.png\" class=\"img-circle wp-post-image\" alt=\"\" data-animation=\"wobble\" srcset=\"https:\/\/www.rubiconex.com\/wp-content\/uploads\/2016\/09\/AREA-TECNICA-ICONA-2-600x600.png 600w, https:\/\/www.rubiconex.com\/wp-content\/uploads\/2016\/09\/AREA-TECNICA-ICONA-2-150x150.png 150w, https:\/\/www.rubiconex.com\/wp-content\/uploads\/2016\/09\/AREA-TECNICA-ICONA-2-300x300.png 300w\" sizes=\"(max-width: 600px) 100vw, 600px\" \/><\/a><\/div>            <\/div>\n            <div class=\"col-md-9\">\n                            <h2 class=\"bordered-header small-screen-center\">\n                            <a href=\"https:\/\/www.rubiconex.com\/fr\/services-rendus\/conseils-secteur-technique\/\" target=\"_self\" >\n                            Conseils Secteur Technique                            <\/a>\n                        <\/h2>\n                            <p class=\"text-left\">\n            Nous renfor\u00e7ons votre organisation            <\/p>\n                        <\/div>\n    <\/li>\n<\/ul>\n<\/div><\/div><\/div><\/section><section  class=\"section swatch-white-red section-tiny footcontact\" ><div class=\"background-media\"><\/div><div class=\"background-overlay\" style=\"background-color:rgba(255,255,255,1)\"><\/div><div class=\"container\"><header class=\"section-header text-center no-underline\"><h1 class=\"headline  regular\">Vous souhaitez exporter ?<\/h1><\/header><div class=\"row vertical-top\"><div class=\"col-md-3  text-default\" ><\/div><div class=\"col-md-6  text-center\" ><a href=\"https:\/\/www.rubiconex.com\/fr\/contatti\/#form\" class=\"btn btn-link btn-lg \" target=\"_self\"><i class=\"fa fa-send\"><\/i> \u00c9crivez-nous<\/a><\/div><div class=\"col-md-3  text-default\" ><\/div><\/div><\/div><\/section><section  class=\"section swatch-white-red section-tiny \" ><div class=\"background-media\"><\/div><div class=\"background-overlay\" style=\"\"><\/div><div class=\"container\"><div class=\"row vertical-top\"><div class=\"col-md-12  text-default\" ><\/div><\/div><\/div><\/section>\n","protected":false},"excerpt":{"rendered":"Nous renfor\u00e7ons votre organisation","protected":false},"author":5,"featured_media":0,"parent":1657,"menu_order":0,"comment_status":"closed","ping_status":"closed","template":"","meta":{"inline_featured_image":false,"footnotes":""},"class_list":["post-1658","page","type-page","status-publish","hentry"],"_links":{"self":[{"href":"https:\/\/www.rubiconex.com\/fr\/wp-json\/wp\/v2\/pages\/1658","targetHints":{"allow":["GET"]}}],"collection":[{"href":"https:\/\/www.rubiconex.com\/fr\/wp-json\/wp\/v2\/pages"}],"about":[{"href":"https:\/\/www.rubiconex.com\/fr\/wp-json\/wp\/v2\/types\/page"}],"author":[{"embeddable":true,"href":"https:\/\/www.rubiconex.com\/fr\/wp-json\/wp\/v2\/users\/5"}],"replies":[{"embeddable":true,"href":"https:\/\/www.rubiconex.com\/fr\/wp-json\/wp\/v2\/comments?post=1658"}],"version-history":[{"count":0,"href":"https:\/\/www.rubiconex.com\/fr\/wp-json\/wp\/v2\/pages\/1658\/revisions"}],"up":[{"embeddable":true,"href":"https:\/\/www.rubiconex.com\/fr\/wp-json\/wp\/v2\/pages\/1657"}],"wp:attachment":[{"href":"https:\/\/www.rubiconex.com\/fr\/wp-json\/wp\/v2\/media?parent=1658"}],"curies":[{"name":"wp","href":"https:\/\/api.w.org\/{rel}","templated":true}]}}