{"id":1656,"date":"2014-11-24T00:58:39","date_gmt":"2014-11-23T23:58:39","guid":{"rendered":"http:\/\/www.rubiconex.com\/contatti-2\/"},"modified":"2017-05-29T21:27:53","modified_gmt":"2017-05-29T19:27:53","slug":"contacts","status":"publish","type":"page","link":"https:\/\/www.rubiconex.com\/fr\/contacts\/","title":{"rendered":"Contacts"},"content":{"rendered":"<section  class=\"section swatch-red-white section-normal \" ><div class=\"background-media\"><\/div><div class=\"background-overlay\" style=\"background-color:rgba(0,0,0,0)\"><\/div><div class=\"container\"><header class=\"section-header text-center no-underline\"><h1 class=\"headline normal regular\">O\u00f9 sommes-nous ?<\/h1><p>Nous vous accueillerons volontiers dans nos bureaux<\/p><\/header><div class=\"row vertical-top\"><div class=\"col-md-12  text-default\" ><div id=\"map_69f558c7880ca\" class=\"google-map\" style=\"height:500px\"><\/div>[vc_empty_space height=\u00a0\u00bb32px\u00a0\u00bb]<p class=\"lead text-center\">Via per Pressano, 1 | 38015 Lavis (TN) | Italy<\/p><\/div><\/div><\/div><\/section><section id=\"form\" class=\"section swatch-white-red section-normal \" ><div class=\"background-media\"><\/div><div class=\"background-overlay\" style=\"background-color:rgba(0,0,0,0)\"><\/div><div class=\"container\"><header class=\"section-header text-center no-underline\"><h1 class=\"headline normal regular\">Contacts<\/h1><p>Si vous souhaitez vous lancer dans l'exportation, interrogez-nous<\/p><\/header><div class=\"row vertical-top\"><div class=\"col-md-12  text-center\" >\n<div class=\"wpcf7 no-js\" id=\"wpcf7-f1709-o1\" lang=\"it-IT\" dir=\"ltr\" data-wpcf7-id=\"1709\">\n<div class=\"screen-reader-response\"><p role=\"status\" aria-live=\"polite\" aria-atomic=\"true\"><\/p> <ul><\/ul><\/div>\n<form action=\"\/fr\/wp-json\/wp\/v2\/pages\/1656#wpcf7-f1709-o1\" method=\"post\" class=\"wpcf7-form init wpcf7-acceptance-as-validation\" aria-label=\"Modulo di contatto\" novalidate=\"novalidate\" data-status=\"init\">\n<fieldset class=\"hidden-fields-container\"><input type=\"hidden\" name=\"_wpcf7\" value=\"1709\" \/><input type=\"hidden\" name=\"_wpcf7_version\" value=\"6.1.3\" \/><input type=\"hidden\" name=\"_wpcf7_locale\" value=\"it_IT\" \/><input type=\"hidden\" name=\"_wpcf7_unit_tag\" value=\"wpcf7-f1709-o1\" \/><input type=\"hidden\" name=\"_wpcf7_container_post\" value=\"0\" \/><input type=\"hidden\" name=\"_wpcf7_posted_data_hash\" value=\"\" \/>\n<\/fieldset>\n<p>Votre nom (obligatoire)\n<\/p>\n<p><span class=\"wpcf7-form-control-wrap\" data-name=\"your-name\"><input size=\"40\" maxlength=\"400\" class=\"wpcf7-form-control wpcf7-text wpcf7-validates-as-required\" aria-required=\"true\" aria-invalid=\"false\" value=\"\" type=\"text\" name=\"your-name\" \/><\/span>\n<\/p>\n<p>Votre email (obligatoire)\n<\/p>\n<p><span class=\"wpcf7-form-control-wrap\" data-name=\"your-email\"><input size=\"40\" maxlength=\"400\" class=\"wpcf7-form-control wpcf7-email wpcf7-validates-as-required wpcf7-text wpcf7-validates-as-email\" aria-required=\"true\" aria-invalid=\"false\" value=\"\" type=\"email\" name=\"your-email\" \/><\/span>\n<\/p>\n<p>Votre num\u00e9ro de t\u00e9l\u00e9phone (obligatoire)\n<\/p>\n<p><span class=\"wpcf7-form-control-wrap\" data-name=\"your-phone\"><input size=\"40\" maxlength=\"400\" class=\"wpcf7-form-control wpcf7-tel wpcf7-validates-as-required wpcf7-text wpcf7-validates-as-tel\" aria-required=\"true\" aria-invalid=\"false\" value=\"\" type=\"tel\" name=\"your-phone\" \/><\/span>\n<\/p>\n<p>Objet\n<\/p>\n<p><span class=\"wpcf7-form-control-wrap\" data-name=\"your-subject\"><input size=\"40\" maxlength=\"400\" class=\"wpcf7-form-control wpcf7-text\" aria-invalid=\"false\" value=\"\" type=\"text\" name=\"your-subject\" \/><\/span>\n<\/p>\n<p>Votre message\n<\/p>\n<p><span class=\"wpcf7-form-control-wrap\" data-name=\"your-message\"><textarea cols=\"40\" rows=\"10\" maxlength=\"2000\" class=\"wpcf7-form-control wpcf7-textarea\" aria-invalid=\"false\" name=\"your-message\"><\/textarea><\/span>\n<\/p>\n<p>Acceptation de la Politique de confidentialit\u00e9 (obligatoire)\n<\/p>\n<p><span class=\"wpcf7-form-control-wrap\" data-name=\"Privacy\"><span class=\"wpcf7-form-control wpcf7-acceptance\"><span class=\"wpcf7-list-item\"><input type=\"checkbox\" name=\"Privacy\" value=\"1\" aria-invalid=\"false\" \/><\/span><\/span><\/span>\n<\/p>\n<p>Code de s\u00e9curit\u00e9\n<\/p>\n<p> <span class=\"wpcf7-form-control-wrap mathcaptcha-252\"><input size=\"2\" maxlength=\"2\" class=\"wpcf7-form-control wpcf7-mathcaptcha\" aria-required=\"true\" type=\"text\" name=\"mathcaptcha-252\" value=\"\" \/> &#8722; &#x32; = &#56;<\/span><input type=\"hidden\" value=\"0\" name=\"mathcaptcha-252-sn\" \/>\n<\/p>\n<p><input class=\"wpcf7-form-control wpcf7-submit has-spinner\" type=\"submit\" value=\"Envoyer\" \/>\n<\/p><div class=\"wpcf7-response-output\" aria-hidden=\"true\"><\/div>\n<\/form>\n<\/div>\n<\/div><\/div><\/div><\/section>\n","protected":false},"excerpt":{"rendered":"O\u00f9 sommes-nous ?Nous vous accueillerons volontiers dans nos bureaux[vc_empty_space height=\"32px\"]Via per Pressano, 1 | 38015 Lavis (TN) | ItalyContactsSi vous souhaitez vous lancer dans l'exportation, interrogez-nous Votre nom (obligatoire) Votre email (obligatoire) Votre num\u00e9ro de t\u00e9l\u00e9phone (obligatoire) Objet Votre message Acceptation de la Politique de confidentialit\u00e9 (obligatoire) Code de s\u00e9curit\u00e9 &#x34;4 + = &#x34;&#x38;","protected":false},"author":5,"featured_media":0,"parent":0,"menu_order":0,"comment_status":"open","ping_status":"open","template":"","meta":{"inline_featured_image":false,"footnotes":""},"class_list":["post-1656","page","type-page","status-publish","hentry"],"_links":{"self":[{"href":"https:\/\/www.rubiconex.com\/fr\/wp-json\/wp\/v2\/pages\/1656","targetHints":{"allow":["GET"]}}],"collection":[{"href":"https:\/\/www.rubiconex.com\/fr\/wp-json\/wp\/v2\/pages"}],"about":[{"href":"https:\/\/www.rubiconex.com\/fr\/wp-json\/wp\/v2\/types\/page"}],"author":[{"embeddable":true,"href":"https:\/\/www.rubiconex.com\/fr\/wp-json\/wp\/v2\/users\/5"}],"replies":[{"embeddable":true,"href":"https:\/\/www.rubiconex.com\/fr\/wp-json\/wp\/v2\/comments?post=1656"}],"version-history":[{"count":0,"href":"https:\/\/www.rubiconex.com\/fr\/wp-json\/wp\/v2\/pages\/1656\/revisions"}],"wp:attachment":[{"href":"https:\/\/www.rubiconex.com\/fr\/wp-json\/wp\/v2\/media?parent=1656"}],"curies":[{"name":"wp","href":"https:\/\/api.w.org\/{rel}","templated":true}]}}