{"id":1655,"date":"2014-12-11T10:56:19","date_gmt":"2014-12-11T09:56:19","guid":{"rendered":"http:\/\/www.rubiconex.com\/dati-societari-2\/"},"modified":"2021-03-28T23:18:56","modified_gmt":"2021-03-28T21:18:56","slug":"informations-sur-la-societe","status":"publish","type":"page","link":"https:\/\/www.rubiconex.com\/fr\/informations-sur-la-societe\/","title":{"rendered":"Informations sur la soci\u00e9t\u00e9"},"content":{"rendered":"<section  class=\"section swatch-white-red section-normal \" ><div class=\"background-media\"><\/div><div class=\"background-overlay\" style=\"\"><\/div><div class=\"container\"><div class=\"row vertical-top\"><div class=\"col-md-3  text-default\" ><\/div><div class=\"col-md-6  text-default\" ><table width=\"550\">\n<tbody>\n<tr>\n<td width=\"180\">Entreprise :<\/td>\n<td width=\"\">RUBICONEX<\/td>\n<\/tr>\n<tr>\n<td width=\"\">Forme juridique :<\/td>\n<td width=\"\">soci\u00e9t\u00e9 \u00e0 responsabilit\u00e9 limit\u00e9e<\/td>\n<\/tr>\n<tr>\n<td width=\"\">Si\u00e8ge social :<\/td>\n<td width=\"\">via G. di Vittorio, 55 &#8211; 38015 &#8211; Lavis (TN)<\/td>\n<\/tr>\n<tr>\n<td width=\"\">Capital social :<\/td>\n<td width=\"\">30.000 Euro interamente versato<\/td>\n<\/tr>\n<tr>\n<td width=\"\">Num\u00e9ro de TVA et code fiscal :<\/td>\n<td width=\"\">02113290221<\/td>\n<\/tr>\n<tr>\n<td width=\"156\">Enregistr\u00e9 dans le registre des soci\u00e9t\u00e9s de :<\/td>\n<td width=\"221\">Trento<\/td>\n<\/tr>\n<tr>\n<td width=\"156\">Num\u00e9ro REA :<\/td>\n<td width=\"221\">TN &#8211; 201126<\/td>\n<\/tr>\n<tr>\n<td width=\"156\">Adresse PEC :<\/td>\n<td width=\"221\"><a href=\"mailto:RUBICONEX@PEC.IT\">RUBICONEX@PEC.IT<\/a><\/td>\n<\/tr>\n<\/tbody>\n<\/table>\n<\/div><div class=\"col-md-3  text-default\" ><\/div><\/div><\/div><\/section>\n","protected":false},"excerpt":{"rendered":"Entreprise : RUBICONEX Forme juridique : soci\u00e9t\u00e9 \u00e0 responsabilit\u00e9 limit\u00e9e Si\u00e8ge social : via G. di Vittorio, 55 - 38015 - Lavis (TN) Capital social : 30.000 Euro interamente versato Num\u00e9ro de TVA et code fiscal : 02113290221 Enregistr\u00e9 dans le registre des soci\u00e9t\u00e9s de : Trento Num\u00e9ro REA : TN - 201126 Adresse PEC","protected":false},"author":5,"featured_media":0,"parent":0,"menu_order":0,"comment_status":"open","ping_status":"open","template":"","meta":{"inline_featured_image":false,"footnotes":""},"class_list":["post-1655","page","type-page","status-publish","hentry"],"_links":{"self":[{"href":"https:\/\/www.rubiconex.com\/fr\/wp-json\/wp\/v2\/pages\/1655","targetHints":{"allow":["GET"]}}],"collection":[{"href":"https:\/\/www.rubiconex.com\/fr\/wp-json\/wp\/v2\/pages"}],"about":[{"href":"https:\/\/www.rubiconex.com\/fr\/wp-json\/wp\/v2\/types\/page"}],"author":[{"embeddable":true,"href":"https:\/\/www.rubiconex.com\/fr\/wp-json\/wp\/v2\/users\/5"}],"replies":[{"embeddable":true,"href":"https:\/\/www.rubiconex.com\/fr\/wp-json\/wp\/v2\/comments?post=1655"}],"version-history":[{"count":0,"href":"https:\/\/www.rubiconex.com\/fr\/wp-json\/wp\/v2\/pages\/1655\/revisions"}],"wp:attachment":[{"href":"https:\/\/www.rubiconex.com\/fr\/wp-json\/wp\/v2\/media?parent=1655"}],"curies":[{"name":"wp","href":"https:\/\/api.w.org\/{rel}","templated":true}]}}