{"id":1654,"date":"2014-11-02T15:10:02","date_gmt":"2014-11-02T14:10:02","guid":{"rendered":"http:\/\/www.rubiconex.com\/chi_siamo-2\/"},"modified":"2017-05-29T16:36:14","modified_gmt":"2017-05-29T14:36:14","slug":"qui-sommes-nous","status":"publish","type":"page","link":"https:\/\/www.rubiconex.com\/fr\/qui-sommes-nous\/","title":{"rendered":"Qui sommes-nous ?"},"content":{"rendered":"<section  class=\"section swatch-red-white section-short has-bottom \" ><div class=\"background-media\"><\/div><div class=\"background-overlay\" style=\"\"><\/div><div class=\"container\"><header class=\"section-header text-center no-underline\"><h1 class=\"headline super hairline\">Qui sommes-nous?<\/h1><\/header><div class=\"row vertical-top\"><div class=\"col-md-12  text-default\" ><\/div><\/div><\/div><div class=\"decor-bottom\"><svg class=\"decor\" height=\"100%\" preserveaspectratio=\"none\" version=\"1.1\" viewbox=\"0 0 100 100\" width=\"100%\" xmlns=\"http:\/\/www.w3.org\/2000\/svg\">\n  <path d=\"M0 100 L50 0 L100 100 L100 0 L0 0\" stroke-width=\"0\"><\/path>\n<\/svg>\n<\/div><\/section><section  class=\"section swatch-white-red section-normal \" ><div class=\"background-media\"><\/div><div class=\"background-overlay\" style=\"\"><\/div><div class=\"container\"><div class=\"row vertical-top\"><div class=\"col-md-6  text-default\" ><img decoding=\"async\" alt=\"\" src=\"https:\/\/www.rubiconex.com\/wp-content\/uploads\/2014\/11\/Logo-Red-300x150.png\" class=\"aligncenter\"\/><\/div><div class=\"col-md-6  text-default\" ><p class=\"lead text-left\">Nous sommes une \u00e9quipe de professionnels avec des comp\u00e9tences solides et des exp\u00e9riences acquises au niveau international dans divers secteurs de production. Depuis 2009, nous d\u00e9veloppons au sein de notre si\u00e8ge de Trento, des points strat\u00e9giques entre l&rsquo;Italie et l&rsquo;Europe du Nord, pour atteindre les march\u00e9s europ\u00e9ens et hors l&rsquo;UE directement ou par l&rsquo;interm\u00e9diaire de nos chefs de secteur op\u00e9rant sur place.<\/p><\/div><\/div><\/div><\/section><section id=\"vision\" class=\"section swatch-red-white section-normal has-bottom has-top \" ><div class=\"decor-top\"><svg class=\"decor\" height=\"100%\" preserveaspectratio=\"none\" version=\"1.1\" viewbox=\"0 0 100 100\" width=\"100%\" xmlns=\"http:\/\/www.w3.org\/2000\/svg\">\n  <path d=\"M0 100 L50 0 L100 100\" stroke-width=\"0\"><\/path>\n<\/svg>\n<\/div><div class=\"background-media\"><\/div><div class=\"background-overlay\" style=\"\"><\/div><div class=\"container\"><header class=\"section-header text-center underline\"><h1 class=\"headline super hairline\">Notre vision<\/h1><p>Export comme opportunit\u00e9<\/p><\/header><div class=\"row vertical-top\"><div class=\"col-md-12  text-default\" ><p class=\"lead text-center\">\u00catre le partenaire strat\u00e9gique de l&rsquo;entreprise, capable de la soutenir pour faire conna\u00eetre et appr\u00e9cier ses produits \u00e0 l&rsquo;\u00e9tranger.<\/p><\/div><\/div><\/div><div class=\"decor-bottom\"><svg class=\"decor\" height=\"100%\" preserveaspectratio=\"none\" version=\"1.1\" viewbox=\"0 0 100 100\" width=\"100%\" xmlns=\"http:\/\/www.w3.org\/2000\/svg\">\n  <path d=\"M0 100 L50 0 L100 100 L100 0 L0 0\" stroke-width=\"0\"><\/path>\n<\/svg>\n<\/div><\/section><section id=\"mission\" class=\"section swatch-white-red section-normal \" ><div class=\"background-media\"><\/div><div class=\"background-overlay\" style=\"\"><\/div><div class=\"container\"><header class=\"section-header text-center underline\"><h1 class=\"headline super hairline\">Notre engagement<\/h1><p>Votre succ\u00e8s<\/p><\/header><div class=\"row vertical-top\"><div class=\"col-md-12  text-center\" ><p class=\"lead text-center\">Offrir aux petites et moyennes entreprises les ressources et les services dans leur globalit\u00e9 pour atteindre les objectifs fix\u00e9s.<br \/>\nFournir \u00e0 l&rsquo;entreprise les outils susceptibles de renforcer son identit\u00e9 et qui lui permettent d&rsquo;entrer sereinement dans l&rsquo;ar\u00e8ne internationale et avec comp\u00e9tences.<\/p><p class=\"lead text-center\">Nos activit\u00e9s sont regroup\u00e9es en d\u00e9partements d&rsquo;intervention:<\/p><ul class=\"list-unstyled row  box-list\">     <li class=\"col-md-2\">\n            <div class=\"box-round box-normal\"><div class=\"box-dummy\"><\/div><a class=\"box-inner\" href=\"https:\/\/www.rubiconex.com\/fr\/services-rendus\/apercu\/\" target=\"_self\"><img decoding=\"async\" width=\"600\" height=\"600\" src=\"https:\/\/www.rubiconex.com\/wp-content\/uploads\/2014\/11\/Rubiconex-Logo1-600x600.png\" class=\"img-circle wp-post-image\" alt=\"\" data-animation=\"bounce\" srcset=\"https:\/\/www.rubiconex.com\/wp-content\/uploads\/2014\/11\/Rubiconex-Logo1-600x600.png 600w, https:\/\/www.rubiconex.com\/wp-content\/uploads\/2014\/11\/Rubiconex-Logo1-150x150.png 150w, https:\/\/www.rubiconex.com\/wp-content\/uploads\/2014\/11\/Rubiconex-Logo1-300x300.png 300w, https:\/\/www.rubiconex.com\/wp-content\/uploads\/2014\/11\/Rubiconex-Logo1.png 800w\" sizes=\"(max-width: 600px) 100vw, 600px\" \/><\/a><\/div>                <h3 class=\"text-center\">\n                    <a href=\"https:\/\/www.rubiconex.com\/fr\/services-rendus\/apercu\/\"  target=\"_self\">\n                    APER\u00c7U<\/br><\/br><\/br>                    <\/a>\n                <\/h3>\n                <\/li>\n    <li class=\"col-md-2\">\n            <div class=\"box-round box-normal\"><div class=\"box-dummy\"><\/div><a class=\"box-inner\" href=\"https:\/\/www.rubiconex.com\/fr\/services-rendus\/developpement-departement-export\/\" target=\"_self\"><img decoding=\"async\" width=\"600\" height=\"600\" src=\"https:\/\/www.rubiconex.com\/wp-content\/uploads\/2014\/11\/Sviluppo-Export1-600x600.png\" class=\"img-circle wp-post-image\" alt=\"\" data-animation=\"zoomIn\" srcset=\"https:\/\/www.rubiconex.com\/wp-content\/uploads\/2014\/11\/Sviluppo-Export1-600x600.png 600w, https:\/\/www.rubiconex.com\/wp-content\/uploads\/2014\/11\/Sviluppo-Export1-150x150.png 150w, https:\/\/www.rubiconex.com\/wp-content\/uploads\/2014\/11\/Sviluppo-Export1-300x300.png 300w, https:\/\/www.rubiconex.com\/wp-content\/uploads\/2014\/11\/Sviluppo-Export1-90x90.png 90w, https:\/\/www.rubiconex.com\/wp-content\/uploads\/2014\/11\/Sviluppo-Export1-500x500.png 500w, https:\/\/www.rubiconex.com\/wp-content\/uploads\/2014\/11\/Sviluppo-Export1-700x700.png 700w, https:\/\/www.rubiconex.com\/wp-content\/uploads\/2014\/11\/Sviluppo-Export1.png 800w\" sizes=\"(max-width: 600px) 100vw, 600px\" \/><\/a><\/div>                <h3 class=\"text-center\">\n                    <a href=\"https:\/\/www.rubiconex.com\/fr\/services-rendus\/developpement-departement-export\/\"  target=\"_self\">\n                    D\u00c9VELOPPEMENT<br>D\u00c9PARTEMENT EXPORT                    <\/a>\n                <\/h3>\n                <\/li>\n    <li class=\"col-md-2\">\n            <div class=\"box-round box-normal\"><div class=\"box-dummy\"><\/div><a class=\"box-inner\" href=\"https:\/\/www.rubiconex.com\/fr\/services-rendus\/gestion-departement-export\/\" target=\"_self\"><img decoding=\"async\" width=\"600\" height=\"600\" src=\"https:\/\/www.rubiconex.com\/wp-content\/uploads\/2014\/11\/Gestione-Export2-600x600.png\" class=\"img-circle wp-post-image\" alt=\"\" data-animation=\"zoomIn\" srcset=\"https:\/\/www.rubiconex.com\/wp-content\/uploads\/2014\/11\/Gestione-Export2-600x600.png 600w, https:\/\/www.rubiconex.com\/wp-content\/uploads\/2014\/11\/Gestione-Export2-150x150.png 150w, https:\/\/www.rubiconex.com\/wp-content\/uploads\/2014\/11\/Gestione-Export2-300x300.png 300w, https:\/\/www.rubiconex.com\/wp-content\/uploads\/2014\/11\/Gestione-Export2-90x90.png 90w, https:\/\/www.rubiconex.com\/wp-content\/uploads\/2014\/11\/Gestione-Export2-500x500.png 500w, https:\/\/www.rubiconex.com\/wp-content\/uploads\/2014\/11\/Gestione-Export2-700x700.png 700w, https:\/\/www.rubiconex.com\/wp-content\/uploads\/2014\/11\/Gestione-Export2.png 800w\" sizes=\"(max-width: 600px) 100vw, 600px\" \/><\/a><\/div>                <h3 class=\"text-center\">\n                    <a href=\"https:\/\/www.rubiconex.com\/fr\/services-rendus\/gestion-departement-export\/\"  target=\"_self\">\n                    GESTION<br>D\u00c9PARTEMENT EXPORT                    <\/a>\n                <\/h3>\n                <\/li>\n    <li class=\"col-md-2\">\n            <div class=\"box-round box-normal\"><div class=\"box-dummy\"><\/div><a class=\"box-inner\" href=\"https:\/\/www.rubiconex.com\/fr\/services-rendus\/assistance-departement-export\/\" target=\"_self\"><img decoding=\"async\" width=\"600\" height=\"600\" src=\"https:\/\/www.rubiconex.com\/wp-content\/uploads\/2014\/11\/Assistenza-Export1-600x600.png\" class=\"img-circle wp-post-image\" alt=\"\" data-animation=\"zoomIn\" srcset=\"https:\/\/www.rubiconex.com\/wp-content\/uploads\/2014\/11\/Assistenza-Export1-600x600.png 600w, https:\/\/www.rubiconex.com\/wp-content\/uploads\/2014\/11\/Assistenza-Export1-150x150.png 150w, https:\/\/www.rubiconex.com\/wp-content\/uploads\/2014\/11\/Assistenza-Export1-300x300.png 300w, https:\/\/www.rubiconex.com\/wp-content\/uploads\/2014\/11\/Assistenza-Export1-90x90.png 90w, https:\/\/www.rubiconex.com\/wp-content\/uploads\/2014\/11\/Assistenza-Export1-500x500.png 500w, https:\/\/www.rubiconex.com\/wp-content\/uploads\/2014\/11\/Assistenza-Export1-700x700.png 700w, https:\/\/www.rubiconex.com\/wp-content\/uploads\/2014\/11\/Assistenza-Export1.png 800w\" sizes=\"(max-width: 600px) 100vw, 600px\" \/><\/a><\/div>                <h3 class=\"text-center\">\n                    <a href=\"https:\/\/www.rubiconex.com\/fr\/services-rendus\/assistance-departement-export\/\"  target=\"_self\">\n                    ASSISTANCE<br>D\u00c9PARTEMENT EXPORT                    <\/a>\n                <\/h3>\n                <\/li>\n    <li class=\"col-md-2\">\n            <div class=\"box-round box-normal\"><div class=\"box-dummy\"><\/div><a class=\"box-inner\" href=\"https:\/\/www.rubiconex.com\/fr\/services-rendus\/gestion-departement-import\/\" target=\"_self\"><img decoding=\"async\" width=\"600\" height=\"600\" src=\"https:\/\/www.rubiconex.com\/wp-content\/uploads\/2014\/11\/Gestione-Import-600x600.png\" class=\"img-circle wp-post-image\" alt=\"Gestione Import\" data-animation=\"zoomIn\" srcset=\"https:\/\/www.rubiconex.com\/wp-content\/uploads\/2014\/11\/Gestione-Import-600x600.png 600w, https:\/\/www.rubiconex.com\/wp-content\/uploads\/2014\/11\/Gestione-Import-150x150.png 150w, https:\/\/www.rubiconex.com\/wp-content\/uploads\/2014\/11\/Gestione-Import-300x300.png 300w, https:\/\/www.rubiconex.com\/wp-content\/uploads\/2014\/11\/Gestione-Import.png 800w\" sizes=\"(max-width: 600px) 100vw, 600px\" \/><\/a><\/div>                <h3 class=\"text-center\">\n                    <a href=\"https:\/\/www.rubiconex.com\/fr\/services-rendus\/gestion-departement-import\/\"  target=\"_self\">\n                    GESTION<br>D\u00c9PARTEMENT IMPORT                    <\/a>\n                <\/h3>\n                <\/li>\n    <li class=\"col-md-2\">\n            <div class=\"box-round box-normal\"><div class=\"box-dummy\"><\/div><a class=\"box-inner\" href=\"https:\/\/www.rubiconex.com\/fr\/services-rendus\/conseils-secteur-technique\/\" target=\"_self\"><img decoding=\"async\" width=\"600\" height=\"600\" src=\"https:\/\/www.rubiconex.com\/wp-content\/uploads\/2016\/09\/ICONA-SU-ARANCIONE-800-600x600.png\" class=\"img-circle wp-post-image\" alt=\"\" data-animation=\"zoomIn\" srcset=\"https:\/\/www.rubiconex.com\/wp-content\/uploads\/2016\/09\/ICONA-SU-ARANCIONE-800-600x600.png 600w, https:\/\/www.rubiconex.com\/wp-content\/uploads\/2016\/09\/ICONA-SU-ARANCIONE-800-150x150.png 150w, https:\/\/www.rubiconex.com\/wp-content\/uploads\/2016\/09\/ICONA-SU-ARANCIONE-800-300x300.png 300w\" sizes=\"(max-width: 600px) 100vw, 600px\" \/><\/a><\/div>                <h3 class=\"text-center\">\n                    <a href=\"https:\/\/www.rubiconex.com\/fr\/services-rendus\/conseils-secteur-technique\/\"  target=\"_self\">\n                    CONSEILS<br>SECTEUR TECHNIQUE                    <\/a>\n                <\/h3>\n                <\/li>\n<\/ul>\n<\/div><\/div><\/div><\/section><section id=\"features\" class=\"section swatch-red-white section-normal has-top \" ><div class=\"decor-top\"><svg class=\"decor\" height=\"100%\" preserveaspectratio=\"none\" version=\"1.1\" viewbox=\"0 0 100 100\" width=\"100%\" xmlns=\"http:\/\/www.w3.org\/2000\/svg\">\n  <path d=\"M0 0 L50 100 L100 0 L100 100 L0 100\" stroke-width=\"0\"><\/path>\n<\/svg>\n<\/div><div class=\"background-media\"><\/div><div class=\"background-overlay\" style=\"\"><\/div><div class=\"container\"><header class=\"section-header text-center underline\"><h1 class=\"headline super hairline\">Pourquoi un \u00e9tranger \u00e0 vos c\u00f4t\u00e9s ?<\/h1><\/header><div class=\"row vertical-top\"><div class=\"col-md-12  text-default\" ><p style=\"text-align: center;\"><strong>Voici les avantages que nous vous offrons:<\/strong><\/p>\n<\/div><div class=\"col-md-3  text-left\" ><\/div><div class=\"col-md-6  text-default\" ><ul>\n<li style=\"text-align: left;\">R\u00e9duction radicale des co\u00fbts fixes pour l&rsquo;entreprise<\/li>\n<li style=\"text-align: left;\">D\u00e9passement de tous les obstacles linguistiques<\/li>\n<li style=\"text-align: left;\">Actions efficaces garanties par le r\u00e9seau international<\/li>\n<li style=\"text-align: left;\">Services sur mesure, flexibles et modulables<\/li>\n<li style=\"text-align: left;\">Fiabilit\u00e9, rapports continus et confidentiels<\/li>\n<\/ul>\n<\/div><div class=\"col-md-3  text-default\" ><\/div><\/div><\/div><\/section><section  class=\"section swatch-white-red section-normal \" ><div class=\"background-media\"><\/div><div class=\"background-overlay\" style=\"\"><\/div><div class=\"container\"><header class=\"section-header text-center no-underline\"><h1 class=\"headline  regular\">Vous souhaitez exporter ?<\/h1><p>La communication \u00e9crite, bien qu'elle soit authentique, claire et synth\u00e9tique, ne remplace pas l'entretien direct et l'approfondissement qui en d\u00e9coule. Si votre int\u00e9r\u00eat et la situation de votre entreprise vous le sugg\u00e8rent, \u00e9crivez-nous, t\u00e9l\u00e9phonez-nous ou bien rendez nous visite aupr\u00e8s de notre si\u00e8ge \u00e0 Lavis (Trento).<\/p><\/header><div class=\"row vertical-top\"><div class=\"col-md-2  text-default\" ><\/div><div class=\"col-md-8  text-center\" ><a href=\"\/contatti#form\" class=\"btn btn-primary btn-lg \" target=\"_self\"><i class=\"fa fa-send-o\"><\/i> \u00c9crivez-nous<\/a><\/div><div class=\"col-md-2  text-default\" ><\/div><\/div><\/div><\/section>\n","protected":false},"excerpt":{"rendered":"","protected":false},"author":5,"featured_media":0,"parent":0,"menu_order":0,"comment_status":"open","ping_status":"open","template":"","meta":{"inline_featured_image":false,"footnotes":""},"class_list":["post-1654","page","type-page","status-publish","hentry"],"_links":{"self":[{"href":"https:\/\/www.rubiconex.com\/fr\/wp-json\/wp\/v2\/pages\/1654","targetHints":{"allow":["GET"]}}],"collection":[{"href":"https:\/\/www.rubiconex.com\/fr\/wp-json\/wp\/v2\/pages"}],"about":[{"href":"https:\/\/www.rubiconex.com\/fr\/wp-json\/wp\/v2\/types\/page"}],"author":[{"embeddable":true,"href":"https:\/\/www.rubiconex.com\/fr\/wp-json\/wp\/v2\/users\/5"}],"replies":[{"embeddable":true,"href":"https:\/\/www.rubiconex.com\/fr\/wp-json\/wp\/v2\/comments?post=1654"}],"version-history":[{"count":0,"href":"https:\/\/www.rubiconex.com\/fr\/wp-json\/wp\/v2\/pages\/1654\/revisions"}],"wp:attachment":[{"href":"https:\/\/www.rubiconex.com\/fr\/wp-json\/wp\/v2\/media?parent=1654"}],"curies":[{"name":"wp","href":"https:\/\/api.w.org\/{rel}","templated":true}]}}