{"id":4637,"date":"2019-01-11T10:32:06","date_gmt":"2019-01-11T09:32:06","guid":{"rendered":"https:\/\/www.rubiconex.com\/?page_id=4637"},"modified":"2019-01-11T10:32:06","modified_gmt":"2019-01-11T09:32:06","slug":"mercados","status":"publish","type":"page","link":"https:\/\/www.rubiconex.com\/es\/mercados\/","title":{"rendered":"Mercados"},"content":{"rendered":"<section  class=\"section swatch-red-white section-nopadding has-bottom \" ><div class=\"background-media\"><\/div><div class=\"background-overlay\" style=\"\"><\/div><div class=\"container\"><header class=\"section-header text-center no-underline\"><h1 class=\"headline super hairline\">Nuestros mercados objetivo<\/h1><\/header><div class=\"row vertical-top\"><div class=\"col-md-12  text-default\" ><p class=\"lead text-center\"><\/p><\/div><\/div><\/div><div class=\"decor-bottom\"><svg class=\"decor\" height=\"100%\" preserveaspectratio=\"none\" version=\"1.1\" viewbox=\"0 0 100 100\" width=\"100%\" xmlns=\"http:\/\/www.w3.org\/2000\/svg\">\n  <path d=\"M0 100 L50 0 L100 100 L100 0 L0 0\" stroke-width=\"0\"><\/path>\n<\/svg>\n<\/div><\/section><section  class=\"section swatch-white-red section-short \" ><div class=\"background-media\"><\/div><div class=\"background-overlay\" style=\"\"><\/div><div class=\"container\"><div class=\"row vertical-top\"><div class=\"col-md-12  text-default\" ><div class=\"row \"><div class=\"col-md-12  text-default\" ><\/div><\/div><div class=\"row \"><div class=\"col-md-12  text-default\" ><\/div><\/div><div class=\"row \"><div class=\"col-md-3  text-default\" ><img decoding=\"async\" alt=\"\" src=\"https:\/\/www.rubiconex.com\/wp-content\/uploads\/2018\/03\/MERCATI-2-300x227.jpg\" class=\"alignnone\"\/><\/div><div class=\"col-md-9  text-left\" >[vc_empty_space]<p class=\"lead text-left\">RubiconEX opera directamente en todos los mercados europeos, con un enfoque especial en los mercados de habla alemana:<\/p>\n<p>&#x1f4cd; Alemania<br \/>\n&#x1f4cd; Austria<br \/>\n&#x1f4cd; Suiza<br \/>\n(los denominados mercados DACH)<\/p><\/div><\/div><div class=\"col-md-12  text-default\" ><\/div><p class=\"lead text-left\">Nuestros directores de exportaci\u00f3n internos gestionan el trabajo en ingl\u00e9s, alem\u00e1n, franc\u00e9s, espa\u00f1ol y ruso y coordinan las actividades de los directores de exportaci\u00f3n regionales, los compa\u00f1eros externos que trabajan con un escritorio in situ en los mercados de:<\/p><div class=\"row \"><div class=\"col-md-4  text-default\" ><p class=\"lead text-left\">&#x1f4cd; Turqu\u00eda<br \/>\n&#x1f4cd; Antiguas rep\u00fablicas sovi\u00e9ticas<br \/>\n&#x1f4cd; Marruecos y T\u00fanez<br \/>\n&#x1f4cd; Australia<br \/>\n&#x1f4cd; Brasil<br \/>\n&#x1f4cd; Estados Unidos de Am\u00e9rica<br \/>\n&#x1f4cd; Benelux<br \/>\n&#x1f4cd; Catar y Emiratos \u00c1rabes Unidos<\/p><\/div><div class=\"col-md-8  text-default\" ><img decoding=\"async\" alt=\"\" src=\"https:\/\/www.rubiconex.com\/wp-content\/uploads\/2018\/02\/Mappa.jpg\" class=\"aligncenter\"\/><\/div><\/div><div class=\"col-md-12  text-default\" ><\/div><hr><p><span style=\"color: #ff0000;\"> SERVICIO AL CLIENTE EN EL EXTRANJERO R <\/span><\/p>\n<p class=\"lead text-left\">Para algunos de nuestros clientes, nos ocupamos tambi\u00e9n del servicio de atenci\u00f3n a los clientes en el extranjero, gestionando operaciones comerciales en todo el mundo y ofreciendo un servicio que va desde la atenci\u00f3n de los primeros contactos con el posible cliente hasta el cobro del pago.<\/p><img decoding=\"async\" alt=\"\" src=\"https:\/\/www.rubiconex.com\/wp-content\/uploads\/2018\/02\/Cutomer-Service.jpg\" class=\"aligncenter\"\/><\/div><\/div><\/div><\/section><section  class=\"section swatch-white-red section-tiny footcontact\" ><div class=\"background-media\"><\/div><div class=\"background-overlay\" style=\"background-color:rgba(255,255,255,1)\"><\/div><div class=\"container\"><header class=\"section-header text-center no-underline\"><h1 class=\"headline  regular\">Do you want to export your products?<\/h1><p>As authentic, clear, and straight-to-the-point as it may be, written communication cannot replace face-to-face interaction and the insights it brings. If you are interested, and the situation of your company suggests so, get in touch! You can send us an email, call, or you can come and meet us at our headquarters in Lavis (Trento).<\/p><\/header><div class=\"row vertical-top\"><div class=\"col-md-2  text-default\" ><\/div><div class=\"col-md-8  text-center\" ><a href=\"\/contatti#form\" class=\"btn btn-link btn-lg \" target=\"_self\"><i class=\"fa fa-send\"><\/i> Write us<\/a><\/div><div class=\"col-md-2  text-default\" ><\/div><\/div><\/div><\/section><section  class=\"section swatch-white-red section-tiny \" ><div class=\"background-media\"><\/div><div class=\"background-overlay\" style=\"\"><\/div><div class=\"container\"><div class=\"row vertical-top\"><div class=\"col-md-12  text-default\" ><\/div><\/div><\/div><\/section>\n","protected":false},"excerpt":{"rendered":"Nuestros mercados objetivo [vc_empty_space]RubiconEX opera directamente en todos los mercados europeos, con un enfoque especial en los mercados de habla alemana: &#x1f4cd; Alemania &#x1f4cd; Austria &#x1f4cd; Suiza (los denominados mercados DACH)Nuestros directores de exportaci\u00f3n internos gestionan el trabajo en ingl\u00e9s, alem\u00e1n, franc\u00e9s, espa\u00f1ol y ruso y coordinan las actividades de los directores de exportaci\u00f3n regionales,","protected":false},"author":7,"featured_media":0,"parent":0,"menu_order":0,"comment_status":"open","ping_status":"open","template":"","meta":{"inline_featured_image":false,"footnotes":""},"class_list":["post-4637","page","type-page","status-publish","hentry"],"_links":{"self":[{"href":"https:\/\/www.rubiconex.com\/es\/wp-json\/wp\/v2\/pages\/4637","targetHints":{"allow":["GET"]}}],"collection":[{"href":"https:\/\/www.rubiconex.com\/es\/wp-json\/wp\/v2\/pages"}],"about":[{"href":"https:\/\/www.rubiconex.com\/es\/wp-json\/wp\/v2\/types\/page"}],"author":[{"embeddable":true,"href":"https:\/\/www.rubiconex.com\/es\/wp-json\/wp\/v2\/users\/7"}],"replies":[{"embeddable":true,"href":"https:\/\/www.rubiconex.com\/es\/wp-json\/wp\/v2\/comments?post=4637"}],"version-history":[{"count":0,"href":"https:\/\/www.rubiconex.com\/es\/wp-json\/wp\/v2\/pages\/4637\/revisions"}],"wp:attachment":[{"href":"https:\/\/www.rubiconex.com\/es\/wp-json\/wp\/v2\/media?parent=4637"}],"curies":[{"name":"wp","href":"https:\/\/api.w.org\/{rel}","templated":true}]}}