{"id":2150,"date":"2016-09-15T18:22:28","date_gmt":"2016-09-15T16:22:28","guid":{"rendered":"http:\/\/www.rubiconex.com\/es\/servizi-rubiconex\/consulenza-area-tecnica\/"},"modified":"2017-09-08T09:33:20","modified_gmt":"2017-09-08T07:33:20","slug":"asesoramiento-area-tecnica","status":"publish","type":"page","link":"https:\/\/www.rubiconex.com\/es\/servicios\/asesoramiento-area-tecnica\/","title":{"rendered":"Asesoramiento \u00c1rea T\u00e9cnica"},"content":{"rendered":"<section id=\"section-cat\" class=\"section swatch-red-white section-tiny has-bottom \" ><div class=\"background-media\"><\/div><div class=\"background-overlay\" style=\"\"><\/div><div class=\"container\"><div class=\"row vertical-middle\"><div class=\"col-md-3  text-default\" ><div class=\"box-wrap alignnone\" data-animation=\"none\"><div class=\"box-round box-big flat-shadow\"><div class=\"box-dummy\"><\/div><span class=\"box-inner\"><img decoding=\"async\" alt=\"\" src=\"https:\/\/www.rubiconex.com\/wp-content\/uploads\/2016\/09\/ICONA-SU-BIANCO-2-600x600.png\"\/><\/span><\/div><\/div><\/div><div class=\"col-md-9  text-default\" ><h1 class=\"bordered-header\"><span style=\"color: #000000;\">Asesoramiento \u00c1rea T\u00e9cnica<\/span><\/h1>\n<p class=\"lead\"><span style=\"color: #000000;\">REFORZAMOS TU ORGANIZACI\u00d3N<\/span><\/p>\n<\/div><\/div><\/div><div class=\"decor-bottom\"><svg class=\"decor\" height=\"100%\" preserveaspectratio=\"none\" version=\"1.1\" viewbox=\"0 0 100 100\" width=\"100%\" xmlns=\"http:\/\/www.w3.org\/2000\/svg\">\n  <path d=\"M0 100 L100 0 L0 0\" stroke-width=\"0\"><\/path>\n<\/svg>\n<\/div><\/section><section  class=\"section swatch-white-red section-normal \" ><div class=\"background-media\"><\/div><div class=\"background-overlay\" style=\"\"><\/div><div class=\"container\"><div class=\"row vertical-top\"><div class=\"col-md-12  text-default\" ><p><b>AN\u00c1LISIS<\/b><\/p>\n<ul>\n<li>Evaluaci\u00f3n de la organizaci\u00f3n de los procesos de empresa<\/li>\n<li>Identificaci\u00f3n de intervenci\u00f3n concordada con la empresa<\/li>\n<\/ul>\n<p><b>ELABORACI\u00d3N DE ESTRATEGIAS<\/b><\/p>\n<ul>\n<li>Definici\u00f3n del plan de intervenci\u00f3n<\/li>\n<li>Definici\u00f3n de m\u00e9todo y recursos disponibles<\/li>\n<\/ul>\n<p><b>GESTI\u00d3N DE PROYECTOS<\/b><\/p>\n<ul>\n<li>Gesti\u00f3n coordinada de actividades<\/li>\n<li>Gesti\u00f3n de encargos internacionales<\/li>\n<li>Control de gesti\u00f3n<\/li>\n<li>Coordinaci\u00f3n de herramientas inform\u00e1ticas<\/li>\n<\/ul>\n<p><b>CERTIFICACIONES<\/b><\/p>\n<ul>\n<li>Sistema de calidad<\/li>\n<li>Certificaci\u00f3n de empresa<\/li>\n<li>Certificaci\u00f3n de producto<\/li>\n<\/ul>\n<p><b>PROTECCI\u00d3N DE LA PROPIEDAD INTELECTUAL<\/b><\/p>\n<ul>\n<li>An\u00e1lisis de mercados de referencia<\/li>\n<li>Patentes<\/li>\n<li>Marcas<\/li>\n<\/ul>\n<p><b>DOCUMENTACI\u00d3N<\/b><\/p>\n<ul>\n<li>Desarrollo de documentaci\u00f3n t\u00e9cnica<\/li>\n<li>Manuales<\/li>\n<li>Cat\u00e1logos de productos<\/li>\n<li>Coordinaci\u00f3n de web<\/li>\n<\/ul>\n<p><b>GESTI\u00d3N DE LA CADENA DE SUMINISTRO<\/b><\/p>\n<ul>\n<li>An\u00e1lisis<\/li>\n<li>Desarrollo<\/li>\n<li>Monitorizaci\u00f3n<\/li>\n<\/ul>\n<p><b>FORMACI\u00d3N Y COACHING<\/b><\/p>\n<\/div><\/div><\/div><\/section><section  class=\"section swatch-white-red section-tiny footcontact\" ><div class=\"background-media\"><\/div><div class=\"background-overlay\" style=\"background-color:rgba(255,255,255,1)\"><\/div><div class=\"container\"><header class=\"section-header text-center no-underline\"><h1 class=\"headline  light\">\u00bfNecesitas asesoramiento t\u00e9cnico?<\/h1><\/header><div class=\"row vertical-top\"><div class=\"col-md-3  text-default\" ><\/div><div class=\"col-md-6  text-center\" ><a href=\"https:\/\/www.rubiconex.com\/es\/contatti\/#form\" class=\"btn btn-link btn-lg \" target=\"_self\"><i class=\"fa fa-send\"><\/i> Escr\u00edbenos<\/a><\/div><div class=\"col-md-3  text-default\" ><\/div><\/div><\/div><\/section><section  class=\"section swatch-white-red section-tiny \" ><div class=\"background-media\"><\/div><div class=\"background-overlay\" style=\"\"><\/div><div class=\"container\"><div class=\"row vertical-top\"><div class=\"col-md-12  text-default\" ><\/div><\/div><\/div><\/section>\n","protected":false},"excerpt":{"rendered":"Asesoramiento \u00c1rea T\u00e9cnica REFORZAMOS TU ORGANIZACI\u00d3N AN\u00c1LISIS Evaluaci\u00f3n de la organizaci\u00f3n de los procesos de empresa Identificaci\u00f3n de intervenci\u00f3n concordada con la empresa ELABORACI\u00d3N DE ESTRATEGIAS Definici\u00f3n del plan de intervenci\u00f3n Definici\u00f3n de m\u00e9todo y recursos disponibles GESTI\u00d3N DE PROYECTOS Gesti\u00f3n coordinada de actividades Gesti\u00f3n de encargos internacionales Control de gesti\u00f3n Coordinaci\u00f3n de herramientas inform\u00e1ticas","protected":false},"author":5,"featured_media":0,"parent":1375,"menu_order":6,"comment_status":"closed","ping_status":"closed","template":"","meta":{"inline_featured_image":false,"footnotes":""},"class_list":["post-2150","page","type-page","status-publish","hentry"],"_links":{"self":[{"href":"https:\/\/www.rubiconex.com\/es\/wp-json\/wp\/v2\/pages\/2150","targetHints":{"allow":["GET"]}}],"collection":[{"href":"https:\/\/www.rubiconex.com\/es\/wp-json\/wp\/v2\/pages"}],"about":[{"href":"https:\/\/www.rubiconex.com\/es\/wp-json\/wp\/v2\/types\/page"}],"author":[{"embeddable":true,"href":"https:\/\/www.rubiconex.com\/es\/wp-json\/wp\/v2\/users\/5"}],"replies":[{"embeddable":true,"href":"https:\/\/www.rubiconex.com\/es\/wp-json\/wp\/v2\/comments?post=2150"}],"version-history":[{"count":0,"href":"https:\/\/www.rubiconex.com\/es\/wp-json\/wp\/v2\/pages\/2150\/revisions"}],"up":[{"embeddable":true,"href":"https:\/\/www.rubiconex.com\/es\/wp-json\/wp\/v2\/pages\/1375"}],"wp:attachment":[{"href":"https:\/\/www.rubiconex.com\/es\/wp-json\/wp\/v2\/media?parent=2150"}],"curies":[{"name":"wp","href":"https:\/\/api.w.org\/{rel}","templated":true}]}}