{"id":1643,"date":"2014-12-11T10:56:19","date_gmt":"2014-12-11T09:56:19","guid":{"rendered":"http:\/\/www.rubiconex.com\/dati-societari-2\/"},"modified":"2021-03-28T23:15:04","modified_gmt":"2021-03-28T21:15:04","slug":"informacion-de-empresas","status":"publish","type":"page","link":"https:\/\/www.rubiconex.com\/es\/informacion-de-empresas\/","title":{"rendered":"Informaci\u00f3n de empresas"},"content":{"rendered":"<section  class=\"section swatch-white-red section-normal \" ><div class=\"background-media\"><\/div><div class=\"background-overlay\" style=\"\"><\/div><div class=\"container\"><div class=\"row vertical-top\"><div class=\"col-md-3  text-default\" ><\/div><div class=\"col-md-6  text-default\" ><table width=\"550\">\n<tbody>\n<tr>\n<td width=\"180\">Empresa:<\/td>\n<td width=\"\">RUBICONEX<\/td>\n<\/tr>\n<tr>\n<td width=\"\">Forma jur\u00eddica:<\/td>\n<td width=\"\">Sociedad de responsabilidad limitada<\/td>\n<\/tr>\n<tr>\n<td width=\"\">Sede social:<\/td>\n<td width=\"\">via G. di Vittorio, 55 &#8211; 38015 &#8211; Lavis (TN)<\/td>\n<\/tr>\n<tr>\n<td width=\"\">Capital social:<\/td>\n<td width=\"\">30.000 Euro interamente versato<\/td>\n<\/tr>\n<tr>\n<td width=\"\">N\u00famero de IVA y c\u00f3digo fiscal:<\/td>\n<td width=\"\">02113290221<\/td>\n<\/tr>\n<tr>\n<td width=\"156\">Inscrita en el registro de empresas de:<\/td>\n<td width=\"221\">Trento<\/td>\n<\/tr>\n<tr>\n<td width=\"156\">N\u00famero REA:<\/td>\n<td width=\"221\">TN &#8211; 201126<\/td>\n<\/tr>\n<tr>\n<td width=\"156\">Direcci\u00f3n del PEC:<\/td>\n<td width=\"221\"><a href=\"mailto:RUBICONEX@PEC.IT\">RUBICONEX@PEC.IT<\/a><\/td>\n<\/tr>\n<\/tbody>\n<\/table>\n<\/div><div class=\"col-md-3  text-default\" ><\/div><\/div><\/div><\/section>\n","protected":false},"excerpt":{"rendered":"Empresa: RUBICONEX Forma jur\u00eddica: Sociedad de responsabilidad limitada Sede social: via G. di Vittorio, 55 - 38015 - Lavis (TN) Capital social: 30.000 Euro interamente versato N\u00famero de IVA y c\u00f3digo fiscal: 02113290221 Inscrita en el registro de empresas de: Trento N\u00famero REA: TN - 201126 Direcci\u00f3n del PEC: RUBICONEX@PEC.IT","protected":false},"author":5,"featured_media":0,"parent":0,"menu_order":0,"comment_status":"open","ping_status":"open","template":"","meta":{"inline_featured_image":false,"footnotes":""},"class_list":["post-1643","page","type-page","status-publish","hentry"],"_links":{"self":[{"href":"https:\/\/www.rubiconex.com\/es\/wp-json\/wp\/v2\/pages\/1643","targetHints":{"allow":["GET"]}}],"collection":[{"href":"https:\/\/www.rubiconex.com\/es\/wp-json\/wp\/v2\/pages"}],"about":[{"href":"https:\/\/www.rubiconex.com\/es\/wp-json\/wp\/v2\/types\/page"}],"author":[{"embeddable":true,"href":"https:\/\/www.rubiconex.com\/es\/wp-json\/wp\/v2\/users\/5"}],"replies":[{"embeddable":true,"href":"https:\/\/www.rubiconex.com\/es\/wp-json\/wp\/v2\/comments?post=1643"}],"version-history":[{"count":0,"href":"https:\/\/www.rubiconex.com\/es\/wp-json\/wp\/v2\/pages\/1643\/revisions"}],"wp:attachment":[{"href":"https:\/\/www.rubiconex.com\/es\/wp-json\/wp\/v2\/media?parent=1643"}],"curies":[{"name":"wp","href":"https:\/\/api.w.org\/{rel}","templated":true}]}}