{"id":1381,"date":"2014-11-02T12:42:59","date_gmt":"2014-11-02T11:42:59","guid":{"rendered":"http:\/\/www.rubiconex.com\/servizi-rubiconex\/gestione-area-import\/"},"modified":"2017-09-08T09:32:28","modified_gmt":"2017-09-08T07:32:28","slug":"gestion-area-de-importacion","status":"publish","type":"page","link":"https:\/\/www.rubiconex.com\/es\/servicios\/gestion-area-de-importacion\/","title":{"rendered":"Gesti\u00f3n \u00c1rea de Importaci\u00f3n"},"content":{"rendered":"<section id=\"section-gai\" class=\"section swatch-red-white section-tiny has-bottom \" ><div class=\"background-media\"><\/div><div class=\"background-overlay\" style=\"\"><\/div><div class=\"container\"><div class=\"row vertical-middle\"><div class=\"col-md-3  text-default\" ><div class=\"box-wrap alignnone\" data-animation=\"none\"><div class=\"box-round box-big flat-shadow\"><div class=\"box-dummy\"><\/div><span class=\"box-inner\"><img decoding=\"async\" alt=\"\" src=\"https:\/\/www.rubiconex.com\/wp-content\/uploads\/2014\/11\/Gestione-Import-Gray-600x600.png\"\/><\/span><\/div><\/div><\/div><div class=\"col-md-9  text-default\" ><h1 class=\"bordered-header\"><span style=\"color: #ffffff;\">Gesti\u00f3n \u00c1rea de Importaci\u00f3n<br \/>\n<\/span><\/h1>\n<p class=\"lead\"><span style=\"color: #ffffff;\">IMPORTAMOS PARA TU NEGOCIO<\/span><\/p>\n<\/div><\/div><\/div><div class=\"decor-bottom\"><svg class=\"decor\" height=\"100%\" preserveaspectratio=\"none\" version=\"1.1\" viewbox=\"0 0 100 100\" width=\"100%\" xmlns=\"http:\/\/www.w3.org\/2000\/svg\">\n  <path d=\"M0 100 L100 0 L0 0\" stroke-width=\"0\"><\/path>\n<\/svg>\n<\/div><\/section><section  class=\"section swatch-white-red section-normal \" ><div class=\"background-media\"><\/div><div class=\"background-overlay\" style=\"\"><\/div><div class=\"container\"><div class=\"row vertical-top\"><div class=\"col-md-12  text-default\" ><p><b><strong>B\u00daSQUEDA DE PROVEEDORES EXTRANJEROS<\/strong><\/b><\/p>\n<ul>\n<li>Evaluaci\u00f3n anal\u00edtica de los mercados de suministros<\/li>\n<li>Definici\u00f3n perfil socios extranjeros<\/li>\n<li>B\u00fasqueda y selecci\u00f3n de contactos<\/li>\n<\/ul>\n<p><b><strong>GESTI\u00d3N<\/strong><\/b><\/p>\n<ul>\n<li>Solicitud y evaluaci\u00f3n de ofertas y condiciones de compra<\/li>\n<li>Gesti\u00f3n del suministro<\/li>\n<li>Log\u00edstica internacional<\/li>\n<li>Pagos internacionales<\/li>\n<\/ul>\n<p><b><strong>ASISTENCIA<\/strong><\/b><\/p>\n<ul>\n<li>Auditor\u00edas externas hacia proveedores potenciales<\/li>\n<li>Ling\u00fc\u00edstica<\/li>\n<li>Eventos comerciales<\/li>\n<li>Outcoming missions<\/li>\n<\/ul>\n<\/div><\/div><\/div><\/section><section  class=\"section swatch-white-red section-tiny footcontact\" ><div class=\"background-media\"><\/div><div class=\"background-overlay\" style=\"background-color:rgba(255,255,255,1)\"><\/div><div class=\"container\"><header class=\"section-header text-center no-underline\"><h1 class=\"headline  light\">\u00bfBuscas nuevos proveedores?<\/h1><\/header><div class=\"row vertical-top\"><div class=\"col-md-3  text-default\" ><\/div><div class=\"col-md-6  text-center\" ><a href=\"\/es\/contatti#form\" class=\"btn btn-link btn-lg \" target=\"_self\"><i class=\"fa fa-send\"><\/i> Escr\u00edbenos<\/a><\/div><div class=\"col-md-3  text-default\" ><\/div><\/div><\/div><\/section><section  class=\"section swatch-white-red section-tiny \" ><div class=\"background-media\"><\/div><div class=\"background-overlay\" style=\"\"><\/div><div class=\"container\"><div class=\"row vertical-top\"><div class=\"col-md-12  text-default\" ><\/div><\/div><\/div><\/section>\n","protected":false},"excerpt":{"rendered":"Gesti\u00f3n \u00c1rea de Importaci\u00f3n IMPORTAMOS PARA TU NEGOCIO B\u00daSQUEDA DE PROVEEDORES EXTRANJEROS Evaluaci\u00f3n anal\u00edtica de los mercados de suministros Definici\u00f3n perfil socios extranjeros B\u00fasqueda y selecci\u00f3n de contactos GESTI\u00d3N Solicitud y evaluaci\u00f3n de ofertas y condiciones de compra Gesti\u00f3n del suministro Log\u00edstica internacional Pagos internacionales ASISTENCIA Auditor\u00edas externas hacia proveedores potenciales Ling\u00fc\u00edstica Eventos comerciales Outcoming","protected":false},"author":5,"featured_media":0,"parent":1375,"menu_order":4,"comment_status":"closed","ping_status":"closed","template":"","meta":{"inline_featured_image":false,"footnotes":""},"class_list":["post-1381","page","type-page","status-publish","hentry"],"_links":{"self":[{"href":"https:\/\/www.rubiconex.com\/es\/wp-json\/wp\/v2\/pages\/1381","targetHints":{"allow":["GET"]}}],"collection":[{"href":"https:\/\/www.rubiconex.com\/es\/wp-json\/wp\/v2\/pages"}],"about":[{"href":"https:\/\/www.rubiconex.com\/es\/wp-json\/wp\/v2\/types\/page"}],"author":[{"embeddable":true,"href":"https:\/\/www.rubiconex.com\/es\/wp-json\/wp\/v2\/users\/5"}],"replies":[{"embeddable":true,"href":"https:\/\/www.rubiconex.com\/es\/wp-json\/wp\/v2\/comments?post=1381"}],"version-history":[{"count":0,"href":"https:\/\/www.rubiconex.com\/es\/wp-json\/wp\/v2\/pages\/1381\/revisions"}],"up":[{"embeddable":true,"href":"https:\/\/www.rubiconex.com\/es\/wp-json\/wp\/v2\/pages\/1375"}],"wp:attachment":[{"href":"https:\/\/www.rubiconex.com\/es\/wp-json\/wp\/v2\/media?parent=1381"}],"curies":[{"name":"wp","href":"https:\/\/api.w.org\/{rel}","templated":true}]}}