{"id":1380,"date":"2014-11-02T12:42:28","date_gmt":"2014-11-02T11:42:28","guid":{"rendered":"http:\/\/www.rubiconex.com\/servizi-rubiconex\/assistenza-area-export\/"},"modified":"2017-09-08T09:31:40","modified_gmt":"2017-09-08T07:31:40","slug":"asistencia-area-de-exportacion","status":"publish","type":"page","link":"https:\/\/www.rubiconex.com\/es\/servicios\/asistencia-area-de-exportacion\/","title":{"rendered":"Asistencia \u00c1rea de Exportaci\u00f3n"},"content":{"rendered":"<section id=\"section-aae\" class=\"section swatch-red-white section-tiny has-bottom \" ><div class=\"background-media\"><\/div><div class=\"background-overlay\" style=\"\"><\/div><div class=\"container\"><div class=\"row vertical-middle\"><div class=\"col-md-3  text-default\" ><div class=\"box-wrap alignnone\" data-animation=\"none\"><div class=\"box-round box-big flat-shadow\"><div class=\"box-dummy\"><\/div><span class=\"box-inner\"><img decoding=\"async\" alt=\"\" src=\"https:\/\/www.rubiconex.com\/wp-content\/uploads\/2014\/11\/Assistenza-Export-Gray-600x600.png\"\/><\/span><\/div><\/div><\/div><div class=\"col-md-9  text-default\" ><h1 class=\"bordered-header\"><span style=\"color: #ffffff;\">Asistencia \u00c1rea de Exportaci\u00f3n<\/span><\/h1>\n<p class=\"lead\"><span style=\"color: #ffffff;\">MEJORAMOS TU OPERATIVIDAD<\/span><\/p>\n<\/div><\/div><\/div><div class=\"decor-bottom\"><svg class=\"decor\" height=\"100%\" preserveaspectratio=\"none\" version=\"1.1\" viewbox=\"0 0 100 100\" width=\"100%\" xmlns=\"http:\/\/www.w3.org\/2000\/svg\">\n  <path d=\"M0 100 L100 0 L0 0\" stroke-width=\"0\"><\/path>\n<\/svg>\n<\/div><\/section><section  class=\"section swatch-white-red section-normal \" ><div class=\"background-media\"><\/div><div class=\"background-overlay\" style=\"\"><\/div><div class=\"container\"><div class=\"row vertical-top\"><div class=\"col-md-12  text-default\" ><p><b><strong>ASESOR\u00cdA EMPRESARIAL INTERNACIONALIZACI\u00d3N<\/strong><\/b><\/p>\n<ul>\n<li>Estrategia empresarial de exportaci\u00f3n<\/li>\n<li>An\u00e1lisis de mercado<\/li>\n<li>Auditor\u00edas internas<\/li>\n<li>Contribuciones y financiaciones<\/li>\n<\/ul>\n<p><b><strong>COMUNICACI\u00d3N COORDINADA<\/strong><\/b><\/p>\n<ul>\n<li>Valoraci\u00f3n y coordinaci\u00f3n de los instrumentos de comunicaci\u00f3n<\/li>\n<li>P\u00e1gina Web<\/li>\n<li>Cat\u00e1logos y tarjetas<\/li>\n<li>Presentaciones empresariales<\/li>\n<li>Redes Sociales<\/li>\n<li>Campa\u00f1as promocionales y bolet\u00edn informativo<\/li>\n<\/ul>\n<p><b><strong>LING\u00dc\u00cdSTICA<\/strong><\/b><\/p>\n<ul>\n<li>Traducciones profesionales, comerciales, t\u00e9cnicas<\/li>\n<li>Interpretariado de negociaci\u00f3n<\/li>\n<\/ul>\n<p><b><strong>EVENTOS COMERCIALES (ferias, encuentros B2B, misiones extranjeras, seminarios)<\/strong><\/b><\/p>\n<ul>\n<li>Estrategia y asistencia de organizaci\u00f3n<\/li>\n<li>Acompa\u00f1amiento al evento<\/li>\n<li>Seguimiento comercial<\/li>\n<\/ul>\n<p><b><strong>INCOMING MISSIONS<\/strong><\/b><\/p>\n<ul>\n<li>Organizaci\u00f3n de visitas en la empresa<\/li>\n<li>Soporte durante auditor\u00edas externas<\/li>\n<\/ul>\n<p><b><strong>FORMACI\u00d3N<\/strong><\/b><\/p>\n<ul>\n<li>Formaci\u00f3n de aulas sobre temas de exportaci\u00f3n e importaci\u00f3n<\/li>\n<li>Recorridos de soporte al personal comercial en la empresa<\/li>\n<li>Ingl\u00e9s para los Negocios<\/li>\n<\/ul>\n<\/div><\/div><\/div><\/section><section  class=\"section swatch-white-red section-tiny footcontact\" ><div class=\"background-media\"><\/div><div class=\"background-overlay\" style=\"background-color:rgba(255,255,255,1)\"><\/div><div class=\"container\"><header class=\"section-header text-center no-underline\"><h1 class=\"headline  regular\">\u00bfNecesitas una asistencia espec\u00edfica?<\/h1><\/header><div class=\"row vertical-top\"><div class=\"col-md-3  text-default\" ><\/div><div class=\"col-md-6  text-center\" ><a href=\"\/es\/contatti#form\" class=\"btn btn-link btn-lg \" target=\"_self\"><i class=\"fa fa-send\"><\/i> Escr\u00edbenos<\/a><\/div><div class=\"col-md-3  text-default\" ><\/div><\/div><\/div><\/section><section  class=\"section swatch-white-red section-tiny \" ><div class=\"background-media\"><\/div><div class=\"background-overlay\" style=\"\"><\/div><div class=\"container\"><div class=\"row vertical-top\"><div class=\"col-md-12  text-default\" ><\/div><\/div><\/div><\/section>\n","protected":false},"excerpt":{"rendered":"Asistencia \u00c1rea de Exportaci\u00f3n MEJORAMOS TU OPERATIVIDAD ASESOR\u00cdA EMPRESARIAL INTERNACIONALIZACI\u00d3N Estrategia empresarial de exportaci\u00f3n An\u00e1lisis de mercado Auditor\u00edas internas Contribuciones y financiaciones COMUNICACI\u00d3N COORDINADA Valoraci\u00f3n y coordinaci\u00f3n de los instrumentos de comunicaci\u00f3n P\u00e1gina Web Cat\u00e1logos y tarjetas Presentaciones empresariales Redes Sociales Campa\u00f1as promocionales y bolet\u00edn informativo LING\u00dc\u00cdSTICA Traducciones profesionales, comerciales, t\u00e9cnicas Interpretariado de negociaci\u00f3n EVENTOS","protected":false},"author":5,"featured_media":0,"parent":1375,"menu_order":3,"comment_status":"closed","ping_status":"closed","template":"","meta":{"inline_featured_image":false,"footnotes":""},"class_list":["post-1380","page","type-page","status-publish","hentry"],"_links":{"self":[{"href":"https:\/\/www.rubiconex.com\/es\/wp-json\/wp\/v2\/pages\/1380","targetHints":{"allow":["GET"]}}],"collection":[{"href":"https:\/\/www.rubiconex.com\/es\/wp-json\/wp\/v2\/pages"}],"about":[{"href":"https:\/\/www.rubiconex.com\/es\/wp-json\/wp\/v2\/types\/page"}],"author":[{"embeddable":true,"href":"https:\/\/www.rubiconex.com\/es\/wp-json\/wp\/v2\/users\/5"}],"replies":[{"embeddable":true,"href":"https:\/\/www.rubiconex.com\/es\/wp-json\/wp\/v2\/comments?post=1380"}],"version-history":[{"count":0,"href":"https:\/\/www.rubiconex.com\/es\/wp-json\/wp\/v2\/pages\/1380\/revisions"}],"up":[{"embeddable":true,"href":"https:\/\/www.rubiconex.com\/es\/wp-json\/wp\/v2\/pages\/1375"}],"wp:attachment":[{"href":"https:\/\/www.rubiconex.com\/es\/wp-json\/wp\/v2\/media?parent=1380"}],"curies":[{"name":"wp","href":"https:\/\/api.w.org\/{rel}","templated":true}]}}