{"id":1379,"date":"2014-11-02T12:42:06","date_gmt":"2014-11-02T11:42:06","guid":{"rendered":"http:\/\/www.rubiconex.com\/servizi-rubiconex\/gestione-area-export\/"},"modified":"2017-09-08T09:30:51","modified_gmt":"2017-09-08T07:30:51","slug":"gestion-area-de-exportacion","status":"publish","type":"page","link":"https:\/\/www.rubiconex.com\/es\/servicios\/gestion-area-de-exportacion\/","title":{"rendered":"Gesti\u00f3n \u00c1rea de Exportaci\u00f3n"},"content":{"rendered":"<section id=\"section-gae\" class=\"section swatch-red-white section-tiny has-bottom \" ><div class=\"background-media\"><\/div><div class=\"background-overlay\" style=\"\"><\/div><div class=\"container\"><div class=\"row vertical-middle\"><div class=\"col-md-3  text-default\" ><div class=\"box-wrap alignnone\" data-animation=\"none\"><div class=\"box-round box-big flat-shadow\"><div class=\"box-dummy\"><\/div><span class=\"box-inner\"><img decoding=\"async\" alt=\"\" src=\"https:\/\/www.rubiconex.com\/wp-content\/uploads\/2014\/11\/Gestione-Export-Gray-600x600.png\"\/><\/span><\/div><\/div><\/div><div class=\"col-md-9  text-default\" ><h1 class=\"bordered-header\"><span style=\"color: #6d6e70;\">Gesti\u00f3n \u00c1rea de Exportaci\u00f3n<\/span><\/h1>\n<p class=\"lead\"><span style=\"color: #6d6e70;\">VALORAMOS TU OFERTA<\/span><\/p>\n<\/div><\/div><\/div><div class=\"decor-bottom\"><svg class=\"decor\" height=\"100%\" preserveaspectratio=\"none\" version=\"1.1\" viewbox=\"0 0 100 100\" width=\"100%\" xmlns=\"http:\/\/www.w3.org\/2000\/svg\">\n  <path d=\"M0 100 L100 0 L0 0\" stroke-width=\"0\"><\/path>\n<\/svg>\n<\/div><\/section><section  class=\"section swatch-white-red section-normal \" ><div class=\"background-media\"><\/div><div class=\"background-overlay\" style=\"\"><\/div><div class=\"container\"><div class=\"row vertical-top\"><div class=\"col-md-12  text-default\" ><p><b><strong>FASE PRE-VENTA<\/strong><\/b><\/p>\n<ul>\n<li>Elaboraci\u00f3n oferta<\/li>\n<li>Redacci\u00f3n cat\u00e1logos<\/li>\n<li>Valoraci\u00f3n de condiciones de venta y contractual<\/li>\n<li>Gesti\u00f3n activa de la propuesta comercial a trav\u00e9s de presi\u00f3n y acci\u00f3n<\/li>\n<li>Cuidado de la relaci\u00f3n con el cliente<\/li>\n<\/ul>\n<p><b><strong>GESTI\u00d3N DEL PEDIDO<\/strong><\/b><\/p>\n<ul>\n<li>Disposici\u00f3n del pedido<\/li>\n<li>Log\u00edstica internacional<\/li>\n<li>Instrumentos de pago internacionales<\/li>\n<\/ul>\n<p><b><strong>ASISTENCIA POSVENTA<\/strong><\/b><\/p>\n<ul>\n<li>Servicio de Asistencia al Cliente<\/li>\n<li>Garant\u00edas y asistencia t\u00e9cnica<\/li>\n<\/ul>\n<\/div><\/div><\/div><\/section><section  class=\"section swatch-white-red section-tiny footcontact\" ><div class=\"background-media\"><\/div><div class=\"background-overlay\" style=\"background-color:rgba(255,255,255,1)\"><\/div><div class=\"container\"><header class=\"section-header text-center no-underline\"><h1 class=\"headline  light\">\u00bfNecesitas ayuda para la gesti\u00f3n?<\/h1><\/header><div class=\"row vertical-top\"><div class=\"col-md-3  text-default\" ><\/div><div class=\"col-md-6  text-center\" ><a href=\"\/es\/contatti#form\" class=\"btn btn-link btn-lg \" target=\"_self\"><i class=\"fa fa-send\"><\/i> Escr\u00edbenos<\/a><\/div><div class=\"col-md-3  text-default\" ><\/div><\/div><\/div><\/section><section  class=\"section swatch-white-red section-tiny \" ><div class=\"background-media\"><\/div><div class=\"background-overlay\" style=\"\"><\/div><div class=\"container\"><div class=\"row vertical-top\"><div class=\"col-md-12  text-default\" ><\/div><\/div><\/div><\/section>\n","protected":false},"excerpt":{"rendered":"Gesti\u00f3n \u00c1rea de Exportaci\u00f3n VALORAMOS TU OFERTA FASE PRE-VENTA Elaboraci\u00f3n oferta Redacci\u00f3n cat\u00e1logos Valoraci\u00f3n de condiciones de venta y contractual Gesti\u00f3n activa de la propuesta comercial a trav\u00e9s de presi\u00f3n y acci\u00f3n Cuidado de la relaci\u00f3n con el cliente GESTI\u00d3N DEL PEDIDO Disposici\u00f3n del pedido Log\u00edstica internacional Instrumentos de pago internacionales ASISTENCIA POSVENTA Servicio de","protected":false},"author":5,"featured_media":0,"parent":1375,"menu_order":2,"comment_status":"closed","ping_status":"closed","template":"","meta":{"inline_featured_image":false,"footnotes":""},"class_list":["post-1379","page","type-page","status-publish","hentry"],"_links":{"self":[{"href":"https:\/\/www.rubiconex.com\/es\/wp-json\/wp\/v2\/pages\/1379","targetHints":{"allow":["GET"]}}],"collection":[{"href":"https:\/\/www.rubiconex.com\/es\/wp-json\/wp\/v2\/pages"}],"about":[{"href":"https:\/\/www.rubiconex.com\/es\/wp-json\/wp\/v2\/types\/page"}],"author":[{"embeddable":true,"href":"https:\/\/www.rubiconex.com\/es\/wp-json\/wp\/v2\/users\/5"}],"replies":[{"embeddable":true,"href":"https:\/\/www.rubiconex.com\/es\/wp-json\/wp\/v2\/comments?post=1379"}],"version-history":[{"count":0,"href":"https:\/\/www.rubiconex.com\/es\/wp-json\/wp\/v2\/pages\/1379\/revisions"}],"up":[{"embeddable":true,"href":"https:\/\/www.rubiconex.com\/es\/wp-json\/wp\/v2\/pages\/1375"}],"wp:attachment":[{"href":"https:\/\/www.rubiconex.com\/es\/wp-json\/wp\/v2\/media?parent=1379"}],"curies":[{"name":"wp","href":"https:\/\/api.w.org\/{rel}","templated":true}]}}