{"id":1378,"date":"2014-11-02T12:41:18","date_gmt":"2014-11-02T11:41:18","guid":{"rendered":"http:\/\/www.rubiconex.com\/servizi-rubiconex\/sviluppo-area-export\/"},"modified":"2021-12-10T15:07:35","modified_gmt":"2021-12-10T14:07:35","slug":"desarrollo-area-de-exportacion","status":"publish","type":"page","link":"https:\/\/www.rubiconex.com\/es\/servicios\/desarrollo-area-de-exportacion\/","title":{"rendered":"Desarrollo \u00c1rea de Exportaci\u00f3n"},"content":{"rendered":"<section id=\"section-sae\" class=\"section swatch-red-white section-tiny has-bottom \" ><div class=\"background-media\"><\/div><div class=\"background-overlay\" style=\"\"><\/div><div class=\"container\"><div class=\"row vertical-middle\"><div class=\"col-md-3  text-default\" ><div class=\"box-wrap alignnone\" data-animation=\"none\"><div class=\"box-round box-big flat-shadow\"><div class=\"box-dummy\"><\/div><span class=\"box-inner\"><img decoding=\"async\" alt=\"\" src=\"https:\/\/www.rubiconex.com\/wp-content\/uploads\/2014\/11\/Sviluppo-Export-Gray-600x600.png\"\/><\/span><\/div><\/div><\/div><div class=\"col-md-9  text-default\" ><h1 class=\"bordered-header\"><span style=\"color: #ffffff;\">Desarrollo \u00c1rea de Exportaci\u00f3n<\/span><\/h1>\n<p class=\"lead\"><span style=\"color: #ffffff;\">CULTIVAMOS TUS OPORTUNIDADES Y B\u00daSQUEDA DE SOCIOS<\/span><\/p>\n<\/div><\/div><\/div><div class=\"decor-bottom\"><svg class=\"decor\" height=\"100%\" preserveaspectratio=\"none\" version=\"1.1\" viewbox=\"0 0 100 100\" width=\"100%\" xmlns=\"http:\/\/www.w3.org\/2000\/svg\">\n  <path d=\"M0 100 L100 0 L0 0\" stroke-width=\"0\"><\/path>\n<\/svg>\n<\/div><\/section><section  class=\"section swatch-white-red section-normal \" ><div class=\"background-media\"><\/div><div class=\"background-overlay\" style=\"\"><\/div><div class=\"container\"><div class=\"row vertical-top\"><div class=\"col-md-12  text-default\" ><p><b>CHECK UP EMPRESARIAL<\/b><\/p>\n<ul>\n<li>Control de los instrumentos de marketing existentes para la promoci\u00f3n en los mercados extranjeros<\/li>\n<li>Control de los recursos humanos internos a la empresa que dedicar a la exportaci\u00f3n<\/li>\n<li>Control y selecci\u00f3n de los productos que exportar<\/li>\n<\/ul>\n<p><b>MERCADOS EXTRANJEROS<\/b><\/p>\n<ul>\n<li>Control de los mercados de inter\u00e9s<\/li>\n<li>An\u00e1lisis de los flujos de mercado<\/li>\n<li>Valoraci\u00f3n anal\u00edtica del mercado<\/li>\n<\/ul>\n<p><b>B\u00daSQUEDA DE SOCIOS EXTRANJEROS<\/b><\/p>\n<ul>\n<li>Retrato robot y perfil del \u201csocio ideal\u201d<\/li>\n<li>Localizaci\u00f3n de las categor\u00edas mercadot\u00e9cnicas que buscar<\/li>\n<li>Creaci\u00f3n de una base de datos personalizada<\/li>\n<\/ul>\n<p><b>DESARROLLO DE CONTACTOS<\/b><\/p>\n<ul>\n<li>Activaci\u00f3n de los contactos<\/li>\n<li>Cuidado y gesti\u00f3n de las solicitudes<\/li>\n<li>Organizaci\u00f3n encuentros B2B<\/li>\n<li>Adecuaci\u00f3n constante de la acci\u00f3n<\/li>\n<li>Feedback peri\u00f3dico<\/li>\n<\/ul>\n<p><b>AGENTES<\/b><\/p>\n<ul>\n<li>B\u00fasqueda y selecci\u00f3n de agentes<\/li>\n<li>Creaci\u00f3n de la red de venta<\/li>\n<\/ul>\n<\/div><\/div><\/div><\/section><section  class=\"section swatch-white-red section-tiny footcontact\" ><div class=\"background-media\"><\/div><div class=\"background-overlay\" style=\"background-color:rgba(255,255,255,1)\"><\/div><div class=\"container\"><header class=\"section-header text-center no-underline\"><h1 class=\"headline  regular\">\u00bfBuscas nuevos mercados?<\/h1><\/header><div class=\"row vertical-top\"><div class=\"col-md-3  text-default\" ><\/div><div class=\"col-md-6  text-center\" ><a href=\"\/es\/contatti#form\" class=\"btn btn-link btn-lg \" target=\"_self\"><i class=\"fa fa-send\"><\/i> Escr\u00edbenos<\/a><\/div><div class=\"col-md-3  text-default\" ><\/div><\/div><\/div><\/section><section  class=\"section swatch-white-red section-tiny \" ><div class=\"background-media\"><\/div><div class=\"background-overlay\" style=\"\"><\/div><div class=\"container\"><div class=\"row vertical-top\"><div class=\"col-md-12  text-default\" ><\/div><\/div><\/div><\/section>\n","protected":false},"excerpt":{"rendered":"Desarrollo \u00c1rea de Exportaci\u00f3n CULTIVAMOS TUS OPORTUNIDADES Y B\u00daSQUEDA DE SOCIOS CHECK UP EMPRESARIAL Control de los instrumentos de marketing existentes para la promoci\u00f3n en los mercados extranjeros Control de los recursos humanos internos a la empresa que dedicar a la exportaci\u00f3n Control y selecci\u00f3n de los productos que exportar MERCADOS EXTRANJEROS Control de los","protected":false},"author":5,"featured_media":0,"parent":1375,"menu_order":1,"comment_status":"closed","ping_status":"closed","template":"","meta":{"inline_featured_image":false,"footnotes":""},"class_list":["post-1378","page","type-page","status-publish","hentry"],"_links":{"self":[{"href":"https:\/\/www.rubiconex.com\/es\/wp-json\/wp\/v2\/pages\/1378","targetHints":{"allow":["GET"]}}],"collection":[{"href":"https:\/\/www.rubiconex.com\/es\/wp-json\/wp\/v2\/pages"}],"about":[{"href":"https:\/\/www.rubiconex.com\/es\/wp-json\/wp\/v2\/types\/page"}],"author":[{"embeddable":true,"href":"https:\/\/www.rubiconex.com\/es\/wp-json\/wp\/v2\/users\/5"}],"replies":[{"embeddable":true,"href":"https:\/\/www.rubiconex.com\/es\/wp-json\/wp\/v2\/comments?post=1378"}],"version-history":[{"count":0,"href":"https:\/\/www.rubiconex.com\/es\/wp-json\/wp\/v2\/pages\/1378\/revisions"}],"up":[{"embeddable":true,"href":"https:\/\/www.rubiconex.com\/es\/wp-json\/wp\/v2\/pages\/1375"}],"wp:attachment":[{"href":"https:\/\/www.rubiconex.com\/es\/wp-json\/wp\/v2\/media?parent=1378"}],"curies":[{"name":"wp","href":"https:\/\/api.w.org\/{rel}","templated":true}]}}