{"id":1377,"date":"2014-11-02T12:38:37","date_gmt":"2014-11-02T11:38:37","guid":{"rendered":"http:\/\/www.rubiconex.com\/servizi-rubiconex\/panoramica-servizi\/"},"modified":"2017-09-08T09:29:13","modified_gmt":"2017-09-08T07:29:13","slug":"panoramica","status":"publish","type":"page","link":"https:\/\/www.rubiconex.com\/es\/servicios\/panoramica\/","title":{"rendered":"Panor\u00e1mica"},"content":{"rendered":"<section  class=\"section swatch-red-white section-short has-bottom \" ><div class=\"background-media\"><\/div><div class=\"background-overlay\" style=\"\"><\/div><div class=\"container\"><header class=\"section-header text-center no-underline\"><h1 class=\"headline super hairline\">Vuestra oficina de servicios de outsourcing de Exportaci\u00f3n<\/h1><\/header><div class=\"row vertical-middle\"><div class=\"col-md-12  text-default\" ><\/div><\/div><\/div><div class=\"decor-bottom\"><svg class=\"decor\" height=\"100%\" preserveaspectratio=\"none\" version=\"1.1\" viewbox=\"0 0 100 100\" width=\"100%\" xmlns=\"http:\/\/www.w3.org\/2000\/svg\">\n  <path d=\"M0 100 L50 0 L100 100 L100 0 L0 0\" stroke-width=\"0\"><\/path>\n<\/svg>\n<\/div><\/section><section  class=\"section swatch-white-red section-normal \" ><div class=\"background-media\"><\/div><div class=\"background-overlay\" style=\"\"><\/div><div class=\"container\"><header class=\"section-header text-center underline\"><p>Junto con el grupo empresarial programamos el desarrollo de la exportaci\u00f3n, de la fase preparatoria a la localizaci\u00f3n y cuidado de los contactos, as\u00ed como de todas las actividades de gesti\u00f3n. Descubre con detalle nuestras 5 \u00e1reas de intervenci\u00f3n.<\/p><\/header><div class=\"row vertical-top\"><div class=\"col-md-12  text-default\" ><ul class=\"list-unstyled vertical-icon-border box-list\">\n    <li class=\"row\">\n                    <div class=\"col-md-3\">\n                <div class=\"box-round box-normal\"><div class=\"box-dummy\"><\/div><a class=\"box-inner\" href=\"https:\/\/www.rubiconex.com\/es\/servicios\/gestion-area-de-importacion\/\" target=\"_self\"><img decoding=\"async\" width=\"256\" height=\"256\" src=\"https:\/\/www.rubiconex.com\/wp-content\/uploads\/2014\/11\/Icon-Import.png\" class=\"img-circle wp-post-image\" alt=\"\" data-animation=\"wobble\" srcset=\"https:\/\/www.rubiconex.com\/wp-content\/uploads\/2014\/11\/Icon-Import.png 256w, https:\/\/www.rubiconex.com\/wp-content\/uploads\/2014\/11\/Icon-Import-150x150.png 150w, https:\/\/www.rubiconex.com\/wp-content\/uploads\/2014\/11\/Icon-Import-90x90.png 90w\" sizes=\"(max-width: 256px) 100vw, 256px\" \/><\/a><\/div>            <\/div>\n            <div class=\"col-md-9\">\n                            <h2 class=\"bordered-header small-screen-center\">\n                            <a href=\"https:\/\/www.rubiconex.com\/es\/servicios\/gestion-area-de-importacion\/\" target=\"_self\" >\n                            Gesti\u00f3n \u00c1rea de Importaci\u00f3n                            <\/a>\n                        <\/h2>\n                            <p class=\"text-left\">\n            B\u00fasqueda y gesti\u00f3n de proveedores extranjeros            <\/p>\n                        <\/div>\n    <\/li>\n    <li class=\"row\">\n                    <div class=\"col-md-3\">\n                <div class=\"box-round box-normal\"><div class=\"box-dummy\"><\/div><a class=\"box-inner\" href=\"https:\/\/www.rubiconex.com\/es\/servicios\/asistencia-area-de-exportacion\/\" target=\"_self\"><img decoding=\"async\" width=\"256\" height=\"256\" src=\"https:\/\/www.rubiconex.com\/wp-content\/uploads\/2014\/11\/Icon-Assistenza.png\" class=\"img-circle wp-post-image\" alt=\"Assistenza\" data-animation=\"wobble\" srcset=\"https:\/\/www.rubiconex.com\/wp-content\/uploads\/2014\/11\/Icon-Assistenza.png 256w, https:\/\/www.rubiconex.com\/wp-content\/uploads\/2014\/11\/Icon-Assistenza-150x150.png 150w, https:\/\/www.rubiconex.com\/wp-content\/uploads\/2014\/11\/Icon-Assistenza-90x90.png 90w\" sizes=\"(max-width: 256px) 100vw, 256px\" \/><\/a><\/div>            <\/div>\n            <div class=\"col-md-9\">\n                            <h2 class=\"bordered-header small-screen-center\">\n                            <a href=\"https:\/\/www.rubiconex.com\/es\/servicios\/asistencia-area-de-exportacion\/\" target=\"_self\" >\n                            Asistencia \u00c1rea de Exportaci\u00f3n                            <\/a>\n                        <\/h2>\n                            <p class=\"text-left\">\n            Servicios complementarios y asistencia espec\u00edfica            <\/p>\n                        <\/div>\n    <\/li>\n    <li class=\"row\">\n                    <div class=\"col-md-3\">\n                <div class=\"box-round box-normal\"><div class=\"box-dummy\"><\/div><a class=\"box-inner\" href=\"https:\/\/www.rubiconex.com\/es\/servicios\/gestion-area-de-exportacion\/\" target=\"_self\"><img decoding=\"async\" width=\"256\" height=\"256\" src=\"https:\/\/www.rubiconex.com\/wp-content\/uploads\/2014\/11\/Icon-Gestione.png\" class=\"img-circle wp-post-image\" alt=\"\" data-animation=\"wobble\" srcset=\"https:\/\/www.rubiconex.com\/wp-content\/uploads\/2014\/11\/Icon-Gestione.png 256w, https:\/\/www.rubiconex.com\/wp-content\/uploads\/2014\/11\/Icon-Gestione-150x150.png 150w, https:\/\/www.rubiconex.com\/wp-content\/uploads\/2014\/11\/Icon-Gestione-90x90.png 90w\" sizes=\"(max-width: 256px) 100vw, 256px\" \/><\/a><\/div>            <\/div>\n            <div class=\"col-md-9\">\n                            <h2 class=\"bordered-header small-screen-center\">\n                            <a href=\"https:\/\/www.rubiconex.com\/es\/servicios\/gestion-area-de-exportacion\/\" target=\"_self\" >\n                            Gesti\u00f3n \u00c1rea de Export                            <\/a>\n                        <\/h2>\n                            <p class=\"text-left\">\n            Gesti\u00f3n diaria de tus contactos extranjeros            <\/p>\n                        <\/div>\n    <\/li>\n    <li class=\"row\">\n                    <div class=\"col-md-3\">\n                <div class=\"box-round box-normal\"><div class=\"box-dummy\"><\/div><a class=\"box-inner\" href=\"https:\/\/www.rubiconex.com\/es\/servicios\/desarrollo-area-de-exportacion\/\" target=\"_self\"><img decoding=\"async\" width=\"256\" height=\"256\" src=\"https:\/\/www.rubiconex.com\/wp-content\/uploads\/2014\/11\/Icon-Sviluppo.png\" class=\"img-circle wp-post-image\" alt=\"\" data-animation=\"wobble\" srcset=\"https:\/\/www.rubiconex.com\/wp-content\/uploads\/2014\/11\/Icon-Sviluppo.png 256w, https:\/\/www.rubiconex.com\/wp-content\/uploads\/2014\/11\/Icon-Sviluppo-150x150.png 150w, https:\/\/www.rubiconex.com\/wp-content\/uploads\/2014\/11\/Icon-Sviluppo-90x90.png 90w\" sizes=\"(max-width: 256px) 100vw, 256px\" \/><\/a><\/div>            <\/div>\n            <div class=\"col-md-9\">\n                            <h2 class=\"bordered-header small-screen-center\">\n                            <a href=\"https:\/\/www.rubiconex.com\/es\/servicios\/desarrollo-area-de-exportacion\/\" target=\"_self\" >\n                            Desarrollo \u00c1rea de Exportaci\u00f3n                            <\/a>\n                        <\/h2>\n                            <p class=\"text-left\">\n            Selecci\u00f3n de nuevos mercados y b\u00fasqueda de socios            <\/p>\n                        <\/div>\n    <\/li>\n    <li class=\"row\">\n                    <div class=\"col-md-3\">\n                <div class=\"box-round box-normal\"><div class=\"box-dummy\"><\/div><a class=\"box-inner\" href=\"https:\/\/www.rubiconex.com\/es\/servicios\/asesoramiento-area-tecnica\/\" target=\"_self\"><img decoding=\"async\" width=\"600\" height=\"600\" src=\"https:\/\/www.rubiconex.com\/wp-content\/uploads\/2016\/09\/AREA-TECNICA-ICONA-2-600x600.png\" class=\"img-circle wp-post-image\" alt=\"\" data-animation=\"wobble\" srcset=\"https:\/\/www.rubiconex.com\/wp-content\/uploads\/2016\/09\/AREA-TECNICA-ICONA-2-600x600.png 600w, https:\/\/www.rubiconex.com\/wp-content\/uploads\/2016\/09\/AREA-TECNICA-ICONA-2-150x150.png 150w, https:\/\/www.rubiconex.com\/wp-content\/uploads\/2016\/09\/AREA-TECNICA-ICONA-2-300x300.png 300w\" sizes=\"(max-width: 600px) 100vw, 600px\" \/><\/a><\/div>            <\/div>\n            <div class=\"col-md-9\">\n                            <h2 class=\"bordered-header small-screen-center\">\n                            <a href=\"https:\/\/www.rubiconex.com\/es\/servicios\/asesoramiento-area-tecnica\/\" target=\"_self\" >\n                            Asesoramiento \u00c1rea T\u00e9cnica                            <\/a>\n                        <\/h2>\n                            <p class=\"text-left\">\n            Reforzamos tu organizaci\u00f3n            <\/p>\n                        <\/div>\n    <\/li>\n<\/ul>\n<\/div><\/div><\/div><\/section><section  class=\"section swatch-white-red section-tiny footcontact\" ><div class=\"background-media\"><\/div><div class=\"background-overlay\" style=\"background-color:rgba(255,255,255,1)\"><\/div><div class=\"container\"><header class=\"section-header text-center no-underline\"><h1 class=\"headline  regular\">\u00bfQuieres exportar?<\/h1><\/header><div class=\"row vertical-top\"><div class=\"col-md-3  text-default\" ><\/div><div class=\"col-md-6  text-center\" ><a href=\"https:\/\/www.rubiconex.com\/es\/contatti\/#form\" class=\"btn btn-link btn-lg \" target=\"_self\"><i class=\"fa fa-send\"><\/i> Escr\u00edbenos<\/a><\/div><div class=\"col-md-3  text-default\" ><\/div><\/div><\/div><\/section><section  class=\"section swatch-white-red section-tiny \" ><div class=\"background-media\"><\/div><div class=\"background-overlay\" style=\"\"><\/div><div class=\"container\"><div class=\"row vertical-top\"><div class=\"col-md-12  text-default\" ><\/div><\/div><\/div><\/section>\n","protected":false},"excerpt":{"rendered":"Reforzamos tu organizaci\u00f3n","protected":false},"author":5,"featured_media":0,"parent":1375,"menu_order":0,"comment_status":"closed","ping_status":"closed","template":"","meta":{"inline_featured_image":false,"footnotes":""},"class_list":["post-1377","page","type-page","status-publish","hentry"],"_links":{"self":[{"href":"https:\/\/www.rubiconex.com\/es\/wp-json\/wp\/v2\/pages\/1377","targetHints":{"allow":["GET"]}}],"collection":[{"href":"https:\/\/www.rubiconex.com\/es\/wp-json\/wp\/v2\/pages"}],"about":[{"href":"https:\/\/www.rubiconex.com\/es\/wp-json\/wp\/v2\/types\/page"}],"author":[{"embeddable":true,"href":"https:\/\/www.rubiconex.com\/es\/wp-json\/wp\/v2\/users\/5"}],"replies":[{"embeddable":true,"href":"https:\/\/www.rubiconex.com\/es\/wp-json\/wp\/v2\/comments?post=1377"}],"version-history":[{"count":0,"href":"https:\/\/www.rubiconex.com\/es\/wp-json\/wp\/v2\/pages\/1377\/revisions"}],"up":[{"embeddable":true,"href":"https:\/\/www.rubiconex.com\/es\/wp-json\/wp\/v2\/pages\/1375"}],"wp:attachment":[{"href":"https:\/\/www.rubiconex.com\/es\/wp-json\/wp\/v2\/media?parent=1377"}],"curies":[{"name":"wp","href":"https:\/\/api.w.org\/{rel}","templated":true}]}}