{"id":1371,"date":"2014-11-02T15:10:02","date_gmt":"2014-11-02T14:10:02","guid":{"rendered":"http:\/\/www.rubiconex.com\/chi_siamo-2\/"},"modified":"2017-05-29T16:38:39","modified_gmt":"2017-05-29T14:38:39","slug":"quienes-somos","status":"publish","type":"page","link":"https:\/\/www.rubiconex.com\/es\/quienes-somos\/","title":{"rendered":"\u00bfQui\u00e9nes Somos?"},"content":{"rendered":"<section  class=\"section swatch-red-white section-short has-bottom \" ><div class=\"background-media\"><\/div><div class=\"background-overlay\" style=\"\"><\/div><div class=\"container\"><header class=\"section-header text-center no-underline\"><h1 class=\"headline super hairline\">\u00bfQui\u00e9nes Somos?<\/h1><\/header><div class=\"row vertical-top\"><div class=\"col-md-12  text-default\" ><\/div><\/div><\/div><div class=\"decor-bottom\"><svg class=\"decor\" height=\"100%\" preserveaspectratio=\"none\" version=\"1.1\" viewbox=\"0 0 100 100\" width=\"100%\" xmlns=\"http:\/\/www.w3.org\/2000\/svg\">\n  <path d=\"M0 100 L50 0 L100 100 L100 0 L0 0\" stroke-width=\"0\"><\/path>\n<\/svg>\n<\/div><\/section><section  class=\"section swatch-white-red section-normal \" ><div class=\"background-media\"><\/div><div class=\"background-overlay\" style=\"\"><\/div><div class=\"container\"><div class=\"row vertical-top\"><div class=\"col-md-6  text-default\" ><img decoding=\"async\" alt=\"\" src=\"https:\/\/www.rubiconex.com\/wp-content\/uploads\/2014\/11\/Logo-Red-300x150.png\" class=\"aligncenter\"\/><\/div><div class=\"col-md-6  text-default\" ><p class=\"lead text-left\">Somos un equipo de profesionales con s\u00f3lidas competencias y experiencias maduradas a nivel internacional en diferentes sectores productivos. Desde 2009 trabajamos desde nuestra sede de Trento, puente estrat\u00e9gico entre Italia y el Norte de Europa, alcanzando los mercados europeos y extra europeos tanto directamente como por medio de nuestros coordinadores de \u00e1reas locales.<\/p><\/div><\/div><\/div><\/section><section id=\"vision\" class=\"section swatch-red-white section-normal has-bottom has-top \" ><div class=\"decor-top\"><svg class=\"decor\" height=\"100%\" preserveaspectratio=\"none\" version=\"1.1\" viewbox=\"0 0 100 100\" width=\"100%\" xmlns=\"http:\/\/www.w3.org\/2000\/svg\">\n  <path d=\"M0 100 L50 0 L100 100\" stroke-width=\"0\"><\/path>\n<\/svg>\n<\/div><div class=\"background-media\"><\/div><div class=\"background-overlay\" style=\"\"><\/div><div class=\"container\"><header class=\"section-header text-center underline\"><h1 class=\"headline super hairline\">Vision<\/h1><p>La Exportaci\u00f3n como oportunidad<\/p><\/header><div class=\"row vertical-top\"><div class=\"col-md-12  text-default\" ><p class=\"lead text-center\">Ser el socio estrat\u00e9gico de la empresa, capaz de sostenerla para que se conozcan y aprecien sus productos en el extranjero.<\/p><\/div><\/div><\/div><div class=\"decor-bottom\"><svg class=\"decor\" height=\"100%\" preserveaspectratio=\"none\" version=\"1.1\" viewbox=\"0 0 100 100\" width=\"100%\" xmlns=\"http:\/\/www.w3.org\/2000\/svg\">\n  <path d=\"M0 100 L50 0 L100 100 L100 0 L0 0\" stroke-width=\"0\"><\/path>\n<\/svg>\n<\/div><\/section><section id=\"mission\" class=\"section swatch-white-red section-normal \" ><div class=\"background-media\"><\/div><div class=\"background-overlay\" style=\"\"><\/div><div class=\"container\"><header class=\"section-header text-center underline\"><h1 class=\"headline super hairline\">Mission<\/h1><p>Nuestra misi\u00f3n, tu \u00e9xito<\/p><\/header><div class=\"row vertical-top\"><div class=\"col-md-12  text-center\" ><p class=\"lead text-center\">Ofrecer a las peque\u00f1as y medianas empresas los recursos y los servicios para tener \u00e9xito en el mercado global.<br \/>\nDotar a la empresa de instrumentos que refuercen la identidad y le permitan asomarse con seguridad al mercado internacional.<br \/>\n<\/p><p class=\"lead text-center\">Nuestras actividades se reagrupan en las siguientes \u00e1reas de intervenci\u00f3n:<\/p><ul class=\"list-unstyled row  box-list\">     <li class=\"col-md-2\">\n            <div class=\"box-round box-normal\"><div class=\"box-dummy\"><\/div><a class=\"box-inner\" href=\"https:\/\/www.rubiconex.com\/es\/servicios\/panoramica\/\" target=\"_self\"><img decoding=\"async\" width=\"600\" height=\"600\" src=\"https:\/\/www.rubiconex.com\/wp-content\/uploads\/2014\/11\/Rubiconex-Logo1-600x600.png\" class=\"img-circle wp-post-image\" alt=\"\" data-animation=\"bounce\" srcset=\"https:\/\/www.rubiconex.com\/wp-content\/uploads\/2014\/11\/Rubiconex-Logo1-600x600.png 600w, https:\/\/www.rubiconex.com\/wp-content\/uploads\/2014\/11\/Rubiconex-Logo1-150x150.png 150w, https:\/\/www.rubiconex.com\/wp-content\/uploads\/2014\/11\/Rubiconex-Logo1-300x300.png 300w, https:\/\/www.rubiconex.com\/wp-content\/uploads\/2014\/11\/Rubiconex-Logo1.png 800w\" sizes=\"(max-width: 600px) 100vw, 600px\" \/><\/a><\/div>                <h3 class=\"text-center\">\n                    <a href=\"https:\/\/www.rubiconex.com\/es\/servicios\/panoramica\/\"  target=\"_self\">\n                    PANOR\u00c1MICA                    <\/a>\n                <\/h3>\n                <\/li>\n    <li class=\"col-md-2\">\n            <div class=\"box-round box-normal\"><div class=\"box-dummy\"><\/div><a class=\"box-inner\" href=\"https:\/\/www.rubiconex.com\/es\/servicios\/desarrollo-area-de-exportacion\/\" target=\"_self\"><img decoding=\"async\" width=\"600\" height=\"600\" src=\"https:\/\/www.rubiconex.com\/wp-content\/uploads\/2014\/11\/Sviluppo-Export1-600x600.png\" class=\"img-circle wp-post-image\" alt=\"\" data-animation=\"zoomIn\" srcset=\"https:\/\/www.rubiconex.com\/wp-content\/uploads\/2014\/11\/Sviluppo-Export1-600x600.png 600w, https:\/\/www.rubiconex.com\/wp-content\/uploads\/2014\/11\/Sviluppo-Export1-150x150.png 150w, https:\/\/www.rubiconex.com\/wp-content\/uploads\/2014\/11\/Sviluppo-Export1-300x300.png 300w, https:\/\/www.rubiconex.com\/wp-content\/uploads\/2014\/11\/Sviluppo-Export1-90x90.png 90w, https:\/\/www.rubiconex.com\/wp-content\/uploads\/2014\/11\/Sviluppo-Export1-500x500.png 500w, https:\/\/www.rubiconex.com\/wp-content\/uploads\/2014\/11\/Sviluppo-Export1-700x700.png 700w, https:\/\/www.rubiconex.com\/wp-content\/uploads\/2014\/11\/Sviluppo-Export1.png 800w\" sizes=\"(max-width: 600px) 100vw, 600px\" \/><\/a><\/div>                <h3 class=\"text-center\">\n                    <a href=\"https:\/\/www.rubiconex.com\/es\/servicios\/desarrollo-area-de-exportacion\/\"  target=\"_self\">\n                    DESARROLLO<br>\u00c1REA DE EXPORTACI\u00d3N                    <\/a>\n                <\/h3>\n                <\/li>\n    <li class=\"col-md-2\">\n            <div class=\"box-round box-normal\"><div class=\"box-dummy\"><\/div><a class=\"box-inner\" href=\"https:\/\/www.rubiconex.com\/es\/servicios\/gestion-area-de-exportacion\/\" target=\"_self\"><img decoding=\"async\" width=\"600\" height=\"600\" src=\"https:\/\/www.rubiconex.com\/wp-content\/uploads\/2014\/11\/Gestione-Export2-600x600.png\" class=\"img-circle wp-post-image\" alt=\"\" data-animation=\"zoomIn\" srcset=\"https:\/\/www.rubiconex.com\/wp-content\/uploads\/2014\/11\/Gestione-Export2-600x600.png 600w, https:\/\/www.rubiconex.com\/wp-content\/uploads\/2014\/11\/Gestione-Export2-150x150.png 150w, https:\/\/www.rubiconex.com\/wp-content\/uploads\/2014\/11\/Gestione-Export2-300x300.png 300w, https:\/\/www.rubiconex.com\/wp-content\/uploads\/2014\/11\/Gestione-Export2-90x90.png 90w, https:\/\/www.rubiconex.com\/wp-content\/uploads\/2014\/11\/Gestione-Export2-500x500.png 500w, https:\/\/www.rubiconex.com\/wp-content\/uploads\/2014\/11\/Gestione-Export2-700x700.png 700w, https:\/\/www.rubiconex.com\/wp-content\/uploads\/2014\/11\/Gestione-Export2.png 800w\" sizes=\"(max-width: 600px) 100vw, 600px\" \/><\/a><\/div>                <h3 class=\"text-center\">\n                    <a href=\"https:\/\/www.rubiconex.com\/es\/servicios\/gestion-area-de-exportacion\/\"  target=\"_self\">\n                    GESTI\u00d3N<br>\u00c1REA DE EXPORTACI\u00d3N                    <\/a>\n                <\/h3>\n                <\/li>\n    <li class=\"col-md-2\">\n            <div class=\"box-round box-normal\"><div class=\"box-dummy\"><\/div><a class=\"box-inner\" href=\"https:\/\/www.rubiconex.com\/es\/servicios\/asistencia-area-de-exportacion\/\" target=\"_self\"><img decoding=\"async\" width=\"600\" height=\"600\" src=\"https:\/\/www.rubiconex.com\/wp-content\/uploads\/2014\/11\/Assistenza-Export1-600x600.png\" class=\"img-circle wp-post-image\" alt=\"\" data-animation=\"zoomIn\" srcset=\"https:\/\/www.rubiconex.com\/wp-content\/uploads\/2014\/11\/Assistenza-Export1-600x600.png 600w, https:\/\/www.rubiconex.com\/wp-content\/uploads\/2014\/11\/Assistenza-Export1-150x150.png 150w, https:\/\/www.rubiconex.com\/wp-content\/uploads\/2014\/11\/Assistenza-Export1-300x300.png 300w, https:\/\/www.rubiconex.com\/wp-content\/uploads\/2014\/11\/Assistenza-Export1-90x90.png 90w, https:\/\/www.rubiconex.com\/wp-content\/uploads\/2014\/11\/Assistenza-Export1-500x500.png 500w, https:\/\/www.rubiconex.com\/wp-content\/uploads\/2014\/11\/Assistenza-Export1-700x700.png 700w, https:\/\/www.rubiconex.com\/wp-content\/uploads\/2014\/11\/Assistenza-Export1.png 800w\" sizes=\"(max-width: 600px) 100vw, 600px\" \/><\/a><\/div>                <h3 class=\"text-center\">\n                    <a href=\"https:\/\/www.rubiconex.com\/es\/servicios\/asistencia-area-de-exportacion\/\"  target=\"_self\">\n                    ASISTENCIA<br>\u00c1REA DE EXPORTACI\u00d3N                    <\/a>\n                <\/h3>\n                <\/li>\n    <li class=\"col-md-2\">\n            <div class=\"box-round box-normal\"><div class=\"box-dummy\"><\/div><a class=\"box-inner\" href=\"https:\/\/www.rubiconex.com\/es\/servicios\/gestion-area-de-importacion\/\" target=\"_self\"><img decoding=\"async\" width=\"600\" height=\"600\" src=\"https:\/\/www.rubiconex.com\/wp-content\/uploads\/2014\/11\/Gestione-Import-600x600.png\" class=\"img-circle wp-post-image\" alt=\"Gestione Import\" data-animation=\"zoomIn\" srcset=\"https:\/\/www.rubiconex.com\/wp-content\/uploads\/2014\/11\/Gestione-Import-600x600.png 600w, https:\/\/www.rubiconex.com\/wp-content\/uploads\/2014\/11\/Gestione-Import-150x150.png 150w, https:\/\/www.rubiconex.com\/wp-content\/uploads\/2014\/11\/Gestione-Import-300x300.png 300w, https:\/\/www.rubiconex.com\/wp-content\/uploads\/2014\/11\/Gestione-Import.png 800w\" sizes=\"(max-width: 600px) 100vw, 600px\" \/><\/a><\/div>                <h3 class=\"text-center\">\n                    <a href=\"https:\/\/www.rubiconex.com\/es\/servicios\/gestion-area-de-importacion\/\"  target=\"_self\">\n                    GESTI\u00d3N<br>\u00c1REA DE IMPORTACI\u00d3N                    <\/a>\n                <\/h3>\n                <\/li>\n    <li class=\"col-md-2\">\n            <div class=\"box-round box-normal\"><div class=\"box-dummy\"><\/div><a class=\"box-inner\" href=\"https:\/\/www.rubiconex.com\/es\/servicios\/asesoramiento-area-tecnica\/\" target=\"_self\"><img decoding=\"async\" width=\"600\" height=\"600\" src=\"https:\/\/www.rubiconex.com\/wp-content\/uploads\/2016\/09\/ICONA-SU-ARANCIONE-800-600x600.png\" class=\"img-circle wp-post-image\" alt=\"\" data-animation=\"zoomIn\" srcset=\"https:\/\/www.rubiconex.com\/wp-content\/uploads\/2016\/09\/ICONA-SU-ARANCIONE-800-600x600.png 600w, https:\/\/www.rubiconex.com\/wp-content\/uploads\/2016\/09\/ICONA-SU-ARANCIONE-800-150x150.png 150w, https:\/\/www.rubiconex.com\/wp-content\/uploads\/2016\/09\/ICONA-SU-ARANCIONE-800-300x300.png 300w\" sizes=\"(max-width: 600px) 100vw, 600px\" \/><\/a><\/div>                <h3 class=\"text-center\">\n                    <a href=\"https:\/\/www.rubiconex.com\/es\/servicios\/asesoramiento-area-tecnica\/\"  target=\"_self\">\n                    ASESORAMIENTO<br>\u00c1REA<br>T\u00c9CNICA                    <\/a>\n                <\/h3>\n                <\/li>\n<\/ul>\n<\/div><\/div><\/div><\/section><section id=\"features\" class=\"section swatch-red-white section-normal has-top \" ><div class=\"decor-top\"><svg class=\"decor\" height=\"100%\" preserveaspectratio=\"none\" version=\"1.1\" viewbox=\"0 0 100 100\" width=\"100%\" xmlns=\"http:\/\/www.w3.org\/2000\/svg\">\n  <path d=\"M0 0 L50 100 L100 0 L100 100 L0 100\" stroke-width=\"0\"><\/path>\n<\/svg>\n<\/div><div class=\"background-media\"><\/div><div class=\"background-overlay\" style=\"\"><\/div><div class=\"container\"><header class=\"section-header text-center underline\"><h1 class=\"headline super hairline\">\u00bfPor qu\u00e9 trabajar en el extranjero con nosotros?<\/h1><\/header><div class=\"row vertical-top\"><div class=\"col-md-12  text-default\" ><p style=\"text-align: center;\"><strong>Estos son los incentivos que te ofrecemos:<\/strong><\/p>\n<\/div><div class=\"col-md-3  text-left\" ><\/div><div class=\"col-md-6  text-default\" ><ul>\n<li style=\"text-align: left;\">Reducci\u00f3n radical de los costes fijos para la empresa<\/li>\n<li style=\"text-align: left;\">Superaci\u00f3n de todas las barreras ling\u00fc\u00edsticas<\/li>\n<li style=\"text-align: left;\">Acciones eficaces garantizadas por la red internacional<\/li>\n<li style=\"text-align: left;\">Servicios a medida, flexibles y modulables<\/li>\n<li style=\"text-align: left;\">Fiabilidad, relaci\u00f3n continuada y confidencial<\/li>\n<\/ul>\n<\/div><div class=\"col-md-3  text-default\" ><\/div><\/div><\/div><\/section><section  class=\"section swatch-white-red section-normal \" ><div class=\"background-media\"><\/div><div class=\"background-overlay\" style=\"\"><\/div><div class=\"container\"><header class=\"section-header text-center no-underline\"><h1 class=\"headline  regular\">\u00bfQuieres exportar?<\/h1><p>La comunicaci\u00f3n escrita, por mucho que sea aut\u00e9ntica, clara y sint\u00e9tica, no sustituye el encuentro directo y la profundizaci\u00f3n que deriva de ella. Si vuestro inter\u00e9s y la situaci\u00f3n de vuestra empresa lo sugieren os invitamos a escribirnos, llamarnos o pasar a vernos a nuestra sede en Lavis (Trento).<\/p><\/header><div class=\"row vertical-top\"><div class=\"col-md-2  text-default\" ><\/div><div class=\"col-md-8  text-center\" ><a href=\"\/es\/contatti#form\" class=\"btn btn-primary btn-lg \" target=\"_self\"><i class=\"fa fa-send-o\"><\/i> Escr\u00edbenos<\/a><\/div><div class=\"col-md-2  text-default\" ><\/div><\/div><\/div><\/section>\n","protected":false},"excerpt":{"rendered":"","protected":false},"author":5,"featured_media":0,"parent":0,"menu_order":0,"comment_status":"open","ping_status":"open","template":"","meta":{"inline_featured_image":false,"footnotes":""},"class_list":["post-1371","page","type-page","status-publish","hentry"],"_links":{"self":[{"href":"https:\/\/www.rubiconex.com\/es\/wp-json\/wp\/v2\/pages\/1371","targetHints":{"allow":["GET"]}}],"collection":[{"href":"https:\/\/www.rubiconex.com\/es\/wp-json\/wp\/v2\/pages"}],"about":[{"href":"https:\/\/www.rubiconex.com\/es\/wp-json\/wp\/v2\/types\/page"}],"author":[{"embeddable":true,"href":"https:\/\/www.rubiconex.com\/es\/wp-json\/wp\/v2\/users\/5"}],"replies":[{"embeddable":true,"href":"https:\/\/www.rubiconex.com\/es\/wp-json\/wp\/v2\/comments?post=1371"}],"version-history":[{"count":0,"href":"https:\/\/www.rubiconex.com\/es\/wp-json\/wp\/v2\/pages\/1371\/revisions"}],"wp:attachment":[{"href":"https:\/\/www.rubiconex.com\/es\/wp-json\/wp\/v2\/media?parent=1371"}],"curies":[{"name":"wp","href":"https:\/\/api.w.org\/{rel}","templated":true}]}}