{"id":4634,"date":"2019-01-11T10:28:08","date_gmt":"2019-01-11T09:28:08","guid":{"rendered":"https:\/\/www.rubiconex.com\/?page_id=4634"},"modified":"2019-01-11T10:28:09","modified_gmt":"2019-01-11T09:28:09","slug":"zielmaerkte","status":"publish","type":"page","link":"https:\/\/www.rubiconex.com\/de\/zielmaerkte\/","title":{"rendered":"Zielm\u00e4rkte"},"content":{"rendered":"<section  class=\"section swatch-red-white section-nopadding has-bottom \" ><div class=\"background-media\"><\/div><div class=\"background-overlay\" style=\"\"><\/div><div class=\"container\"><header class=\"section-header text-center no-underline\"><h1 class=\"headline super hairline\">Unsere Zielm\u00e4rkte<\/h1><\/header><div class=\"row vertical-top\"><div class=\"col-md-12  text-default\" ><p class=\"lead text-center\"><\/p><\/div><\/div><\/div><div class=\"decor-bottom\"><svg class=\"decor\" height=\"100%\" preserveaspectratio=\"none\" version=\"1.1\" viewbox=\"0 0 100 100\" width=\"100%\" xmlns=\"http:\/\/www.w3.org\/2000\/svg\">\n  <path d=\"M0 100 L50 0 L100 100 L100 0 L0 0\" stroke-width=\"0\"><\/path>\n<\/svg>\n<\/div><\/section><section  class=\"section swatch-white-red section-short \" ><div class=\"background-media\"><\/div><div class=\"background-overlay\" style=\"\"><\/div><div class=\"container\"><div class=\"row vertical-top\"><div class=\"col-md-12  text-default\" ><div class=\"row \"><div class=\"col-md-12  text-default\" ><\/div><\/div><div class=\"row \"><div class=\"col-md-12  text-default\" ><\/div><\/div><div class=\"row \"><div class=\"col-md-3  text-default\" ><img decoding=\"async\" alt=\"\" src=\"https:\/\/www.rubiconex.com\/wp-content\/uploads\/2018\/03\/MERCATI-2-300x227.jpg\" class=\"alignnone\"\/><\/div><div class=\"col-md-9  text-left\" >[vc_empty_space]<p class=\"lead text-left\">RubiconEX bedient alle europ\u00e4ischen M\u00e4rkte, mit besonderem Schwerpunkt auf dem deutschsprachigen Raum:<\/p>\n<p>&#x1f4cd; Deutschland<br \/>\n&#x1f4cd; \u00d6sterreich<br \/>\n&#x1f4cd; Schweiz<br \/>\n(sog. D-A-CH-M\u00e4rkte)<\/p><\/div><\/div><div class=\"col-md-12  text-default\" ><\/div><p class=\"lead text-left\">Unsere internen Export Manager sprechen Englisch, Deutsch, Franz\u00f6sisch, Spanisch und Russisch und koordinieren die Arbeit der Area Export Manager, unserer externen Mitarbeiterinnen und Mitarbeiter mit Desks in folgenden L\u00e4ndern:<\/p><div class=\"row \"><div class=\"col-md-4  text-default\" ><p class=\"lead text-left\">&#x1f4cd; T\u00fcrkei<br \/>\n&#x1f4cd; Russische F\u00f6deration<br \/>\n&#x1f4cd; Marokko und Tunesien<br \/>\n&#x1f4cd; Australien<br \/>\n&#x1f4cd; Brasilien<br \/>\n&#x1f4cd; USA<br \/>\n&#x1f4cd; Benelux<br \/>\n&#x1f4cd; Qatar und AE<\/p><\/div><div class=\"col-md-8  text-default\" ><img decoding=\"async\" alt=\"\" src=\"https:\/\/www.rubiconex.com\/wp-content\/uploads\/2018\/02\/Mappa.jpg\" class=\"aligncenter\"\/><\/div><\/div><div class=\"col-md-12  text-default\" ><\/div><hr><p><span style=\"color: #ff0000;\"> AUSLANDS-KUNDENSERVICE R <\/span><\/p>\n<p class=\"lead text-left\">F\u00fcr einige unserer Kunden betreuen wir den ausl\u00e4ndischen Kundenservice und \u00fcbernehmen die Verwaltung weltweiter Handelsbeziehungen \u2013 vom ersten Kontakt mit potentiellen Kunden bis hin zu Inkasso und Zahlung.<\/p><img decoding=\"async\" alt=\"\" src=\"https:\/\/www.rubiconex.com\/wp-content\/uploads\/2018\/02\/Cutomer-Service.jpg\" class=\"aligncenter\"\/><\/div><\/div><\/div><\/section><section  class=\"section swatch-white-red section-tiny footcontact\" ><div class=\"background-media\"><\/div><div class=\"background-overlay\" style=\"background-color:rgba(255,255,255,1)\"><\/div><div class=\"container\"><header class=\"section-header text-center no-underline\"><h1 class=\"headline  regular\">Do you want to export your products?<\/h1><p>As authentic, clear, and straight-to-the-point as it may be, written communication cannot replace face-to-face interaction and the insights it brings. If you are interested, and the situation of your company suggests so, get in touch! You can send us an email, call, or you can come and meet us at our headquarters in Lavis (Trento).<\/p><\/header><div class=\"row vertical-top\"><div class=\"col-md-2  text-default\" ><\/div><div class=\"col-md-8  text-center\" ><a href=\"\/contatti#form\" class=\"btn btn-link btn-lg \" target=\"_self\"><i class=\"fa fa-send\"><\/i> Write us<\/a><\/div><div class=\"col-md-2  text-default\" ><\/div><\/div><\/div><\/section><section  class=\"section swatch-white-red section-tiny \" ><div class=\"background-media\"><\/div><div class=\"background-overlay\" style=\"\"><\/div><div class=\"container\"><div class=\"row vertical-top\"><div class=\"col-md-12  text-default\" ><\/div><\/div><\/div><\/section>\n","protected":false},"excerpt":{"rendered":"Unsere Zielm\u00e4rkte [vc_empty_space]RubiconEX bedient alle europ\u00e4ischen M\u00e4rkte, mit besonderem Schwerpunkt auf dem deutschsprachigen Raum: &#x1f4cd; Deutschland &#x1f4cd; \u00d6sterreich &#x1f4cd; Schweiz (sog. D-A-CH-M\u00e4rkte)Unsere internen Export Manager sprechen Englisch, Deutsch, Franz\u00f6sisch, Spanisch und Russisch und koordinieren die Arbeit der Area Export Manager, unserer externen Mitarbeiterinnen und Mitarbeiter mit Desks in folgenden L\u00e4ndern:&#x1f4cd; T\u00fcrkei &#x1f4cd; Russische F\u00f6deration &#x1f4cd;","protected":false},"author":7,"featured_media":0,"parent":0,"menu_order":0,"comment_status":"open","ping_status":"open","template":"","meta":{"inline_featured_image":false,"footnotes":""},"class_list":["post-4634","page","type-page","status-publish","hentry"],"_links":{"self":[{"href":"https:\/\/www.rubiconex.com\/de\/wp-json\/wp\/v2\/pages\/4634","targetHints":{"allow":["GET"]}}],"collection":[{"href":"https:\/\/www.rubiconex.com\/de\/wp-json\/wp\/v2\/pages"}],"about":[{"href":"https:\/\/www.rubiconex.com\/de\/wp-json\/wp\/v2\/types\/page"}],"author":[{"embeddable":true,"href":"https:\/\/www.rubiconex.com\/de\/wp-json\/wp\/v2\/users\/7"}],"replies":[{"embeddable":true,"href":"https:\/\/www.rubiconex.com\/de\/wp-json\/wp\/v2\/comments?post=4634"}],"version-history":[{"count":0,"href":"https:\/\/www.rubiconex.com\/de\/wp-json\/wp\/v2\/pages\/4634\/revisions"}],"wp:attachment":[{"href":"https:\/\/www.rubiconex.com\/de\/wp-json\/wp\/v2\/media?parent=4634"}],"curies":[{"name":"wp","href":"https:\/\/api.w.org\/{rel}","templated":true}]}}