{"id":2065,"date":"2016-09-18T18:09:41","date_gmt":"2016-09-18T16:09:41","guid":{"rendered":"http:\/\/www.rubiconex.com\/de\/?page_id=2065"},"modified":"2017-09-08T09:26:49","modified_gmt":"2017-09-08T07:26:49","slug":"beratung-technischer-bereich","status":"publish","type":"page","link":"https:\/\/www.rubiconex.com\/de\/serviceumfang\/beratung-technischer-bereich\/","title":{"rendered":"Beratung Technischer Bereich"},"content":{"rendered":"<section id=\"section-cat\" class=\"section swatch-red-white section-tiny has-bottom \" ><div class=\"background-media\"><\/div><div class=\"background-overlay\" style=\"\"><\/div><div class=\"container\"><div class=\"row vertical-middle\"><div class=\"col-md-3  text-default\" ><div class=\"box-wrap alignnone\" data-animation=\"none\"><div class=\"box-round box-big flat-shadow\"><div class=\"box-dummy\"><\/div><span class=\"box-inner\"><img decoding=\"async\" alt=\"\" src=\"https:\/\/www.rubiconex.com\/wp-content\/uploads\/2016\/09\/ICONA-SU-BIANCO-2-600x600.png\"\/><\/span><\/div><\/div><\/div><div class=\"col-md-9  text-default\" ><h1 class=\"bordered-header\"><span style=\"color: #000000;\">Beratung Technischer Bereich<\/span><\/h1>\n<p class=\"lead\"><span style=\"color: #000000;\">WIR ST\u00c4RKEN IHRE UNTERNEHMENSORGANISATION<\/span><\/p>\n<\/div><\/div><\/div><div class=\"decor-bottom\"><svg class=\"decor\" height=\"100%\" preserveaspectratio=\"none\" version=\"1.1\" viewbox=\"0 0 100 100\" width=\"100%\" xmlns=\"http:\/\/www.w3.org\/2000\/svg\">\n  <path d=\"M0 100 L100 0 L0 0\" stroke-width=\"0\"><\/path>\n<\/svg>\n<\/div><\/section><section  class=\"section swatch-white-red section-normal \" ><div class=\"background-media\"><\/div><div class=\"background-overlay\" style=\"\"><\/div><div class=\"container\"><div class=\"row vertical-top\"><div class=\"col-md-12  text-default\" ><p><b>ANALYSE<\/b><\/p>\n<ul>\n<li>Auswertung der Organisation von betrieblichen Prozessen<\/li>\n<li>Ermittlung der Eingriffe in Absprache mit dem Unternehmen<\/li>\n<\/ul>\n<p><b>ERSTELLUNG DER STRATEGIE<\/b><\/p>\n<ul>\n<li>Festlegung des Eingriffsprogramms<\/li>\n<li>Ermittlung des Verfahrens und der verf\u00fcgbaren Ressourcen<\/li>\n<\/ul>\n<p><b>PROJEKTMANAGEMENT<\/b><\/p>\n<ul>\n<li>Koordinierte T\u00e4tigkeitsverwaltung<\/li>\n<li>Verwaltung der internationalen Auftr\u00e4ge<\/li>\n<li>Managementkontrolle<\/li>\n<li>Koordination der IT-Systeme<\/li>\n<\/ul>\n<p><b>ZERTIFIZIERUNGEN<\/b><\/p>\n<ul>\n<li>Qualit\u00e4tssicherungssystem<\/li>\n<li>Unternehmenszertifizierung<\/li>\n<li>Produktzertifizierung<\/li>\n<\/ul>\n<p><b>SCHUTZ DES GEISTIGEN EIGENTUMS<\/b><\/p>\n<ul>\n<li>Analyse der Referenzm\u00e4rkte<\/li>\n<li>Patente<\/li>\n<li>Marken<\/li>\n<\/ul>\n<p><b>DOKUMENTATION<\/b><\/p>\n<ul>\n<li>Erstellung der technischen Unterlagen<\/li>\n<li>Handb\u00fccher<\/li>\n<li>Produktlisten<\/li>\n<li>Web-Koordination<\/li>\n<\/ul>\n<p><b>SUPPLY-CHAIN-MANAGEMENT<\/b><\/p>\n<ul>\n<li>Analyse<\/li>\n<li>Entwicklung<\/li>\n<li>\u00dcberwachung<\/li>\n<\/ul>\n<p><b>TRAINING UND COACHING<\/b><\/p>\n<\/div><\/div><\/div><\/section><section  class=\"section swatch-white-red section-tiny footcontact\" ><div class=\"background-media\"><\/div><div class=\"background-overlay\" style=\"background-color:rgba(255,255,255,1)\"><\/div><div class=\"container\"><header class=\"section-header text-center no-underline\"><h1 class=\"headline  light\">Brauchen Sie Hilfe f\u00fcr das Management?<\/h1><\/header><div class=\"row vertical-top\"><div class=\"col-md-3  text-default\" ><\/div><div class=\"col-md-6  text-center\" ><a href=\"https:\/\/www.rubiconex.com\/de\/contatti#form\" class=\"btn btn-link btn-lg \" target=\"_self\"><i class=\"fa fa-send\"><\/i> Schreiben Sie uns<\/a><\/div><div class=\"col-md-3  text-default\" ><\/div><\/div><\/div><\/section><section  class=\"section swatch-white-red section-tiny \" ><div class=\"background-media\"><\/div><div class=\"background-overlay\" style=\"\"><\/div><div class=\"container\"><div class=\"row vertical-top\"><div class=\"col-md-12  text-default\" ><\/div><\/div><\/div><\/section>\n","protected":false},"excerpt":{"rendered":"Beratung Technischer Bereich WIR ST\u00c4RKEN IHRE UNTERNEHMENSORGANISATION ANALYSE Auswertung der Organisation von betrieblichen Prozessen Ermittlung der Eingriffe in Absprache mit dem Unternehmen ERSTELLUNG DER STRATEGIE Festlegung des Eingriffsprogramms Ermittlung des Verfahrens und der verf\u00fcgbaren Ressourcen PROJEKTMANAGEMENT Koordinierte T\u00e4tigkeitsverwaltung Verwaltung der internationalen Auftr\u00e4ge Managementkontrolle Koordination der IT-Systeme ZERTIFIZIERUNGEN Qualit\u00e4tssicherungssystem Unternehmenszertifizierung Produktzertifizierung SCHUTZ DES GEISTIGEN EIGENTUMS Analyse","protected":false},"author":5,"featured_media":0,"parent":1300,"menu_order":6,"comment_status":"closed","ping_status":"closed","template":"","meta":{"inline_featured_image":false,"footnotes":""},"class_list":["post-2065","page","type-page","status-publish","hentry"],"_links":{"self":[{"href":"https:\/\/www.rubiconex.com\/de\/wp-json\/wp\/v2\/pages\/2065","targetHints":{"allow":["GET"]}}],"collection":[{"href":"https:\/\/www.rubiconex.com\/de\/wp-json\/wp\/v2\/pages"}],"about":[{"href":"https:\/\/www.rubiconex.com\/de\/wp-json\/wp\/v2\/types\/page"}],"author":[{"embeddable":true,"href":"https:\/\/www.rubiconex.com\/de\/wp-json\/wp\/v2\/users\/5"}],"replies":[{"embeddable":true,"href":"https:\/\/www.rubiconex.com\/de\/wp-json\/wp\/v2\/comments?post=2065"}],"version-history":[{"count":0,"href":"https:\/\/www.rubiconex.com\/de\/wp-json\/wp\/v2\/pages\/2065\/revisions"}],"up":[{"embeddable":true,"href":"https:\/\/www.rubiconex.com\/de\/wp-json\/wp\/v2\/pages\/1300"}],"wp:attachment":[{"href":"https:\/\/www.rubiconex.com\/de\/wp-json\/wp\/v2\/media?parent=2065"}],"curies":[{"name":"wp","href":"https:\/\/api.w.org\/{rel}","templated":true}]}}