{"id":1325,"date":"2014-11-02T12:42:28","date_gmt":"2014-11-02T11:42:28","guid":{"rendered":"http:\/\/www.rubiconex.com\/servizi-rubiconex\/assistenza-area-export\/"},"modified":"2017-09-08T09:24:42","modified_gmt":"2017-09-08T07:24:42","slug":"assistenz-bereich-export","status":"publish","type":"page","link":"https:\/\/www.rubiconex.com\/de\/serviceumfang\/assistenz-bereich-export\/","title":{"rendered":"Assistenz Bereich Export"},"content":{"rendered":"<section id=\"section-aae\" class=\"section swatch-red-white section-tiny has-bottom \" ><div class=\"background-media\"><\/div><div class=\"background-overlay\" style=\"\"><\/div><div class=\"container\"><div class=\"row vertical-middle\"><div class=\"col-md-3  text-default\" ><div class=\"box-wrap alignnone\" data-animation=\"none\"><div class=\"box-round box-big flat-shadow\"><div class=\"box-dummy\"><\/div><span class=\"box-inner\"><img decoding=\"async\" alt=\"\" src=\"https:\/\/www.rubiconex.com\/wp-content\/uploads\/2014\/11\/Assistenza-Export-Gray-600x600.png\"\/><\/span><\/div><\/div><\/div><div class=\"col-md-9  text-default\" ><h1 class=\"bordered-header\"><span style=\"color: #ffffff;\"><strong>KUNDENDIENST BEREICH EXPORT<\/strong><\/span><\/h1>\n<p class=\"lead\"><span style=\"color: #ffffff;\">WIR PFLEGEN IHRE\u00a0 GESCH\u00c4FTE<\/span><\/p>\n<\/div><\/div><\/div><div class=\"decor-bottom\"><svg class=\"decor\" height=\"100%\" preserveaspectratio=\"none\" version=\"1.1\" viewbox=\"0 0 100 100\" width=\"100%\" xmlns=\"http:\/\/www.w3.org\/2000\/svg\">\n  <path d=\"M0 100 L100 0 L0 0\" stroke-width=\"0\"><\/path>\n<\/svg>\n<\/div><\/section><section  class=\"section swatch-white-red section-normal \" ><div class=\"background-media\"><\/div><div class=\"background-overlay\" style=\"\"><\/div><div class=\"container\"><div class=\"row vertical-top\"><div class=\"col-md-12  text-default\" ><p><b><strong>UNTERNEHMENSBERATUNG INTERNATIONALISIERUNG<\/strong><\/b><\/p>\n<ul>\n<li>Unternehmensstrategie Export<\/li>\n<li>Marktanalyse<\/li>\n<li>Interne Audits<\/li>\n<li>Beihilfen und Finanzierungen<\/li>\n<\/ul>\n<p><b><strong>KOORDINIERTE KOMMUNIKATION<\/strong><\/b><\/p>\n<ul>\n<li>Bewertung und Koordinierung der Kommunikationsinstrumente<\/li>\n<li>Webseite<\/li>\n<li>Kataloge und Datenbl\u00e4tter<\/li>\n<li>Unternehmenspr\u00e4sentationen<\/li>\n<li>Social Media<\/li>\n<li>Promotionskampagnen und Newsletter<\/li>\n<\/ul>\n<p><b><strong>LINGUISTIK<\/strong><\/b><\/p>\n<ul>\n<li>Professionelle, handelsrechtliche und technische \u00dcbersetzungen<\/li>\n<li>Dolmetschen bei Verhandlungen<\/li>\n<\/ul>\n<p><b><strong>VERKAUFSVERANSTALTUNGEN (Messen, Treffen B2B, Auslandsmissionen, Seminare)<\/strong><\/b><\/p>\n<ul>\n<li>Organisatorische Strategie und Assistenz<\/li>\n<li>Begleitung zur Veranstaltung<\/li>\n<li>Verkaufs-Follow-Up<\/li>\n<\/ul>\n<p><b>INCOMING MISSIONS<\/b><\/p>\n<ul>\n<li>Organisation von Besuchen im Unternehmen<\/li>\n<li>Support bei externen Audits<\/li>\n<\/ul>\n<p><b><strong>SCHULUNG<\/strong><\/b><\/p>\n<ul>\n<li>Pr\u00e4senzschulungen zu Export-Themen<\/li>\n<li>Begleitung des Verkaufsteams im Unternehmen<\/li>\n<li>Business English<\/li>\n<\/ul>\n<\/div><\/div><\/div><\/section><section  class=\"section swatch-white-red section-tiny footcontact\" ><div class=\"background-media\"><\/div><div class=\"background-overlay\" style=\"background-color:rgba(255,255,255,1)\"><\/div><div class=\"container\"><header class=\"section-header text-center no-underline\"><h1 class=\"headline  regular\">Brauchen Sie eine spezielle Unterst\u00fctzung?<\/h1><\/header><div class=\"row vertical-top\"><div class=\"col-md-3  text-default\" ><\/div><div class=\"col-md-6  text-center\" ><a href=\"\/de\/contatti#form\" class=\"btn btn-link btn-lg \" target=\"_self\"><i class=\"fa fa-send\"><\/i> Schreiben Sie uns<\/a><\/div><div class=\"col-md-3  text-default\" ><\/div><\/div><\/div><\/section><section  class=\"section swatch-white-red section-tiny \" ><div class=\"background-media\"><\/div><div class=\"background-overlay\" style=\"\"><\/div><div class=\"container\"><div class=\"row vertical-top\"><div class=\"col-md-12  text-default\" ><\/div><\/div><\/div><\/section>\n","protected":false},"excerpt":{"rendered":"KUNDENDIENST BEREICH EXPORT WIR PFLEGEN IHRE\u00a0 GESCH\u00c4FTE UNTERNEHMENSBERATUNG INTERNATIONALISIERUNG Unternehmensstrategie Export Marktanalyse Interne Audits Beihilfen und Finanzierungen KOORDINIERTE KOMMUNIKATION Bewertung und Koordinierung der Kommunikationsinstrumente Webseite Kataloge und Datenbl\u00e4tter Unternehmenspr\u00e4sentationen Social Media Promotionskampagnen und Newsletter LINGUISTIK Professionelle, handelsrechtliche und technische \u00dcbersetzungen Dolmetschen bei Verhandlungen VERKAUFSVERANSTALTUNGEN (Messen, Treffen B2B, Auslandsmissionen, Seminare) Organisatorische Strategie und Assistenz Begleitung zur","protected":false},"author":5,"featured_media":0,"parent":1300,"menu_order":3,"comment_status":"closed","ping_status":"closed","template":"","meta":{"inline_featured_image":false,"footnotes":""},"class_list":["post-1325","page","type-page","status-publish","hentry"],"_links":{"self":[{"href":"https:\/\/www.rubiconex.com\/de\/wp-json\/wp\/v2\/pages\/1325","targetHints":{"allow":["GET"]}}],"collection":[{"href":"https:\/\/www.rubiconex.com\/de\/wp-json\/wp\/v2\/pages"}],"about":[{"href":"https:\/\/www.rubiconex.com\/de\/wp-json\/wp\/v2\/types\/page"}],"author":[{"embeddable":true,"href":"https:\/\/www.rubiconex.com\/de\/wp-json\/wp\/v2\/users\/5"}],"replies":[{"embeddable":true,"href":"https:\/\/www.rubiconex.com\/de\/wp-json\/wp\/v2\/comments?post=1325"}],"version-history":[{"count":0,"href":"https:\/\/www.rubiconex.com\/de\/wp-json\/wp\/v2\/pages\/1325\/revisions"}],"up":[{"embeddable":true,"href":"https:\/\/www.rubiconex.com\/de\/wp-json\/wp\/v2\/pages\/1300"}],"wp:attachment":[{"href":"https:\/\/www.rubiconex.com\/de\/wp-json\/wp\/v2\/media?parent=1325"}],"curies":[{"name":"wp","href":"https:\/\/api.w.org\/{rel}","templated":true}]}}