{"id":1323,"date":"2014-11-02T12:41:18","date_gmt":"2014-11-02T11:41:18","guid":{"rendered":"http:\/\/www.rubiconex.com\/servizi-rubiconex\/sviluppo-area-export\/"},"modified":"2017-09-08T09:23:04","modified_gmt":"2017-09-08T07:23:04","slug":"entwicklung-bereich-export","status":"publish","type":"page","link":"https:\/\/www.rubiconex.com\/de\/serviceumfang\/entwicklung-bereich-export\/","title":{"rendered":"Entwicklung Bereich Export"},"content":{"rendered":"<section id=\"section-sae\" class=\"section swatch-red-white section-tiny has-bottom \" ><div class=\"background-media\"><\/div><div class=\"background-overlay\" style=\"\"><\/div><div class=\"container\"><div class=\"row vertical-middle\"><div class=\"col-md-3  text-default\" ><div class=\"box-wrap alignnone\" data-animation=\"none\"><div class=\"box-round box-big flat-shadow\"><div class=\"box-dummy\"><\/div><span class=\"box-inner\"><img decoding=\"async\" alt=\"\" src=\"https:\/\/www.rubiconex.com\/wp-content\/uploads\/2014\/11\/Sviluppo-Export-Gray-600x600.png\"\/><\/span><\/div><\/div><\/div><div class=\"col-md-9  text-default\" ><h1 class=\"bordered-header\"><span style=\"color: #ffffff;\">ENTWICKLUNG BEREICH EXPORT<\/span><\/h1>\n<p class=\"lead\"><span style=\"color: #ffffff;\">WIR PFLEGEN IHRE M\u00d6GLICHKEITEN<\/span><\/p>\n<\/div><\/div><\/div><div class=\"decor-bottom\"><svg class=\"decor\" height=\"100%\" preserveaspectratio=\"none\" version=\"1.1\" viewbox=\"0 0 100 100\" width=\"100%\" xmlns=\"http:\/\/www.w3.org\/2000\/svg\">\n  <path d=\"M0 100 L100 0 L0 0\" stroke-width=\"0\"><\/path>\n<\/svg>\n<\/div><\/section><section  class=\"section swatch-white-red section-normal \" ><div class=\"background-media\"><\/div><div class=\"background-overlay\" style=\"\"><\/div><div class=\"container\"><div class=\"row vertical-top\"><div class=\"col-md-12  text-default\" ><p><b>CHECK-UP DES UNTERNEHMENS<\/b><\/p>\n<ul>\n<li>Pr\u00fcfung der existierenden Marketinginstrumente f\u00fcr die Verkaufsf\u00f6rderung auf den ausl\u00e4ndischen M\u00e4rkten<\/li>\n<li>Pr\u00fcfung der innerbetrieblichen Humanressourcen , die\u00a0 f\u00fcr den Export eingesetzt werden k\u00f6nnen<\/li>\n<li>Pr\u00fcfung und Auswahl der Exportprodukte<\/li>\n<\/ul>\n<p><b>AUSLANDSM\u00c4RKTE<\/b><\/p>\n<ul>\n<li>Pr\u00fcfung des Referenzmarktes<\/li>\n<li>Analyse der Marktstr\u00f6mungen<\/li>\n<li>Analytische Pr\u00fcfung des Marktes<\/li>\n<\/ul>\n<p><b>SUCHE AUSL\u00c4NDISCHE PARTNER<\/b><\/p>\n<ul>\n<li>Identikit und Profilierung des &#8222;idealen Partners&#8220;<\/li>\n<li>Ermitteln der Warenkategorien, die zu suchen sind<\/li>\n<li>Erstellen einer ausgew\u00e4hlten Datenbank<\/li>\n<\/ul>\n<p><b>ENTWICKLUNG KONTAKTE<\/b><\/p>\n<ul>\n<li>Aktivierung der Kontakte<\/li>\n<li>Pflege und Management der Nachfragen<\/li>\n<li>Organisation von Treffen B2<\/li>\n<li>Konstante Anpassung der Aktion<\/li>\n<li>Regelm\u00e4\u00dfiges Feedback<\/li>\n<\/ul>\n<p><b>VERTRETER<\/b><\/p>\n<ul>\n<li>Suche und Auswahl der Vertreter<\/li>\n<li>Schaffung eines Verkaufsnetzes<\/li>\n<\/ul>\n<\/div><\/div><\/div><\/section><section  class=\"section swatch-white-red section-tiny footcontact\" ><div class=\"background-media\"><\/div><div class=\"background-overlay\" style=\"background-color:rgba(255,255,255,1)\"><\/div><div class=\"container\"><header class=\"section-header text-center no-underline\"><h1 class=\"headline  regular\">Suchen Sie neue M\u00e4rkte?<\/h1><\/header><div class=\"row vertical-top\"><div class=\"col-md-3  text-default\" ><\/div><div class=\"col-md-6  text-center\" ><a href=\"https:\/\/www.rubiconex.com\/de\/contatti#form\" class=\"btn btn-link btn-lg \" target=\"_self\"><i class=\"fa fa-send\"><\/i> Schreiben Sie uns<\/a><\/div><div class=\"col-md-3  text-default\" ><\/div><\/div><\/div><\/section><section  class=\"section swatch-white-red section-tiny \" ><div class=\"background-media\"><\/div><div class=\"background-overlay\" style=\"\"><\/div><div class=\"container\"><div class=\"row vertical-top\"><div class=\"col-md-12  text-default\" ><\/div><\/div><\/div><\/section>\n","protected":false},"excerpt":{"rendered":"ENTWICKLUNG BEREICH EXPORT WIR PFLEGEN IHRE M\u00d6GLICHKEITEN CHECK-UP DES UNTERNEHMENS Pr\u00fcfung der existierenden Marketinginstrumente f\u00fcr die Verkaufsf\u00f6rderung auf den ausl\u00e4ndischen M\u00e4rkten Pr\u00fcfung der innerbetrieblichen Humanressourcen , die\u00a0 f\u00fcr den Export eingesetzt werden k\u00f6nnen Pr\u00fcfung und Auswahl der Exportprodukte AUSLANDSM\u00c4RKTE Pr\u00fcfung des Referenzmarktes Analyse der Marktstr\u00f6mungen Analytische Pr\u00fcfung des Marktes SUCHE AUSL\u00c4NDISCHE PARTNER Identikit und Profilierung","protected":false},"author":5,"featured_media":0,"parent":1300,"menu_order":1,"comment_status":"closed","ping_status":"closed","template":"","meta":{"inline_featured_image":false,"footnotes":""},"class_list":["post-1323","page","type-page","status-publish","hentry"],"_links":{"self":[{"href":"https:\/\/www.rubiconex.com\/de\/wp-json\/wp\/v2\/pages\/1323","targetHints":{"allow":["GET"]}}],"collection":[{"href":"https:\/\/www.rubiconex.com\/de\/wp-json\/wp\/v2\/pages"}],"about":[{"href":"https:\/\/www.rubiconex.com\/de\/wp-json\/wp\/v2\/types\/page"}],"author":[{"embeddable":true,"href":"https:\/\/www.rubiconex.com\/de\/wp-json\/wp\/v2\/users\/5"}],"replies":[{"embeddable":true,"href":"https:\/\/www.rubiconex.com\/de\/wp-json\/wp\/v2\/comments?post=1323"}],"version-history":[{"count":0,"href":"https:\/\/www.rubiconex.com\/de\/wp-json\/wp\/v2\/pages\/1323\/revisions"}],"up":[{"embeddable":true,"href":"https:\/\/www.rubiconex.com\/de\/wp-json\/wp\/v2\/pages\/1300"}],"wp:attachment":[{"href":"https:\/\/www.rubiconex.com\/de\/wp-json\/wp\/v2\/media?parent=1323"}],"curies":[{"name":"wp","href":"https:\/\/api.w.org\/{rel}","templated":true}]}}