{"id":1287,"date":"2014-11-02T15:10:02","date_gmt":"2014-11-02T14:10:02","guid":{"rendered":"http:\/\/www.rubiconex.com\/chi_siamo-2\/"},"modified":"2017-05-29T16:37:20","modified_gmt":"2017-05-29T14:37:20","slug":"wer-wir-sind","status":"publish","type":"page","link":"https:\/\/www.rubiconex.com\/de\/wer-wir-sind\/","title":{"rendered":"Wer wir sind"},"content":{"rendered":"<section  class=\"section swatch-red-white section-short has-bottom \" ><div class=\"background-media\"><\/div><div class=\"background-overlay\" style=\"\"><\/div><div class=\"container\"><header class=\"section-header text-center no-underline\"><h1 class=\"headline super hairline\">Wer wir sind<\/h1><\/header><div class=\"row vertical-top\"><div class=\"col-md-12  text-default\" ><\/div><\/div><\/div><div class=\"decor-bottom\"><svg class=\"decor\" height=\"100%\" preserveaspectratio=\"none\" version=\"1.1\" viewbox=\"0 0 100 100\" width=\"100%\" xmlns=\"http:\/\/www.w3.org\/2000\/svg\">\n  <path d=\"M0 100 L50 0 L100 100 L100 0 L0 0\" stroke-width=\"0\"><\/path>\n<\/svg>\n<\/div><\/section><section  class=\"section swatch-white-red section-normal \" ><div class=\"background-media\"><\/div><div class=\"background-overlay\" style=\"\"><\/div><div class=\"container\"><div class=\"row vertical-top\"><div class=\"col-md-6  text-default\" ><img decoding=\"async\" alt=\"\" src=\"https:\/\/www.rubiconex.com\/wp-content\/uploads\/2014\/11\/Logo-Red-300x150.png\" class=\"aligncenter\"\/><\/div><div class=\"col-md-6  text-default\" ><p class=\"lead text-left\">Wir sind ein professionelles Team mit soliden Kenntnissen und Erfahrungen auf internationalem Niveau in verschiedenen Produktionssektoren. Seit 2009 sind wir von unserem Sitz Trento, strategische Br\u00fccke zwischen Italien und Nordeuropa, aus t\u00e4tig und erreichen die europ\u00e4ischen und au\u00dfereurop\u00e4ischen M\u00e4rkte sowohl direkt als auch \u00fcber unsere Gebietsmanager vor Ort.<\/p><\/div><\/div><\/div><\/section><section id=\"vision\" class=\"section swatch-red-white section-normal has-bottom has-top \" ><div class=\"decor-top\"><svg class=\"decor\" height=\"100%\" preserveaspectratio=\"none\" version=\"1.1\" viewbox=\"0 0 100 100\" width=\"100%\" xmlns=\"http:\/\/www.w3.org\/2000\/svg\">\n  <path d=\"M0 100 L50 0 L100 100\" stroke-width=\"0\"><\/path>\n<\/svg>\n<\/div><div class=\"background-media\"><\/div><div class=\"background-overlay\" style=\"\"><\/div><div class=\"container\"><header class=\"section-header text-center underline\"><h1 class=\"headline super hairline\">Vision<\/h1><p>Export als M\u00f6glichkeit<\/p><\/header><div class=\"row vertical-top\"><div class=\"col-md-12  text-default\" ><p class=\"lead text-center\">Der strategische Partner des Unternehmens zu sein, in der Lage, ihm beiseite zu stehen und seine Produkte im Ausland bekannt zu machen und wertsch\u00e4tzen zu lassen.<\/p><\/div><\/div><\/div><div class=\"decor-bottom\"><svg class=\"decor\" height=\"100%\" preserveaspectratio=\"none\" version=\"1.1\" viewbox=\"0 0 100 100\" width=\"100%\" xmlns=\"http:\/\/www.w3.org\/2000\/svg\">\n  <path d=\"M0 100 L50 0 L100 100 L100 0 L0 0\" stroke-width=\"0\"><\/path>\n<\/svg>\n<\/div><\/section><section id=\"mission\" class=\"section swatch-white-red section-normal \" ><div class=\"background-media\"><\/div><div class=\"background-overlay\" style=\"\"><\/div><div class=\"container\"><header class=\"section-header text-center underline\"><h1 class=\"headline super hairline\">Mission<\/h1><p>Unsere Mission, Ihr Erfolg<\/p><\/header><div class=\"row vertical-top\"><div class=\"col-md-12  text-center\" ><p class=\"lead text-center\">Kleinen und mittelgro\u00dfen Unternehmen die Ressourcen und Dienstleistungen bieten, um im globalen Markt Erfolg zu haben.<br \/>\nDas Unternehmen mit Instrumenten auszustatten, die seine Identit\u00e4t st\u00e4rken und erlauben, sich sicher auf der internationalen Arena zu behaupten.<br \/>\n<\/p><p class=\"lead text-center\">Unsere T\u00e4tigkeiten sind in 5 Bereiche unterteilt:<\/p><ul class=\"list-unstyled row  box-list\">     <li class=\"col-md-2\">\n            <div class=\"box-round box-normal\"><div class=\"box-dummy\"><\/div><a class=\"box-inner\" href=\"https:\/\/www.rubiconex.com\/de\/serviceumfang\/management-bereich-import\/\" target=\"_self\"><img decoding=\"async\" width=\"600\" height=\"600\" src=\"https:\/\/www.rubiconex.com\/wp-content\/uploads\/2014\/11\/Gestione-Import-600x600.png\" class=\"img-circle wp-post-image\" alt=\"Gestione Import\" data-animation=\"zoomIn\" srcset=\"https:\/\/www.rubiconex.com\/wp-content\/uploads\/2014\/11\/Gestione-Import-600x600.png 600w, https:\/\/www.rubiconex.com\/wp-content\/uploads\/2014\/11\/Gestione-Import-150x150.png 150w, https:\/\/www.rubiconex.com\/wp-content\/uploads\/2014\/11\/Gestione-Import-300x300.png 300w, https:\/\/www.rubiconex.com\/wp-content\/uploads\/2014\/11\/Gestione-Import.png 800w\" sizes=\"(max-width: 600px) 100vw, 600px\" \/><\/a><\/div>                <h3 class=\"text-center\">\n                    <a href=\"https:\/\/www.rubiconex.com\/de\/serviceumfang\/management-bereich-import\/\"  target=\"_self\">\n                    MANAGEMENT<br>BEREICH IMPORT                    <\/a>\n                <\/h3>\n                <\/li>\n    <li class=\"col-md-2\">\n            <div class=\"box-round box-normal\"><div class=\"box-dummy\"><\/div><a class=\"box-inner\" href=\"https:\/\/www.rubiconex.com\/de\/serviceumfang\/assistenz-bereich-export\/\" target=\"_self\"><img decoding=\"async\" width=\"600\" height=\"600\" src=\"https:\/\/www.rubiconex.com\/wp-content\/uploads\/2014\/11\/Assistenza-Export1-600x600.png\" class=\"img-circle wp-post-image\" alt=\"\" data-animation=\"zoomIn\" srcset=\"https:\/\/www.rubiconex.com\/wp-content\/uploads\/2014\/11\/Assistenza-Export1-600x600.png 600w, https:\/\/www.rubiconex.com\/wp-content\/uploads\/2014\/11\/Assistenza-Export1-150x150.png 150w, https:\/\/www.rubiconex.com\/wp-content\/uploads\/2014\/11\/Assistenza-Export1-300x300.png 300w, https:\/\/www.rubiconex.com\/wp-content\/uploads\/2014\/11\/Assistenza-Export1-90x90.png 90w, https:\/\/www.rubiconex.com\/wp-content\/uploads\/2014\/11\/Assistenza-Export1-500x500.png 500w, https:\/\/www.rubiconex.com\/wp-content\/uploads\/2014\/11\/Assistenza-Export1-700x700.png 700w, https:\/\/www.rubiconex.com\/wp-content\/uploads\/2014\/11\/Assistenza-Export1.png 800w\" sizes=\"(max-width: 600px) 100vw, 600px\" \/><\/a><\/div>                <h3 class=\"text-center\">\n                    <a href=\"https:\/\/www.rubiconex.com\/de\/serviceumfang\/assistenz-bereich-export\/\"  target=\"_self\">\n                    ASSISTENZ<br>BEREICH EXPORT                    <\/a>\n                <\/h3>\n                <\/li>\n    <li class=\"col-md-2\">\n            <div class=\"box-round box-normal\"><div class=\"box-dummy\"><\/div><a class=\"box-inner\" href=\"https:\/\/www.rubiconex.com\/de\/serviceumfang\/management-bereich-export\/\" target=\"_self\"><img decoding=\"async\" width=\"600\" height=\"600\" src=\"https:\/\/www.rubiconex.com\/wp-content\/uploads\/2014\/11\/Gestione-Export2-600x600.png\" class=\"img-circle wp-post-image\" alt=\"\" data-animation=\"zoomIn\" srcset=\"https:\/\/www.rubiconex.com\/wp-content\/uploads\/2014\/11\/Gestione-Export2-600x600.png 600w, https:\/\/www.rubiconex.com\/wp-content\/uploads\/2014\/11\/Gestione-Export2-150x150.png 150w, https:\/\/www.rubiconex.com\/wp-content\/uploads\/2014\/11\/Gestione-Export2-300x300.png 300w, https:\/\/www.rubiconex.com\/wp-content\/uploads\/2014\/11\/Gestione-Export2-90x90.png 90w, https:\/\/www.rubiconex.com\/wp-content\/uploads\/2014\/11\/Gestione-Export2-500x500.png 500w, https:\/\/www.rubiconex.com\/wp-content\/uploads\/2014\/11\/Gestione-Export2-700x700.png 700w, https:\/\/www.rubiconex.com\/wp-content\/uploads\/2014\/11\/Gestione-Export2.png 800w\" sizes=\"(max-width: 600px) 100vw, 600px\" \/><\/a><\/div>                <h3 class=\"text-center\">\n                    <a href=\"https:\/\/www.rubiconex.com\/de\/serviceumfang\/management-bereich-export\/\"  target=\"_self\">\n                    MANAGEMENT<br>BEREICH EXPORT                    <\/a>\n                <\/h3>\n                <\/li>\n    <li class=\"col-md-2\">\n            <div class=\"box-round box-normal\"><div class=\"box-dummy\"><\/div><a class=\"box-inner\" href=\"https:\/\/www.rubiconex.com\/de\/serviceumfang\/entwicklung-bereich-export\/\" target=\"_self\"><img decoding=\"async\" width=\"600\" height=\"600\" src=\"https:\/\/www.rubiconex.com\/wp-content\/uploads\/2014\/11\/Sviluppo-Export1-600x600.png\" class=\"img-circle wp-post-image\" alt=\"\" data-animation=\"zoomIn\" srcset=\"https:\/\/www.rubiconex.com\/wp-content\/uploads\/2014\/11\/Sviluppo-Export1-600x600.png 600w, https:\/\/www.rubiconex.com\/wp-content\/uploads\/2014\/11\/Sviluppo-Export1-150x150.png 150w, https:\/\/www.rubiconex.com\/wp-content\/uploads\/2014\/11\/Sviluppo-Export1-300x300.png 300w, https:\/\/www.rubiconex.com\/wp-content\/uploads\/2014\/11\/Sviluppo-Export1-90x90.png 90w, https:\/\/www.rubiconex.com\/wp-content\/uploads\/2014\/11\/Sviluppo-Export1-500x500.png 500w, https:\/\/www.rubiconex.com\/wp-content\/uploads\/2014\/11\/Sviluppo-Export1-700x700.png 700w, https:\/\/www.rubiconex.com\/wp-content\/uploads\/2014\/11\/Sviluppo-Export1.png 800w\" sizes=\"(max-width: 600px) 100vw, 600px\" \/><\/a><\/div>                <h3 class=\"text-center\">\n                    <a href=\"https:\/\/www.rubiconex.com\/de\/serviceumfang\/entwicklung-bereich-export\/\"  target=\"_self\">\n                    ENTWICKLUNG<br>BEREICH EXPORT                    <\/a>\n                <\/h3>\n                <\/li>\n    <li class=\"col-md-2\">\n            <div class=\"box-round box-normal\"><div class=\"box-dummy\"><\/div><a class=\"box-inner\" href=\"https:\/\/www.rubiconex.com\/de\/serviceumfang\/uebersicht\/\" target=\"_self\"><img decoding=\"async\" width=\"600\" height=\"600\" src=\"https:\/\/www.rubiconex.com\/wp-content\/uploads\/2014\/11\/Rubiconex-Logo1-600x600.png\" class=\"img-circle wp-post-image\" alt=\"\" data-animation=\"zoomIn\" srcset=\"https:\/\/www.rubiconex.com\/wp-content\/uploads\/2014\/11\/Rubiconex-Logo1-600x600.png 600w, https:\/\/www.rubiconex.com\/wp-content\/uploads\/2014\/11\/Rubiconex-Logo1-150x150.png 150w, https:\/\/www.rubiconex.com\/wp-content\/uploads\/2014\/11\/Rubiconex-Logo1-300x300.png 300w, https:\/\/www.rubiconex.com\/wp-content\/uploads\/2014\/11\/Rubiconex-Logo1.png 800w\" sizes=\"(max-width: 600px) 100vw, 600px\" \/><\/a><\/div>                <h3 class=\"text-center\">\n                    <a href=\"https:\/\/www.rubiconex.com\/de\/serviceumfang\/uebersicht\/\"  target=\"_self\">\n                    SERVICE<\/br>\u00dcBERSICHT<\/br><\/br>                    <\/a>\n                <\/h3>\n                <\/li>\n    <li class=\"col-md-2\">\n            <div class=\"box-round box-normal\"><div class=\"box-dummy\"><\/div><a class=\"box-inner\" href=\"https:\/\/www.rubiconex.com\/de\/serviceumfang\/beratung-technischer-bereich\/\" target=\"_self\"><img decoding=\"async\" width=\"600\" height=\"600\" src=\"https:\/\/www.rubiconex.com\/wp-content\/uploads\/2016\/09\/ICONA-SU-ARANCIONE-800-600x600.png\" class=\"img-circle wp-post-image\" alt=\"\" data-animation=\"zoomIn\" srcset=\"https:\/\/www.rubiconex.com\/wp-content\/uploads\/2016\/09\/ICONA-SU-ARANCIONE-800-600x600.png 600w, https:\/\/www.rubiconex.com\/wp-content\/uploads\/2016\/09\/ICONA-SU-ARANCIONE-800-150x150.png 150w, https:\/\/www.rubiconex.com\/wp-content\/uploads\/2016\/09\/ICONA-SU-ARANCIONE-800-300x300.png 300w\" sizes=\"(max-width: 600px) 100vw, 600px\" \/><\/a><\/div>                <h3 class=\"text-center\">\n                    <a href=\"https:\/\/www.rubiconex.com\/de\/serviceumfang\/beratung-technischer-bereich\/\"  target=\"_self\">\n                    BERATUNG<\/br>TECHNISCHER BEREICH                    <\/a>\n                <\/h3>\n                <\/li>\n<\/ul>\n<\/div><\/div><\/div><\/section><section id=\"features\" class=\"section swatch-red-white section-normal has-top \" ><div class=\"decor-top\"><svg class=\"decor\" height=\"100%\" preserveaspectratio=\"none\" version=\"1.1\" viewbox=\"0 0 100 100\" width=\"100%\" xmlns=\"http:\/\/www.w3.org\/2000\/svg\">\n  <path d=\"M0 0 L50 100 L100 0 L100 100 L0 100\" stroke-width=\"0\"><\/path>\n<\/svg>\n<\/div><div class=\"background-media\"><\/div><div class=\"background-overlay\" style=\"\"><\/div><div class=\"container\"><header class=\"section-header text-center underline\"><h1 class=\"headline super hairline\">Warum mit uns im Ausland<\/h1><\/header><div class=\"row vertical-top\"><div class=\"col-md-12  text-default\" ><p style=\"text-align: center;\"><strong>Das sind die Pluspunkte die wir bieten:<\/strong><\/p>\n<\/div><div class=\"col-md-3  text-left\" ><\/div><div class=\"col-md-6  text-default\" ><ul>\n<li style=\"text-align: left;\">Radikale Minderung der Betriebsfestkosten<\/li>\n<li style=\"text-align: left;\">Bew\u00e4ltigung aller Sprachbarrieren<\/li>\n<li style=\"text-align: left;\">Wirkungsvolle Aktionen, die vom internationalen Netz garantiert sind<\/li>\n<li style=\"text-align: left;\">Flexible und modulierbare Dienste nach Ma\u00df<\/li>\n<li style=\"text-align: left;\">Zuverl\u00e4ssigkeit, langfristiges Verh\u00e4ltnis auf Vertrauensbasis<\/li>\n<\/ul>\n<\/div><div class=\"col-md-3  text-default\" ><\/div><\/div><\/div><\/section><section  class=\"section swatch-white-red section-normal \" ><div class=\"background-media\"><\/div><div class=\"background-overlay\" style=\"\"><\/div><div class=\"container\"><header class=\"section-header text-center no-underline\"><h1 class=\"headline  regular\">M\u00f6chten Sie exportieren?<\/h1><p>Die schriftliche Kommunikation, so authentisch, klar und synthetisch sie auch sein mag, ersetzt nicht den direkten Kontakt, der weit aus tiefer geht. Wenn Ihr Interesse und die Situation Ihres Unternehmens es Ihnen nahelegen, zu exportieren, laden wir Sie ein, uns zu schreiben, anzurufen oder bei unserem Sitz in Lavis (Trento) vorbeizukommen.<\/p><\/header><div class=\"row vertical-top\"><div class=\"col-md-2  text-default\" ><\/div><div class=\"col-md-8  text-center\" ><a href=\"https:\/\/www.rubiconex.com\/de\/contatti#form\" class=\"btn btn-primary btn-lg \" target=\"_self\"><i class=\"fa fa-send-o\"><\/i> Schreiben Sie uns<\/a><\/div><div class=\"col-md-2  text-default\" ><\/div><\/div><\/div><\/section>\n","protected":false},"excerpt":{"rendered":"","protected":false},"author":5,"featured_media":0,"parent":0,"menu_order":0,"comment_status":"open","ping_status":"open","template":"","meta":{"inline_featured_image":false,"footnotes":""},"class_list":["post-1287","page","type-page","status-publish","hentry"],"_links":{"self":[{"href":"https:\/\/www.rubiconex.com\/de\/wp-json\/wp\/v2\/pages\/1287","targetHints":{"allow":["GET"]}}],"collection":[{"href":"https:\/\/www.rubiconex.com\/de\/wp-json\/wp\/v2\/pages"}],"about":[{"href":"https:\/\/www.rubiconex.com\/de\/wp-json\/wp\/v2\/types\/page"}],"author":[{"embeddable":true,"href":"https:\/\/www.rubiconex.com\/de\/wp-json\/wp\/v2\/users\/5"}],"replies":[{"embeddable":true,"href":"https:\/\/www.rubiconex.com\/de\/wp-json\/wp\/v2\/comments?post=1287"}],"version-history":[{"count":0,"href":"https:\/\/www.rubiconex.com\/de\/wp-json\/wp\/v2\/pages\/1287\/revisions"}],"wp:attachment":[{"href":"https:\/\/www.rubiconex.com\/de\/wp-json\/wp\/v2\/media?parent=1287"}],"curies":[{"name":"wp","href":"https:\/\/api.w.org\/{rel}","templated":true}]}}